{"id":112526,"date":"2025-09-16T12:00:35","date_gmt":"2025-09-16T10:00:35","guid":{"rendered":"https:\/\/industriasoriol.com\/rechtliche-hinweise\/"},"modified":"2025-10-07T12:47:35","modified_gmt":"2025-10-07T10:47:35","slug":"rechtliche-hinweise","status":"publish","type":"page","link":"https:\/\/industriasoriol.com\/de\/rechtliche-hinweise\/","title":{"rendered":"Rechtliche Hinweise"},"content":{"rendered":"\n<div class=\"wp-block-group has-global-padding is-layout-constrained wp-container-core-group-is-layout-13d58ebb wp-block-group-is-layout-constrained\">\n<p class=\"has-text-align-left\">Rechtliche Hinweise<\/p>\n\n\n\n<p>In \u00dcbereinstimmung mit der Informationspflicht gem\u00e4\u00df Gesetz 34\/2002 vom 11. Juli \u00fcber Dienste der Informationsgesellschaft und elektronischen Handel (LSSI-CE) wird Folgendes gemeldet:<\/p>\n\n\n\n<h2 class=\"wp-block-heading\" style=\"font-size:30px\">Website-Inhaber<\/h2>\n\n\n\n<p>Diese Website geh\u00f6rt:<br\/> <strong>Industrial Oriol SA<\/strong><br\/> <strong>Adresse:<\/strong> Asunci\u00f3n City 56, Barcelona<br\/> <strong>Telefon:<\/strong> +34 93 274 07 84<br\/> <strong>E-Mail:<\/strong> <a>ventas@eurostil.com<\/a><\/p>\n\n\n\n<h2 class=\"wp-block-heading\" style=\"font-size:30px\">Zweck der Website<\/h2>\n\n\n\n<p>Der Zweck der Website besteht darin, Informationen \u00fcber Produkte, Dienstleistungen und Neuigkeiten von <strong>Industrial Oriol<\/strong> bereitzustellen und den Kontakt mit Kunden und H\u00e4ndlern zu erleichtern.<\/p>\n\n\n\n<h2 class=\"wp-block-heading\" style=\"font-size:30px\">Nutzungsbedingungen<\/h2>\n\n\n\n<p>Der Zugriff auf diese Website setzt die vollst\u00e4ndige und vorbehaltlose Annahme dieser allgemeinen Nutzungsbedingungen voraus.<br\/> Der Benutzer verpflichtet sich, die Website sowie ihre Inhalte und Dienste angemessen zu nutzen und dabei stets die geltenden Gesetze zu beachten.<\/p>\n\n\n\n<p><strong>Industrial Oriol SA<\/strong> beh\u00e4lt sich das Recht vor, die Darstellung, Konfiguration und den Inhalt der Website sowie diese Allgemeinen Gesch\u00e4ftsbedingungen jederzeit und ohne vorherige Ank\u00fcndigung zu \u00e4ndern.<\/p>\n\n\n\n<h2 class=\"wp-block-heading\" style=\"font-size:30px\">Geistiges Eigentum<\/h2>\n\n\n\n<p>Alle Inhalte dieser Website (Texte, Bilder, Design, Struktur usw.) sind durch geistige Eigentumsrechte gesch\u00fctzt und Eigentum von <strong>Industrial Oriol SA<\/strong> , sofern nicht anders angegeben. Die Vervielf\u00e4ltigung, Verbreitung oder \u00c4nderung ohne ausdr\u00fcckliche Genehmigung ist untersagt. <\/p>\n\n\n\n<h2 class=\"wp-block-heading\" style=\"font-size:30px\">Verantwortung<\/h2>\n\n\n\n<p><strong>Industrial Oriol SA<\/strong> ist nicht verantwortlich f\u00fcr den Missbrauch der Inhalte dieser Website oder f\u00fcr Sch\u00e4den oder Verluste, die durch den Zugriff auf die hierin enthaltenen Informationen oder deren Verwendung entstehen k\u00f6nnen.<br\/> Sie ist auch nicht verantwortlich f\u00fcr den Inhalt externer Seiten, auf die von dieser Website aus verwiesen wird.<\/p>\n\n\n\n<h2 class=\"wp-block-heading\" style=\"font-size:30px\">Geltende Gesetzgebung<\/h2>\n\n\n\n<p>Diese Allgemeinen Gesch\u00e4ftsbedingungen unterliegen spanischem Recht. F\u00fcr alle Streitigkeiten, die sich aus dem Zugriff auf die Website oder deren Nutzung ergeben, unterwerfen sich die Parteien der Gerichtsbarkeit der Gerichte der Stadt <strong>Barcelona<\/strong> und verzichten ausdr\u00fccklich auf jeden anderen Gerichtsstand. <\/p>\n\n\n\n<div style=\"height:100px\" aria-hidden=\"true\" class=\"wp-block-spacer\"><\/div>\n<\/div>\n","protected":false},"excerpt":{"rendered":"<p>Rechtliche Hinweise In \u00dcbereinstimmung mit der Informationspflicht gem\u00e4\u00df Gesetz 34\/2002 vom 11. Juli \u00fcber Dienste der Informationsgesellschaft und elektronischen Handel (LSSI-CE) wird Folgendes gemeldet: Website-Inhaber Diese Website geh\u00f6rt: Industrial Oriol SA Adresse: Asunci\u00f3n City 56, Barcelona Telefon: +34 93 274 07 84 E-Mail: ventas@eurostil.com Zweck der Website Der Zweck der Website besteht darin, Informationen \u00fcber [&hellip;]<\/p>\n","protected":false},"author":1,"featured_media":0,"parent":0,"menu_order":0,"comment_status":"closed","ping_status":"closed","template":"","meta":{"_eb_attr":"","footnotes":""},"class_list":["post-112526","page","type-page","status-publish","hentry"],"_links":{"self":[{"href":"https:\/\/industriasoriol.com\/de\/wp-json\/wp\/v2\/pages\/112526","targetHints":{"allow":["GET"]}}],"collection":[{"href":"https:\/\/industriasoriol.com\/de\/wp-json\/wp\/v2\/pages"}],"about":[{"href":"https:\/\/industriasoriol.com\/de\/wp-json\/wp\/v2\/types\/page"}],"author":[{"embeddable":true,"href":"https:\/\/industriasoriol.com\/de\/wp-json\/wp\/v2\/users\/1"}],"replies":[{"embeddable":true,"href":"https:\/\/industriasoriol.com\/de\/wp-json\/wp\/v2\/comments?post=112526"}],"version-history":[{"count":1,"href":"https:\/\/industriasoriol.com\/de\/wp-json\/wp\/v2\/pages\/112526\/revisions"}],"predecessor-version":[{"id":112527,"href":"https:\/\/industriasoriol.com\/de\/wp-json\/wp\/v2\/pages\/112526\/revisions\/112527"}],"wp:attachment":[{"href":"https:\/\/industriasoriol.com\/de\/wp-json\/wp\/v2\/media?parent=112526"}],"curies":[{"name":"wp","href":"https:\/\/api.w.org\/{rel}","templated":true}]}}