{"id":112602,"date":"2025-08-29T08:43:00","date_gmt":"2025-08-29T06:43:00","guid":{"rendered":"https:\/\/industriasoriol.com\/datenschutz\/"},"modified":"2025-10-07T18:17:53","modified_gmt":"2025-10-07T16:17:53","slug":"datenschutz","status":"publish","type":"page","link":"https:\/\/industriasoriol.com\/de\/datenschutz\/","title":{"rendered":"Datenschutz"},"content":{"rendered":"\n<div class=\"wp-block-group has-global-padding is-layout-constrained wp-block-group-is-layout-constrained\">\n<div class=\"wp-block-group alignwide has-global-padding is-layout-constrained wp-block-group-is-layout-constrained\">\n<div style=\"height:100px\" aria-hidden=\"true\" class=\"wp-block-spacer\"><\/div>\n\n\n\n<h2 class=\"wp-block-heading\">POLITIK ZUM SCHUTZ DER PRIVATSPH\u00c4RE UND ZUM DATENSCHUTZ<\/h2>\n\n\n\n<p>\u00dcber diese Website (www.eurostil.com) erheben wir personenbezogene Daten, die f\u00fcr die Verwaltung und Wartung einiger unserer Dienste erforderlich sind.<\/p>\n\n\n\n<p>Wir informieren Sie dar\u00fcber, dass DER BETREIBER DER WEBSITE (Data Controller) das Organgesetz 3\/2018 vom 5. Dezember \u00fcber den Schutz personenbezogener Daten und die Gew\u00e4hrleistung digitaler Rechte (im Folgenden LOPDGDD), die EU-Verordnung 2016\/679 \u00fcber den Datenschutz (im Folgenden RGPD) und andere geltende und jederzeit anwendbare Vorschriften einh\u00e4lt, die die korrekte Verwendung und Verarbeitung der personenbezogenen Daten des Nutzers gew\u00e4hrleisten.<\/p>\n\n\n\n<p>Gem\u00e4\u00df Artikel 13 der RGPD und Artikel 11 LOPDGDD gilt diese Datenschutzerkl\u00e4rung f\u00fcr die Verarbeitung personenbezogener Daten, die INDUSTRIAS ORIOL 1942, SL als Verantwortlicher f\u00fcr die Datenverarbeitung in Bezug auf die Daten vornimmt, die Nutzer und\/oder Kunden (nat\u00fcrliche Personen) im Rahmen von Informationsanfragen und\/oder Vertr\u00e4gen \u00fcber die Dienstleistungen und\/oder Produkte, die sie \u00fcber ihre Website anbietet und vertreibt, zur Verf\u00fcgung stellen oder die in einem der Bereiche der Website gesammelt werden.<\/p>\n\n\n\n<p><strong>IDENTIT\u00c4T DES F\u00dcR DIE VERARBEITUNG IHRER PERS\u00d6NLICHEN DATEN VERANTWORTLICHEN<\/strong><\/p>\n\n\n\n<ul class=\"wp-block-list\">\n<li><strong>Inhaber der Datenverarbeitung<\/strong>: INDUSTRIAS ORIOL 1942, SL<\/li>\n\n\n\n<li><strong>Anschrift<\/strong>: C\/ CIUDAD DE ASUNCION, 56 &#8211; 08030 BARCELONA<\/li>\n\n\n\n<li><strong>MEHRWERTSTEUER-NUMMER<\/strong>: B66324880<\/li>\n\n\n\n<li><strong>E-Mail<\/strong>: info@eurostil.com<\/li>\n<\/ul>\n\n\n\n<h2 class=\"wp-block-heading\">ZWECKE DER VERARBEITUNG IHRER PERSONENBEZOGENEN DATEN<\/h2>\n\n\n\n<p>Ihre pers\u00f6nlichen Daten werden f\u00fcr den allgemeinen Zweck der Verwaltung und Kontrolle der eingegangenen Gesch\u00e4ftsbeziehung und insbesondere f\u00fcr folgende Zwecke verwendet:<\/p>\n\n\n\n<ul class=\"wp-block-list\">\n<li>Um den vollst\u00e4ndigen Zugang und die korrekte Nutzung der Dienste und\/oder Produkte durch die Nutzer zu verwalten.<\/li>\n\n\n\n<li>Zur Kommunikation mit Nutzern als Reaktion auf Vorf\u00e4lle, W\u00fcnsche, Kommentare und Fragen, die Sie uns \u00fcber die Dienste und\/oder Produkte sowie die Kontaktformulare auf unserer Website (einschlie\u00dflich E-Mails und\/oder Telefonanrufe) stellen.<\/li>\n\n\n\n<li>Zur Bereitstellung, Aktualisierung, Pflege und zum Schutz der Dienste und\/oder Produkte und Aktivit\u00e4ten.<\/li>\n\n\n\n<li>Um neue Dienstleistungen und\/oder Produkte, Sonderangebote oder Updates anzubieten.<\/li>\n\n\n\n<li>Verwalten Sie gegebenenfalls die Personalauswahlprozesse bei der Auswahl von Angestellten und\/oder Mitarbeitern.<\/li>\n\n\n\n<li>Mitteilungen: Wir k\u00f6nnen Ihnen E-Mails, Nachrichten und andere Mitteilungen \u00fcber die Dienste und\/oder Produkte, technische Probleme und \u00c4nderungen der Dienste und\/oder Produkte senden. Diese Mitteilungen werden als Teil der Dienste und\/oder Produkte betrachtet und Sie k\u00f6nnen sie nicht abbestellen. <\/li>\n\n\n\n<li>Gegebenenfalls kommerzielle Mitteilungen (Marketing): Wir k\u00f6nnen Ihre Daten verwenden, um Sie sowohl elektronisch als auch nicht-elektronisch zu kontaktieren, um Umfragen durchzuf\u00fchren, Ihre Meinung zu den angebotenen Dienstleistungen einzuholen und Sie gelegentlich \u00fcber \u00c4nderungen, wichtige Entwicklungen bei Dienstleistungen und\/oder Produkten, Angebote und\/oder Werbeaktionen unserer Dienstleistungen und\/oder Produkte oder von mit uns verbundenen Drittunternehmen zu informieren. Diese kommerziellen Angebote bed\u00fcrfen in jedem Fall der ausdr\u00fccklichen und gesonderten Zustimmung des Nutzers, der seine Einwilligung zum Erhalt dieser Benachrichtigungen jederzeit \u00fcber den zu diesem Zweck eingerichteten Mechanismus oder \u00fcber die Einstellungen des Kundenkontos widerrufen kann. <\/li>\n<\/ul>\n\n\n\n<p>Wir werden Ihre personenbezogenen Daten nicht f\u00fcr andere als die oben beschriebenen Zwecke verarbeiten, es sei denn, wir sind gesetzlich oder per Gerichtsbeschluss dazu verpflichtet.<\/p>\n\n\n\n<h2 class=\"wp-block-heading\">AUFBEWAHRUNGSZEITRAUM<\/h2>\n\n\n\n<p>Die zur Verf\u00fcgung gestellten personenbezogenen Daten werden so lange aufbewahrt und verarbeitet, wie das Dienstleistungs- und\/oder Produktbereitstellungsverh\u00e4ltnis aufrechterhalten wird, unbeschadet der M\u00f6glichkeit, Ihre Datenschutzrechte auszu\u00fcben (Zugang, Berichtigung, L\u00f6schung, Widerspruch, Einschr\u00e4nkung, \u00dcbertragbarkeit und das Recht, keinen automatisierten Einzelentscheidungen unterworfen zu werden).<\/p>\n\n\n\n<p>Die pers\u00f6nlichen Daten von Personen, die an Informationen \u00fcber Dienstleistungen und\/oder Produkte interessiert sind, bleiben auf unbestimmte Zeit im System gespeichert, solange der Interessent nicht ihre L\u00f6schung beantragt.<\/p>\n\n\n\n<h2 class=\"wp-block-heading\">LEGITIMIERUNG DER VERARBEITUNG<\/h2>\n\n\n\n<p>INDUSTRIAS ORIOL 1942, SL verarbeitet Ihre personenbezogenen Daten auf der Grundlage der folgenden zwei (2) Rechtsgrundlagen: <strong>Einwilligung der betroffenen Person<\/strong> (1) und <strong>berechtigtes Interesse<\/strong> (2).<\/p>\n\n\n\n<ol class=\"wp-block-list\">\n<li><strong>Die Zustimmung der betroffenen Person<\/strong> zu den oben beschriebenen Zwecken, die eingeholt wird:<\/li>\n<\/ol>\n\n\n\n<ul class=\"wp-block-list\">\n<li>Vor der Verarbeitung Ihrer Daten,<\/li>\n\n\n\n<li>W\u00e4hrend Sie sich als Kunde registrieren oder,<\/li>\n\n\n\n<li>Wenn Sie INDUSTRIAS ORIOL 1942, SL Mitteilungen senden, INDUSTRIAS ORIOL 1942, SL .<\/li>\n<\/ul>\n\n\n\n<p>Informationsanfragen, die Sie an uns richten, setzen voraus, dass der Interessent uns freiwillig die Daten zur Verf\u00fcgung stellt, die erforderlich sind, um Sie zu betreuen oder Ihnen die Dienstleistungen und\/oder Produkte zu liefern. Der Interessent kann sich jedoch freiwillig weigern, uns diese Daten zur Verf\u00fcgung zu stellen, oder die zuvor erteilte Zustimmung zur Verarbeitung seiner Daten nachtr\u00e4glich widerrufen, obwohl diese Weigerung es uns unm\u00f6glich macht, seine Anfrage zu bearbeiten. <\/p>\n\n\n\n<ol start=\"2\" class=\"wp-block-list\">\n<li><strong>Das berechtigte Interesse<\/strong> von INDUSTRIAS ORIOL 1942, SL, die Loyalit\u00e4t seiner Kunden und\/oder Nutzer zu erhalten und ihre Erwartungen oder zuvor ge\u00e4u\u00dferten Interessen besser zu erf\u00fcllen, z.B.: Produkte zu verbessern, Anfragen, Anfragen oder Beschwerden zu bearbeiten, \u00e4hnliche Produkte wie die vertraglich vereinbarten anzubieten, Informationen \u00fcber Werbeaktionen zu liefern, usw., unbeschadet der Einhaltung anderer Verpflichtungen von INDUSTRIAS ORIOL 1942, SL in Bezug auf die Versendung kommerzieller Mitteilungen auf elektronischem Wege.<\/li>\n<\/ol>\n\n\n\n<p>INDUSTRIAS ORIOL 1942, SL geht davon aus, dass der Interessent durch die Bereitstellung dieser Daten die Verantwortung f\u00fcr deren Wahrhaftigkeit, Aktualit\u00e4t und Genauigkeit \u00fcbernimmt und dass er\/sie die Verarbeitung dieser Daten f\u00fcr die oben beschriebenen Zwecke akzeptiert und ausdr\u00fccklich damit einverstanden ist.<\/p>\n\n\n\n<h2 class=\"wp-block-heading\">EMPF\u00c4NGERN VON ABTRETUNGEN ODER \u00dcBERWEISUNGEN.<\/h2>\n\n\n\n<p>Im Allgemeinen wird INDUSTRIAS ORIOL 1942, SL Ihre personenbezogenen Daten nicht an Dritte weitergeben, es sei denn, wir sind dazu gesetzlich verpflichtet oder Sie haben uns bei der Nutzung unserer Dienstleistungen und\/oder Produkte ausdr\u00fccklich dazu erm\u00e4chtigt.<\/p>\n\n\n\n<p>INDUSTRIAS ORIOL 1942, SL wird keine internationalen \u00dcbertragungen der \u00fcber diese Website erhobenen personenbezogenen Daten vornehmen, mit Ausnahme der folgenden F\u00e4lle:<\/p>\n\n\n\n<ul class=\"wp-block-list\">\n<li>Die internationale \u00dcbermittlung von Daten ist f\u00fcr die Erf\u00fcllung eines Vertrags oder vorvertraglicher Ma\u00dfnahmen erforderlich, an denen die betroffene Person beteiligt ist.<\/li>\n\n\n\n<li>dass die internationale Daten\u00fcbermittlung f\u00fcr die Anwendung der geltenden Rechtsvorschriften erforderlich ist.<\/li>\n\n\n\n<li>dass die internationale Daten\u00fcbermittlung mit der ausdr\u00fccklichen Zustimmung der betroffenen Person erfolgt.<\/li>\n\n\n\n<li>Dass der internationale Datentransfer stattfindet, weil die Website auf Servern gehostet wird, die sich au\u00dferhalb des Europ\u00e4ischen Wirtschaftsraums befinden.<\/li>\n<\/ul>\n\n\n\n<p>In jedem Fall wird INDUSTRIAS ORIOL 1942, SL in den F\u00e4llen, in denen ein internationaler Datentransfer stattfinden kann, \u00fcberpr\u00fcfen, ob das Land, in das die Daten importiert werden, ein angemessenes Schutzniveau in Anwendung der geltenden Vorschriften gew\u00e4hrleistet.<\/p>\n\n\n\n<h2 class=\"wp-block-heading\">DIE RECHTE DER BETROFFENEN PERSONEN.<\/h2>\n\n\n\n<p>Die Datenschutzgesetze erm\u00f6glichen Ihnen die Aus\u00fcbung Ihrer Rechte auf Auskunft, Berichtigung, Widerspruch, L\u00f6schung (&#8222;Recht auf Vergessenwerden&#8220;), Einschr\u00e4nkung der Verarbeitung, \u00dcbertragbarkeit und das Recht, nicht Gegenstand individualisierter Entscheidungen vor dem f\u00fcr die Datenverarbeitung Verantwortlichen zu sein:<\/p>\n\n\n\n<ul class=\"wp-block-list\">\n<li>Auskunftsrecht: Erm\u00f6glicht es der betroffenen Person, Informationen \u00fcber ihre personenbezogenen Daten, die Gegenstand der Verarbeitung sind, zu erfahren und zu erhalten.<\/li>\n\n\n\n<li>Recht auf Berichtigung: Erm\u00f6glicht es Ihnen, Fehler zu korrigieren, Daten zu \u00e4ndern, die sich als unrichtig oder unvollst\u00e4ndig erweisen, und die Richtigkeit Ihrer pers\u00f6nlichen Daten zu gew\u00e4hrleisten.<\/li>\n\n\n\n<li>Recht auf L\u00f6schung: Erlaubt Ihnen, die L\u00f6schung Ihrer pers\u00f6nlichen Daten zu verlangen, wenn diese f\u00fcr die Ausf\u00fchrung oder Bereitstellung des Dienstes nicht mehr erforderlich sind.<\/li>\n\n\n\n<li>Widerspruchsrecht: Dies erm\u00f6glicht es der betroffenen Person, die Verarbeitung ihrer personenbezogenen Daten zu verhindern oder zu stoppen, es sei denn, dies geschieht aus legitimen Gr\u00fcnden oder zur Geltendmachung oder Verteidigung m\u00f6glicher Anspr\u00fcche; in diesem Fall werden die Daten f\u00fcr den entsprechenden Zeitraum gesperrt.<\/li>\n\n\n\n<li>Recht auf Widerspruch gegen die Zusendung von Werbung: Betroffene Personen k\u00f6nnen sich gegen die Zusendung von kommerziellen Mitteilungen wehren. In diesem Fall k\u00f6nnen sie ihre Zustimmung zum Erhalt dieser Mitteilungen jederzeit widerrufen. <\/li>\n\n\n\n<li>Einschr\u00e4nkung der Verarbeitung: Unter bestimmten Umst\u00e4nden k\u00f6nnen betroffene Personen die Einschr\u00e4nkung der Verarbeitung ihrer Daten verlangen. In diesem Fall werden die Daten nur zur Geltendmachung oder Verteidigung von Anspr\u00fcchen gespeichert.<\/li>\n\n\n\n<li>Daten\u00fcbertragbarkeit: Betroffene Personen k\u00f6nnen beantragen, die sie betreffenden Daten, die sie uns zur Verf\u00fcgung gestellt haben, in einem strukturierten, g\u00e4ngigen und maschinenlesbaren Format zu erhalten oder &#8211; sofern technisch m\u00f6glich &#8211; an einen anderen f\u00fcr die Datenverarbeitung Verantwortlichen ihrer Wahl zu \u00fcbermitteln.<\/li>\n\n\n\n<li>Recht, keiner automatisierten Einzelentscheidung (einschlie\u00dflich Profiling) unterworfen zu werden: Betroffene Personen haben das Recht, nicht einer Entscheidung unterworfen zu werden, die auf einer automatisierten Verarbeitung beruht und Auswirkungen hat oder sie erheblich beeintr\u00e4chtigt.<\/li>\n\n\n\n<li>M\u00f6glichkeit des Widerrufs der Einwilligung: Die betroffene Person hat das Recht, die erteilte Einwilligung jederzeit zu widerrufen, ohne dass dadurch die Rechtm\u00e4\u00dfigkeit der Verarbeitung, die auf der zum Zeitpunkt der \u00dcbermittlung ihrer Daten an uns erteilten Einwilligung beruht, ber\u00fchrt wird.<\/li>\n<\/ul>\n\n\n\n<p>Wenn Sie eines der oben genannten Rechte aus\u00fcben m\u00f6chten, wenden Sie sich bitte an uns unter Verwendung der Kontaktdaten, die unter &#8222;Identifizierung des Verantwortlichen f\u00fcr die Verarbeitung personenbezogener Daten&#8220; aufgef\u00fchrt sind, einschlie\u00dflich folgender Angaben: Vor- und Nachname, ID-Nummer, Post- und E-Mail-Kontaktadresse, unter Angabe der Art des Rechts und der Bedingungen daf\u00fcr.<\/p>\n\n\n\n<p>M\u00f6glichkeit der Beschwerde bei der Aufsichtsbeh\u00f6rde: INDUSTRIAS ORIOL 1942, SL informiert Sie auch \u00fcber Ihr Recht, eine Beschwerde bei der spanischen Datenschutzbeh\u00f6rde (www.agpd.es) einzureichen, wenn Sie der Meinung sind, dass die Datenverarbeitung nicht den geltenden Rechtsvorschriften entspricht.<\/p>\n\n\n\n<h2 class=\"wp-block-heading\">ZUS\u00c4TZLICHE INFORMATIONEN<\/h2>\n\n\n\n<p><strong>Aufbewahrung bestimmter Daten<\/strong><strong> <\/strong><\/p>\n\n\n\n<p>INDUSTRIAS ORIOL 1942, SL teilt mit, dass es gem\u00e4\u00df den Bestimmungen des Gesetzes 25\/2007 vom 18. Oktober \u00fcber die Aufbewahrung von Daten im Zusammenhang mit elektronischer Kommunikation und \u00f6ffentlichen Kommunikationsnetzen bestimmte Verkehrsdaten, die w\u00e4hrend der Entwicklung der Kommunikation generiert werden, aufbewahren und aufbewahren muss, um sie an die zust\u00e4ndigen Beh\u00f6rden zu \u00fcbermitteln, wenn die darin vorgesehenen rechtlichen Voraussetzungen erf\u00fcllt sind.<\/p>\n\n\n\n<p><strong>Registrierte Daten<\/strong><\/p>\n\n\n\n<p>Unsere Server sammeln automatisch Informationen, wenn Sie die Dienste der Websites nutzen. Diese Protokolldaten k\u00f6nnen die IP-Adresse, die Identifikation des Ger\u00e4ts, von dem aus auf die Produkte zugegriffen wird, das Betriebssystem und die Ger\u00e4tekonfiguration umfassen. <\/p>\n\n\n\n<p><strong>Sicherheitsma\u00dfnahmen<\/strong><\/p>\n\n\n\n<p>Des Weiteren werden Sie dar\u00fcber informiert, dass DER BETREIBER DER WEBSITE (Data Controller) die notwendigen technischen und organisatorischen Sicherheitsma\u00dfnahmen ergriffen hat, um die Sicherheit Ihrer pers\u00f6nlichen Daten zu gew\u00e4hrleisten und deren Ver\u00e4nderung, Verlust und unbefugte Verarbeitung und\/oder Zugriff zu verhindern, wobei der Stand der Technik, die Art der gespeicherten Daten und die Risiken, denen sie ausgesetzt sind, sei es durch menschliches Handeln oder durch die physische oder nat\u00fcrliche Umgebung, ber\u00fccksichtigt werden. Dar\u00fcber hinaus wurden zus\u00e4tzliche Ma\u00dfnahmen ergriffen, um die Vertraulichkeit und Integrit\u00e4t der Informationen in der Organisation zu st\u00e4rken. Kontinuierliche \u00dcberwachung, Kontrolle und Bewertung der Prozesse, um die Einhaltung des Datenschutzes zu gew\u00e4hrleisten.  <\/p>\n\n\n\n<h2 class=\"wp-block-heading\">DATENSCHUTZBESTIMMUNGEN F\u00dcR SOZIALE NETZWERKE<\/h2>\n\n\n\n<p>Die vorliegende Datenschutzrichtlinie f\u00fcr soziale Netzwerke des WEBSITE-BESITZERS (Datenverantwortlicher), \u00fcber die personenbezogenen Daten von Nutzern bei der Registrierung \u00fcber das Profil und\/oder beim Browsen mit ihrem sozialen Netzwerk. Indem Sie sich mit Ihrer ID bei sozialen Netzwerken anmelden, stimmen Sie ausdr\u00fccklich der Verarbeitung Ihrer personenbezogenen Daten gem\u00e4\u00df der vorliegenden Datenschutzrichtlinie zu. <\/p>\n\n\n\n<p>Benutzer, die ihre pers\u00f6nlichen Daten mit den \u00fcber ihr Konto und\/oder Benutzerprofil auf sozialen Netzwerken verf\u00fcgbaren Informationen zur Verf\u00fcgung stellen, werden dar\u00fcber informiert, dass dies f\u00fcr die Verarbeitung der pers\u00f6nlichen Daten, die durchgef\u00fchrt wird, verantwortlich ist, es sei denn, es wird ausdr\u00fccklich \u00fcber andere Bedingungen in einer spezifischen Behandlung informiert.<\/p>\n\n\n\n<p>In \u00dcbereinstimmung mit den Bestimmungen der geltenden Gesetzgebung zum Datenschutz respektiert DER BETREIBER DER WEBSITE\/SOZIALEN NETZWERKE die Privatsph\u00e4re der Nutzer sowie die Geheimhaltung und Sicherheit der personenbezogenen Daten und ergreift die notwendigen rechtlichen, technischen und organisatorischen Ma\u00dfnahmen, um den Verlust, den Missbrauch, die Ver\u00e4nderung, den unbefugten Zugriff und den Diebstahl der zur Verf\u00fcgung gestellten personenbezogenen Daten zu verhindern, wobei der Stand der Technik, die Art der Daten und die Risiken, denen sie ausgesetzt sind, ber\u00fccksichtigt werden,<\/p>\n\n\n\n<p>Die personenbezogenen Daten der Nutzer werden nur dann verarbeitet, wenn sie dem Umfang und den Zwecken, f\u00fcr die sie erhoben wurden, angemessen und relevant sind und nicht dar\u00fcber hinausgehen. Ihre Verarbeitung wird also auf die Zwecke beschr\u00e4nkt, die den Nutzern in jedem einzelnen Fall mitgeteilt wurden. <\/p>\n\n\n\n<p>Wenn personenbezogene Daten erhoben werden, wird der Nutzer zuvor klar und unmissverst\u00e4ndlich \u00fcber die Umst\u00e4nde der Verarbeitung seiner Daten informiert, und zwar in \u00dcbereinstimmung mit den zum jeweiligen Zeitpunkt geltenden Datenschutzbestimmungen. Ebenso werden die zur Verf\u00fcgung gestellten personenbezogenen Daten so lange aufbewahrt, wie der Betroffene nicht ihre L\u00f6schung oder Berichtigung verlangt, der weiteren Verarbeitung seiner Daten nicht widerspricht oder &#8211; bei Verarbeitungen, die seine Zustimmung erfordern &#8211; seine Einwilligung nicht zur\u00fcckzieht. <\/p>\n\n\n\n<h2 class=\"wp-block-heading\">MINOREN<\/h2>\n\n\n\n<p>Der Zugang und die Registrierung auf der Website oder \u00fcber soziale Netzwerke ist Minderj\u00e4hrigen unter 14 Jahren untersagt. F\u00fcr den Fall, dass sich eine minderj\u00e4hrige oder entm\u00fcndigte Person registrieren m\u00f6chte, ist f\u00fcr den Zugang die Intervention des Inhabers der elterlichen Sorge oder der Vormundschaft des Nutzers oder seines gesetzlichen Vertreters mittels eines g\u00fcltigen Dokuments, das die gesetzliche Vertretung des entm\u00fcndigten Nutzers beglaubigt, erforderlich. <\/p>\n\n\n\n<p>DER BETREIBER DER WEBSITE\/ DER SOZIALEN NETZWERKE ist ausdr\u00fccklich von jeglicher Haftung befreit, die sich aus der Nutzung sozialer Netzwerke durch Minderj\u00e4hrige oder unm\u00fcndige Personen ergeben kann.<\/p>\n\n\n\n<p><\/p>\n\n\n\n<p><\/p>\n\n\n\n<p><\/p>\n<\/div>\n<\/div>\n","protected":false},"excerpt":{"rendered":"<p>POLITIK ZUM SCHUTZ DER PRIVATSPH\u00c4RE UND ZUM DATENSCHUTZ \u00dcber diese Website (www.eurostil.com) erheben wir personenbezogene Daten, die f\u00fcr die Verwaltung und Wartung einiger unserer Dienste erforderlich sind. Wir informieren Sie dar\u00fcber, dass DER BETREIBER DER WEBSITE (Data Controller) das Organgesetz 3\/2018 vom 5. Dezember \u00fcber den Schutz personenbezogener Daten und die Gew\u00e4hrleistung digitaler Rechte (im [&hellip;]<\/p>\n","protected":false},"author":3,"featured_media":0,"parent":0,"menu_order":0,"comment_status":"closed","ping_status":"closed","template":"","meta":{"_eb_attr":"","footnotes":""},"class_list":["post-112602","page","type-page","status-publish","hentry"],"_links":{"self":[{"href":"https:\/\/industriasoriol.com\/de\/wp-json\/wp\/v2\/pages\/112602","targetHints":{"allow":["GET"]}}],"collection":[{"href":"https:\/\/industriasoriol.com\/de\/wp-json\/wp\/v2\/pages"}],"about":[{"href":"https:\/\/industriasoriol.com\/de\/wp-json\/wp\/v2\/types\/page"}],"author":[{"embeddable":true,"href":"https:\/\/industriasoriol.com\/de\/wp-json\/wp\/v2\/users\/3"}],"replies":[{"embeddable":true,"href":"https:\/\/industriasoriol.com\/de\/wp-json\/wp\/v2\/comments?post=112602"}],"version-history":[{"count":1,"href":"https:\/\/industriasoriol.com\/de\/wp-json\/wp\/v2\/pages\/112602\/revisions"}],"predecessor-version":[{"id":112603,"href":"https:\/\/industriasoriol.com\/de\/wp-json\/wp\/v2\/pages\/112602\/revisions\/112603"}],"wp:attachment":[{"href":"https:\/\/industriasoriol.com\/de\/wp-json\/wp\/v2\/media?parent=112602"}],"curies":[{"name":"wp","href":"https:\/\/api.w.org\/{rel}","templated":true}]}}