{"id":109462,"date":"2025-08-14T13:51:40","date_gmt":"2025-08-14T13:51:40","guid":{"rendered":"https:\/\/industriasoriol.com\/product\/gel-post-depilacion-aloe-vera-500ml\/"},"modified":"2026-04-09T02:39:48","modified_gmt":"2026-04-09T00:39:48","slug":"gel-post-depilacion-aloe-vera-500ml","status":"publish","type":"product","link":"https:\/\/industriasoriol.com\/de\/producto\/gel-post-depilacion-aloe-vera-500ml\/","title":{"rendered":"GEL POST-DEPILACION ALOE VERA 500ML"},"content":{"rendered":"<p>Ideal para despu\u00e9s de cualquier tipo de depilaci\u00f3n incluida la l\u00e1ser por su acci\u00f3n regeneradora y cicatrizante.Todo tipo de pieles.<\/p>\n<ul>\n<li>Suavizante e hidratante<\/li>\n<li>Regeneradora<\/li>\n<li>Cicatrizante<\/li>\n<li>500 ml<\/li>\n<\/ul>\n","protected":false},"featured_media":0,"template":"","meta":{"_eb_attr":""},"product_brand":[626],"product_category":[543],"class_list":["post-109462","product","type-product","status-publish","hentry","product_brand-pollie","product_category-cosmetica-post-depilacion"],"_links":{"self":[{"href":"https:\/\/industriasoriol.com\/de\/wp-json\/wp\/v2\/product\/109462","targetHints":{"allow":["GET"]}}],"collection":[{"href":"https:\/\/industriasoriol.com\/de\/wp-json\/wp\/v2\/product"}],"about":[{"href":"https:\/\/industriasoriol.com\/de\/wp-json\/wp\/v2\/types\/product"}],"wp:attachment":[{"href":"https:\/\/industriasoriol.com\/de\/wp-json\/wp\/v2\/media?parent=109462"}],"wp:term":[{"taxonomy":"product_brand","embeddable":true,"href":"https:\/\/industriasoriol.com\/de\/wp-json\/wp\/v2\/product_brand?post=109462"},{"taxonomy":"product_category","embeddable":true,"href":"https:\/\/industriasoriol.com\/de\/wp-json\/wp\/v2\/product_category?post=109462"}],"curies":[{"name":"wp","href":"https:\/\/api.w.org\/{rel}","templated":true}]}}