{"id":109730,"date":"2025-08-14T13:55:47","date_gmt":"2025-08-14T13:55:47","guid":{"rendered":"https:\/\/industriasoriol.com\/product\/hyaluronic-concetrate-serum-30ml\/"},"modified":"2026-04-09T02:56:14","modified_gmt":"2026-04-09T00:56:14","slug":"hyaluronic-concetrate-serum-30ml","status":"publish","type":"product","link":"https:\/\/industriasoriol.com\/de\/producto\/hyaluronic-concetrate-serum-30ml\/","title":{"rendered":"HYALURONIC CONCETRATE SERUM 30ML."},"content":{"rendered":"<p data-start=\"54\" data-end=\"396\"><strong data-start=\"54\" data-end=\"107\">S\u00e9rum con alta concentraci\u00f3n de \u00e1cido hialur\u00f3nico<\/strong> que ayuda a rehidratar la piel y a prevenir la p\u00e9rdida de agua, a la vez que refuerza sus defensas y mejora considerablemente su volumen, firmeza y suavidad. Gracias a su efecto anti edad, contrarresta los efectos del paso del tiempo, dejando la piel m\u00e1s hidratada, el\u00e1stica y luminosa.<\/p>\n<p data-start=\"398\" data-end=\"561\"><strong data-start=\"398\" data-end=\"412\">APLICACI\u00d3N<\/strong><br data-start=\"412\" data-end=\"415\">Aplicar ma\u00f1ana y noche antes de la crema hidratante, sobre la piel del rostro, cuello y escote limpio y seco. Masajear hasta su total absorci\u00f3n.<\/p>\n<p data-start=\"563\" data-end=\"576\"><strong data-start=\"563\" data-end=\"574\">FORMATO<\/strong><\/p>\n<ul data-start=\"577\" data-end=\"585\">\n<li data-start=\"577\" data-end=\"585\">\n<p data-start=\"579\" data-end=\"585\">30ml<\/p>\n<\/li>\n<\/ul>\n","protected":false},"featured_media":0,"template":"","meta":{"_eb_attr":""},"product_brand":[631],"product_category":[1676],"class_list":["post-109730","product","type-product","status-publish","hentry","product_brand-tassel","product_category-aceites-y-serums"],"_links":{"self":[{"href":"https:\/\/industriasoriol.com\/de\/wp-json\/wp\/v2\/product\/109730","targetHints":{"allow":["GET"]}}],"collection":[{"href":"https:\/\/industriasoriol.com\/de\/wp-json\/wp\/v2\/product"}],"about":[{"href":"https:\/\/industriasoriol.com\/de\/wp-json\/wp\/v2\/types\/product"}],"wp:attachment":[{"href":"https:\/\/industriasoriol.com\/de\/wp-json\/wp\/v2\/media?parent=109730"}],"wp:term":[{"taxonomy":"product_brand","embeddable":true,"href":"https:\/\/industriasoriol.com\/de\/wp-json\/wp\/v2\/product_brand?post=109730"},{"taxonomy":"product_category","embeddable":true,"href":"https:\/\/industriasoriol.com\/de\/wp-json\/wp\/v2\/product_category?post=109730"}],"curies":[{"name":"wp","href":"https:\/\/api.w.org\/{rel}","templated":true}]}}