{"id":115543,"date":"2025-10-15T01:02:12","date_gmt":"2025-10-14T23:02:12","guid":{"rendered":"https:\/\/industriasoriol.com\/producto\/oxy-bright-cream-10-volumen-1l\/"},"modified":"2026-04-09T03:08:54","modified_gmt":"2026-04-09T01:08:54","slug":"oxy-bright-cream-10-volumen-1l","status":"publish","type":"product","link":"https:\/\/industriasoriol.com\/de\/producto\/oxy-bright-cream-10-volumen-1l\/","title":{"rendered":"OXY BRIGHT CREAM 10 VOLUMEN 1L."},"content":{"rendered":"<p>Gracias a su textura cremosa y a sus componentes enriquecidos con extractos vegetales y aceites naturales, se emulsionan y se extienden con facilidad sobre el cabello, siendo adem\u00e1s m\u00e1s respetuosas con la fibra capilar. Dejan el cabello suave y tratado, manteniendo su salud intacta. OXY BRIGHT, disponible en todos sus vol\u00famenes, est\u00e1 especialmente formulada para utilizarse tanto con tintes con amon\u00edaco como sin \u00e9l. <\/p>\n<p>Sus f\u00f3rmulas estabilizadas y de f\u00e1cil aplicaci\u00f3n garantizan una mezcla cremosa y suave con tintes y productos de decoloraci\u00f3n, logrando colores perfectos y homog\u00e9neos. Son ideales para usar con los tintes Bright Colour de Tassel y perfectos para aplicaciones monodosis, ofreciendo comodidad y precisi\u00f3n en cada uso.&nbsp;<\/p>\n","protected":false},"featured_media":0,"template":"","meta":{"_eb_attr":""},"product_brand":[631],"product_category":[1682],"class_list":["post-115543","product","type-product","status-publish","hentry","product_brand-tassel","product_category-oxidantes-y-developers"],"_links":{"self":[{"href":"https:\/\/industriasoriol.com\/de\/wp-json\/wp\/v2\/product\/115543","targetHints":{"allow":["GET"]}}],"collection":[{"href":"https:\/\/industriasoriol.com\/de\/wp-json\/wp\/v2\/product"}],"about":[{"href":"https:\/\/industriasoriol.com\/de\/wp-json\/wp\/v2\/types\/product"}],"wp:attachment":[{"href":"https:\/\/industriasoriol.com\/de\/wp-json\/wp\/v2\/media?parent=115543"}],"wp:term":[{"taxonomy":"product_brand","embeddable":true,"href":"https:\/\/industriasoriol.com\/de\/wp-json\/wp\/v2\/product_brand?post=115543"},{"taxonomy":"product_category","embeddable":true,"href":"https:\/\/industriasoriol.com\/de\/wp-json\/wp\/v2\/product_category?post=115543"}],"curies":[{"name":"wp","href":"https:\/\/api.w.org\/{rel}","templated":true}]}}