{"id":118866,"date":"2025-10-15T10:43:40","date_gmt":"2025-10-15T08:43:40","guid":{"rendered":"https:\/\/industriasoriol.com\/producto\/champu-lovely-liss-500-ml\/"},"modified":"2026-04-10T01:00:46","modified_gmt":"2026-04-09T23:00:46","slug":"champu-lovely-liss-500-ml","status":"publish","type":"product","link":"https:\/\/industriasoriol.com\/de\/producto\/champu-lovely-liss-500-ml\/","title":{"rendered":"CHAMPU LOVELY LISS 500 ML"},"content":{"rendered":"<p>Champ\u00fa suave sin SLS, parabenos ni siliconas. F\u00f3rmula vegana con ingredientes naturales como soja, c\u00e9lulas madre de naranja, taninos, vitaminas A, E, seda y queratina. Alisa hasta los cabellos m\u00e1s rebeldes, eliminado el encrespamiento, dej\u00e1ndolos nutridos, brillantes y suaves. Movimiento natural del cabello.<\/p>\n<p>500ml<\/p>\n","protected":false},"featured_media":0,"template":"","meta":{"_eb_attr":""},"product_brand":[631],"product_category":[1686],"class_list":["post-118866","product","type-product","status-publish","hentry","product_brand-tassel","product_category-champus"],"_links":{"self":[{"href":"https:\/\/industriasoriol.com\/de\/wp-json\/wp\/v2\/product\/118866","targetHints":{"allow":["GET"]}}],"collection":[{"href":"https:\/\/industriasoriol.com\/de\/wp-json\/wp\/v2\/product"}],"about":[{"href":"https:\/\/industriasoriol.com\/de\/wp-json\/wp\/v2\/types\/product"}],"wp:attachment":[{"href":"https:\/\/industriasoriol.com\/de\/wp-json\/wp\/v2\/media?parent=118866"}],"wp:term":[{"taxonomy":"product_brand","embeddable":true,"href":"https:\/\/industriasoriol.com\/de\/wp-json\/wp\/v2\/product_brand?post=118866"},{"taxonomy":"product_category","embeddable":true,"href":"https:\/\/industriasoriol.com\/de\/wp-json\/wp\/v2\/product_category?post=118866"}],"curies":[{"name":"wp","href":"https:\/\/api.w.org\/{rel}","templated":true}]}}