{"id":120378,"date":"2025-10-15T10:54:48","date_gmt":"2025-10-15T08:54:48","guid":{"rendered":"https:\/\/industriasoriol.com\/producto\/champu-neutro-sin-perfume-tassel-1-litro\/"},"modified":"2026-04-10T01:03:06","modified_gmt":"2026-04-09T23:03:06","slug":"champu-neutro-sin-perfume-tassel-1-litro","status":"publish","type":"product","link":"https:\/\/industriasoriol.com\/de\/producto\/champu-neutro-sin-perfume-tassel-1-litro\/","title":{"rendered":"CHAMPU NEUTRO SIN PERFUME TASSEL 1 LITRO"},"content":{"rendered":"<p data-start=\"52\" data-end=\"295\"><strong data-start=\"52\" data-end=\"143\">Champ\u00fa para todo tipo de cabellos y especialmente indicado para uso diario o frecuente.<\/strong><br data-start=\"143\" data-end=\"146\">Lava el cabello de una forma suave y manteniendo el pH de la cut\u00edcula del cabello. Protege el cuero cabelludo, d\u00e1ndole equilibrio y salud al cabello.<\/p>\n<p data-start=\"297\" data-end=\"574\"><strong data-start=\"297\" data-end=\"311\">APLICACI\u00d3N<\/strong><br data-start=\"311\" data-end=\"314\">Aplicar una peque\u00f1a cantidad sobre el cabello mojado y emulsionar hasta conseguir espuma. Aclarar y volver a repetir la operaci\u00f3n dej\u00e1ndolo actuar unos minutos. Aclarar completamente. En caso de contacto con los ojos, aclarar inmediatamente con abundante agua.<\/p>\n<p data-start=\"576\" data-end=\"589\"><strong data-start=\"576\" data-end=\"587\">FORMATO<\/strong><\/p>\n<ul data-start=\"590\" data-end=\"632\">\n<li data-start=\"590\" data-end=\"596\">\n<p data-start=\"592\" data-end=\"596\">1L<\/p>\n<\/li>\n<li data-start=\"597\" data-end=\"613\">\n<p data-start=\"599\" data-end=\"613\">Sin perfume.<\/p>\n<\/li>\n<li data-start=\"614\" data-end=\"632\">\n<p data-start=\"616\" data-end=\"632\">Sin al\u00e9rgenos.<\/p>\n<\/li>\n<\/ul>\n","protected":false},"featured_media":0,"template":"","meta":{"_eb_attr":""},"product_brand":[631],"product_category":[1686],"class_list":["post-120378","product","type-product","status-publish","hentry","product_brand-tassel","product_category-champus"],"_links":{"self":[{"href":"https:\/\/industriasoriol.com\/de\/wp-json\/wp\/v2\/product\/120378","targetHints":{"allow":["GET"]}}],"collection":[{"href":"https:\/\/industriasoriol.com\/de\/wp-json\/wp\/v2\/product"}],"about":[{"href":"https:\/\/industriasoriol.com\/de\/wp-json\/wp\/v2\/types\/product"}],"wp:attachment":[{"href":"https:\/\/industriasoriol.com\/de\/wp-json\/wp\/v2\/media?parent=120378"}],"wp:term":[{"taxonomy":"product_brand","embeddable":true,"href":"https:\/\/industriasoriol.com\/de\/wp-json\/wp\/v2\/product_brand?post=120378"},{"taxonomy":"product_category","embeddable":true,"href":"https:\/\/industriasoriol.com\/de\/wp-json\/wp\/v2\/product_category?post=120378"}],"curies":[{"name":"wp","href":"https:\/\/api.w.org\/{rel}","templated":true}]}}