{"id":120956,"date":"2025-10-15T10:59:56","date_gmt":"2025-10-15T08:59:56","guid":{"rendered":"https:\/\/industriasoriol.com\/producto\/botella-gel-electroconductor-aloe-vera-1-litro\/"},"modified":"2026-04-10T01:07:58","modified_gmt":"2026-04-09T23:07:58","slug":"botella-gel-electroconductor-aloe-vera-1-litro","status":"publish","type":"product","link":"https:\/\/industriasoriol.com\/de\/producto\/botella-gel-electroconductor-aloe-vera-1-litro\/","title":{"rendered":"BOTELLA GEL ELECTROCONDUCTOR ALOE VERA 1 LITRO"},"content":{"rendered":"<p>El <strong>gel de transmisi\u00f3n de ultrasonidos TASSEL<\/strong> est\u00e1 indicado para mejorar la conductividad para ultrasonidos de diagn\u00f3stico y terap\u00e9utico. Es soluble al agua, no deja manchas. Se puede usar con todos los dispositivos de ultrasonidos disponibles en el mercado. Se extiende f\u00e1cil, uniformemente y sin secarse. El<strong> gel de transmisi\u00f3n de ultrasonidos TASSEL<\/strong> est\u00e1 destinado para uso externo en la piel intacta y sin heridas cut\u00e1neas. Aplique el gel en la zona a tratar. Es un excelente agente conductor para usos de terapia de ultrasonidos, imagen diagn\u00f3stica y depilaci\u00f3n l\u00e1ser.<\/p>\n","protected":false},"featured_media":0,"template":"","meta":{"_eb_attr":""},"product_brand":[631],"product_category":[547],"class_list":["post-120956","product","type-product","status-publish","hentry","product_brand-tassel","product_category-gel-electroconductor"],"_links":{"self":[{"href":"https:\/\/industriasoriol.com\/de\/wp-json\/wp\/v2\/product\/120956","targetHints":{"allow":["GET"]}}],"collection":[{"href":"https:\/\/industriasoriol.com\/de\/wp-json\/wp\/v2\/product"}],"about":[{"href":"https:\/\/industriasoriol.com\/de\/wp-json\/wp\/v2\/types\/product"}],"wp:attachment":[{"href":"https:\/\/industriasoriol.com\/de\/wp-json\/wp\/v2\/media?parent=120956"}],"wp:term":[{"taxonomy":"product_brand","embeddable":true,"href":"https:\/\/industriasoriol.com\/de\/wp-json\/wp\/v2\/product_brand?post=120956"},{"taxonomy":"product_category","embeddable":true,"href":"https:\/\/industriasoriol.com\/de\/wp-json\/wp\/v2\/product_category?post=120956"}],"curies":[{"name":"wp","href":"https:\/\/api.w.org\/{rel}","templated":true}]}}