{"id":121473,"date":"2025-10-15T11:04:41","date_gmt":"2025-10-15T09:04:41","guid":{"rendered":"https:\/\/industriasoriol.com\/producto\/maleta-trolley-4-cuerpos-negra-37x245x705cm\/"},"modified":"2026-04-10T01:11:25","modified_gmt":"2026-04-09T23:11:25","slug":"maleta-trolley-4-cuerpos-negra-37x245x705cm","status":"publish","type":"product","link":"https:\/\/industriasoriol.com\/de\/producto\/maleta-trolley-4-cuerpos-negra-37x245x705cm\/","title":{"rendered":"MALETA TROLLEY 4 CUERPOS NEGRA 37X24,5X70,5CM"},"content":{"rendered":"<p>Maleta 2 en 1 con cuatro cuerpos. La nueva maleta de Polli\u00e9 nos permite almacenar cualquier producto de peluquer\u00eda, maquillaje o cosm\u00e9tica. La parte superior tiene 3 bandejas extra\u00edbles con 9 compartimentos m\u00e1s 4 en el interior que pueden ser modificados, moviendo los separadores. Los dos cuerpos superiores pueden ser separados y utilizarlos como una maleta de mano. La maleta viene con una tira para colgar del hombro. Los dos cuerpos inferiores pueden ser convertidos en una maleta con ruedas de tan solo dos cuerpos. La tapa de esta maleta tiene un espejo incorporado. En este apartado se encuentra una bandeja extra\u00edble con 4 compartimentos modificables gracias a los separadores. Las ruedas son intercambiables mediante las dos pesta\u00f1as de enganche.Viene con dos bombines y dos llaves de recambio. 70.5 x 34.5 x 37cm.<\/p>\n","protected":false},"featured_media":0,"template":"","meta":{"_eb_attr":""},"product_brand":[628],"product_category":[357],"class_list":["post-121473","product","type-product","status-publish","hentry","product_brand-eurostil","product_category-maletas-y-bolsas"],"_links":{"self":[{"href":"https:\/\/industriasoriol.com\/de\/wp-json\/wp\/v2\/product\/121473","targetHints":{"allow":["GET"]}}],"collection":[{"href":"https:\/\/industriasoriol.com\/de\/wp-json\/wp\/v2\/product"}],"about":[{"href":"https:\/\/industriasoriol.com\/de\/wp-json\/wp\/v2\/types\/product"}],"wp:attachment":[{"href":"https:\/\/industriasoriol.com\/de\/wp-json\/wp\/v2\/media?parent=121473"}],"wp:term":[{"taxonomy":"product_brand","embeddable":true,"href":"https:\/\/industriasoriol.com\/de\/wp-json\/wp\/v2\/product_brand?post=121473"},{"taxonomy":"product_category","embeddable":true,"href":"https:\/\/industriasoriol.com\/de\/wp-json\/wp\/v2\/product_category?post=121473"}],"curies":[{"name":"wp","href":"https:\/\/api.w.org\/{rel}","templated":true}]}}