{"id":121744,"date":"2025-10-15T11:07:32","date_gmt":"2025-10-15T09:07:32","guid":{"rendered":"https:\/\/industriasoriol.com\/producto\/champu-seco-tassel-300ml\/"},"modified":"2026-04-10T01:27:30","modified_gmt":"2026-04-09T23:27:30","slug":"champu-seco-tassel-300ml","status":"publish","type":"product","link":"https:\/\/industriasoriol.com\/de\/producto\/champu-seco-tassel-300ml\/","title":{"rendered":"CHAMPU SECO TASSEL 300ML."},"content":{"rendered":"<p>No necesita agua.<\/p>\n<p>El champ\u00fa en seco es un limpiador en polvo aplicado en forma de spray que proporciona un volumen m\u00e1s pronunciado. Ayuda a mantener el cabello limpio durante m\u00e1s tiempo, siendo ideal para cabellos grasos. <\/p>\n<p>Su f\u00f3rmula absorbe el exceso de sebo, matificando la fibra capilar y ofreciendo un aspecto m\u00e1s limpio y saludable. <\/p>\n<p>Tambi\u00e9n es recomendable para el cabello reci\u00e9n lavado, ya que texturiza, da volumen y facilita el peinado. Apto para todo tipo de cabello.<\/p>\n","protected":false},"featured_media":0,"template":"","meta":{"_eb_attr":""},"product_brand":[631],"product_category":[1686],"class_list":["post-121744","product","type-product","status-publish","hentry","product_brand-tassel","product_category-champus"],"_links":{"self":[{"href":"https:\/\/industriasoriol.com\/de\/wp-json\/wp\/v2\/product\/121744","targetHints":{"allow":["GET"]}}],"collection":[{"href":"https:\/\/industriasoriol.com\/de\/wp-json\/wp\/v2\/product"}],"about":[{"href":"https:\/\/industriasoriol.com\/de\/wp-json\/wp\/v2\/types\/product"}],"wp:attachment":[{"href":"https:\/\/industriasoriol.com\/de\/wp-json\/wp\/v2\/media?parent=121744"}],"wp:term":[{"taxonomy":"product_brand","embeddable":true,"href":"https:\/\/industriasoriol.com\/de\/wp-json\/wp\/v2\/product_brand?post=121744"},{"taxonomy":"product_category","embeddable":true,"href":"https:\/\/industriasoriol.com\/de\/wp-json\/wp\/v2\/product_category?post=121744"}],"curies":[{"name":"wp","href":"https:\/\/api.w.org\/{rel}","templated":true}]}}