{"id":140768,"date":"2025-10-21T13:23:15","date_gmt":"2025-10-21T11:23:15","guid":{"rendered":"https:\/\/industriasoriol.com\/?p=140768"},"modified":"2026-04-10T01:21:19","modified_gmt":"2026-04-09T23:21:19","slug":"gel-post-depila-aloe-vera-con-calendula-500ml","status":"publish","type":"product","link":"https:\/\/industriasoriol.com\/de\/producto\/gel-post-depila-aloe-vera-con-calendula-500ml\/","title":{"rendered":"GEL POST-DEPILA. ALOE VERA CON CALENDULA 500ML"},"content":{"rendered":"<p>Ideal para despu\u00e9s de cualquier tipo de depilaci\u00f3n incluida la l\u00e1ser por su acci\u00f3n regeneradora y cicatrizante. Propiedades anti-inflamatorias y antis\u00e9pticas.\u00a0 Todo tipo de pieles.<\/p>\n<ul>\n<li>Hidratante<\/li>\n<li>Regenerante<\/li>\n<li>Cicatrizante<\/li>\n<li>Acci\u00f3n Anti-Inflamatoria &#8211; Antis\u00e9ptica.<\/li>\n<li>500 ml<\/li>\n<\/ul>\n","protected":false},"featured_media":0,"template":"","meta":{"_eb_attr":""},"product_brand":[626],"product_category":[543],"class_list":["post-140768","product","type-product","status-publish","hentry","product_brand-pollie","product_category-cosmetica-post-depilacion"],"_links":{"self":[{"href":"https:\/\/industriasoriol.com\/de\/wp-json\/wp\/v2\/product\/140768","targetHints":{"allow":["GET"]}}],"collection":[{"href":"https:\/\/industriasoriol.com\/de\/wp-json\/wp\/v2\/product"}],"about":[{"href":"https:\/\/industriasoriol.com\/de\/wp-json\/wp\/v2\/types\/product"}],"wp:attachment":[{"href":"https:\/\/industriasoriol.com\/de\/wp-json\/wp\/v2\/media?parent=140768"}],"wp:term":[{"taxonomy":"product_brand","embeddable":true,"href":"https:\/\/industriasoriol.com\/de\/wp-json\/wp\/v2\/product_brand?post=140768"},{"taxonomy":"product_category","embeddable":true,"href":"https:\/\/industriasoriol.com\/de\/wp-json\/wp\/v2\/product_category?post=140768"}],"curies":[{"name":"wp","href":"https:\/\/api.w.org\/{rel}","templated":true}]}}