{"id":141667,"date":"2025-10-21T13:30:07","date_gmt":"2025-10-21T11:30:07","guid":{"rendered":"https:\/\/industriasoriol.com\/?p=141667"},"modified":"2026-04-10T01:22:20","modified_gmt":"2026-04-09T23:22:20","slug":"myrsol-masaje-f-extra-180ml","status":"publish","type":"product","link":"https:\/\/industriasoriol.com\/de\/producto\/myrsol-masaje-f-extra-180ml\/","title":{"rendered":"MYRSOL MASAJE F.\/EXTRA 180ML."},"content":{"rendered":"<p>Loci\u00f3n calmante de cualquier clase de irritaci\u00f3n producida por el afeitado. Aporta a la piel tersura, tonicidad y una agradable sensaci\u00f3n de frescor, cicatrizante y bals\u00e1mica.<\/p>\n<p><iframe loading=\"lazy\" title=\"\u00a1Descubre el Aftershave F.\/ Extra de Myrsol!\" width=\"500\" height=\"375\" src=\"https:\/\/www.youtube.com\/embed\/GaR7MSK72zY?feature=oembed\" frameborder=\"0\" allow=\"accelerometer; autoplay; clipboard-write; encrypted-media; gyroscope; picture-in-picture; web-share\" referrerpolicy=\"strict-origin-when-cross-origin\" allowfullscreen><\/iframe><\/p>\n","protected":false},"featured_media":0,"template":"","meta":{"_eb_attr":""},"product_brand":[633],"product_category":[1646],"class_list":["post-141667","product","type-product","status-publish","hentry","product_brand-03marca_myrs","product_category-productos-de-afeitado"],"_links":{"self":[{"href":"https:\/\/industriasoriol.com\/de\/wp-json\/wp\/v2\/product\/141667","targetHints":{"allow":["GET"]}}],"collection":[{"href":"https:\/\/industriasoriol.com\/de\/wp-json\/wp\/v2\/product"}],"about":[{"href":"https:\/\/industriasoriol.com\/de\/wp-json\/wp\/v2\/types\/product"}],"wp:attachment":[{"href":"https:\/\/industriasoriol.com\/de\/wp-json\/wp\/v2\/media?parent=141667"}],"wp:term":[{"taxonomy":"product_brand","embeddable":true,"href":"https:\/\/industriasoriol.com\/de\/wp-json\/wp\/v2\/product_brand?post=141667"},{"taxonomy":"product_category","embeddable":true,"href":"https:\/\/industriasoriol.com\/de\/wp-json\/wp\/v2\/product_category?post=141667"}],"curies":[{"name":"wp","href":"https:\/\/api.w.org\/{rel}","templated":true}]}}