{"id":6766,"date":"2025-08-07T12:10:05","date_gmt":"2025-08-07T12:10:05","guid":{"rendered":"https:\/\/industriasoriol.com\/product\/bright-colour-no7-rubio-medio\/"},"modified":"2026-04-10T01:26:08","modified_gmt":"2026-04-09T23:26:08","slug":"bright-colour-no7-rubio-medio","status":"publish","type":"product","link":"https:\/\/industriasoriol.com\/de\/producto\/bright-colour-no7-rubio-medio\/","title":{"rendered":"BRIGHT COLOUR N\u00ba7 RUBIO MEDIO"},"content":{"rendered":"<p><strong>Bright Colour<\/strong> es un tinte de oxidaci\u00f3n en crema, enriquecido con aceite de arg\u00e1n, queratina y ceras vegetales, que no solo fija el color, sino que tambi\u00e9n aporta brillo y protecci\u00f3n al cabello. Su textura suave asegura una aplicaci\u00f3n f\u00e1cil y c\u00f3moda. Gracias a su f\u00f3rmula, cuidamos, protegemos y formamos una barrera protectora que preserva la estructura capilar, evitando da\u00f1os durante el proceso de coloraci\u00f3n. Con gran durabilidad del color y m\u00e1xima cobertura, Bright Colour ofrece una amplia gama de tonos que satisfacen las diversas necesidades del mercado. 100 ml<\/p>\n<p data-start=\"629\" data-end=\"643\"><strong data-start=\"629\" data-end=\"643\">APLICACI\u00d3N<\/strong><\/p>\n<ul>\n<li data-start=\"647\" data-end=\"771\"><strong>Para evitar posibles irritaciones en el cuero cabelludo, se recomienda que se mezcle muy bien el producto con el oxidante. <\/strong><\/li>\n<li data-start=\"774\" data-end=\"808\"><strong>Mezcla 1 + 1,5 en los tonos base <\/strong><\/li>\n<li data-start=\"811\" data-end=\"854\"><strong>Mezcla 1 + 3 en los tonos superaclarantes <\/strong><\/li>\n<\/ul>\n","protected":false},"featured_media":0,"template":"","meta":{"_eb_attr":""},"product_brand":[631],"product_category":[375],"class_list":["post-6766","product","type-product","status-publish","hentry","product_brand-tassel","product_category-tinte-capilar-con-amoniaco"],"_links":{"self":[{"href":"https:\/\/industriasoriol.com\/de\/wp-json\/wp\/v2\/product\/6766","targetHints":{"allow":["GET"]}}],"collection":[{"href":"https:\/\/industriasoriol.com\/de\/wp-json\/wp\/v2\/product"}],"about":[{"href":"https:\/\/industriasoriol.com\/de\/wp-json\/wp\/v2\/types\/product"}],"wp:attachment":[{"href":"https:\/\/industriasoriol.com\/de\/wp-json\/wp\/v2\/media?parent=6766"}],"wp:term":[{"taxonomy":"product_brand","embeddable":true,"href":"https:\/\/industriasoriol.com\/de\/wp-json\/wp\/v2\/product_brand?post=6766"},{"taxonomy":"product_category","embeddable":true,"href":"https:\/\/industriasoriol.com\/de\/wp-json\/wp\/v2\/product_category?post=6766"}],"curies":[{"name":"wp","href":"https:\/\/api.w.org\/{rel}","templated":true}]}}