{"id":7190,"date":"2025-08-07T12:13:04","date_gmt":"2025-08-07T12:13:04","guid":{"rendered":"https:\/\/industriasoriol.com\/product\/activador-electronico-digitalsoporte-pared\/"},"modified":"2026-04-10T01:55:04","modified_gmt":"2026-04-09T23:55:04","slug":"activador-electronico-digitalsoporte-pared","status":"publish","type":"product","link":"https:\/\/industriasoriol.com\/de\/producto\/activador-electronico-digitalsoporte-pared\/","title":{"rendered":"ACTIVADOR ELECTRONICO DIGITALSOPORTE PARED"},"content":{"rendered":"<p>Termoestimulador de \u00faltima generaci\u00f3n compacto.                                                                                   Dispone de ventilaci\u00f3n.                                                                                                           Con temporizador, regulador electr\u00f3nico de la radiaci\u00f3n de la energia.                                                            Pantalla digital.                                                                                                                 Tensi\u00f3n: 220-240V~.                                                                                                               Material: nylon.                                                                                                                  Tipo de resistencia: infrarrojos.                                                                                                 3 velocidades.                                                                                                                    Soporte pared.<\/p>\n","protected":false},"featured_media":0,"template":"","meta":{"_eb_attr":""},"product_brand":[642],"product_category":[341],"class_list":["post-7190","product","type-product","status-publish","hentry","product_brand-03marca_ceri","product_category-activadores"],"_links":{"self":[{"href":"https:\/\/industriasoriol.com\/de\/wp-json\/wp\/v2\/product\/7190","targetHints":{"allow":["GET"]}}],"collection":[{"href":"https:\/\/industriasoriol.com\/de\/wp-json\/wp\/v2\/product"}],"about":[{"href":"https:\/\/industriasoriol.com\/de\/wp-json\/wp\/v2\/types\/product"}],"wp:attachment":[{"href":"https:\/\/industriasoriol.com\/de\/wp-json\/wp\/v2\/media?parent=7190"}],"wp:term":[{"taxonomy":"product_brand","embeddable":true,"href":"https:\/\/industriasoriol.com\/de\/wp-json\/wp\/v2\/product_brand?post=7190"},{"taxonomy":"product_category","embeddable":true,"href":"https:\/\/industriasoriol.com\/de\/wp-json\/wp\/v2\/product_category?post=7190"}],"curies":[{"name":"wp","href":"https:\/\/api.w.org\/{rel}","templated":true}]}}