{"id":7196,"date":"2025-08-07T12:13:07","date_gmt":"2025-08-07T12:13:07","guid":{"rendered":"https:\/\/industriasoriol.com\/product\/polo-barber-negro\/"},"modified":"2026-04-10T01:41:47","modified_gmt":"2026-04-09T23:41:47","slug":"polo-barber-negro","status":"publish","type":"product","link":"https:\/\/industriasoriol.com\/de\/producto\/polo-barber-negro\/","title":{"rendered":"POLO BARBER NEGRO"},"content":{"rendered":"<p>El origen del poste de barbero rojiblanco se asocia a que uno de los servicios                                                    que ofrec\u00eda era el de realizar sangr\u00edas e hist\u00f3ricamente se representaba con                                                      vendajes sangrientos enrollados alrededor de un poste.                                                                            Durante la \u00e9poca medieval, los barberos efectuaban operaciones de cirug\u00eda                                                         a sus clientes, as\u00ed como extracciones de dientes. El poste originariamente                                                        ten\u00eda una palangana de bronce en la parte superior (representando el recipiente donde se guardaban las sanguijuelas) y en la      inferior (en alusi\u00f3n                                                                                                              al recipiente que recib\u00eda la sangre). El propio poste simboliza el palo o bast\u00f3n que el paciente agarraba durante el procedimientopara facilitar que                                                                                                                la sangre fluyese. Algunos autores opinan que el formato en colores rojo,                                                         blanco y azul empleado en Estados Unidos es un homenaje a los colores                                                             de la bandera.                                                                                                                    Polo barbero negro luminoso                                                                                                       y rotativo \u00d8 20 cm.                                                                                                               Opci\u00f3n de luz y\/o giro.                                                                                                           67 x 31 x 24cm<\/p>\n","protected":false},"featured_media":0,"template":"","meta":{"_eb_attr":""},"product_brand":[627],"product_category":[519],"class_list":["post-7196","product","type-product","status-publish","hentry","product_brand-ragnar","product_category-polo-barbero"],"_links":{"self":[{"href":"https:\/\/industriasoriol.com\/de\/wp-json\/wp\/v2\/product\/7196","targetHints":{"allow":["GET"]}}],"collection":[{"href":"https:\/\/industriasoriol.com\/de\/wp-json\/wp\/v2\/product"}],"about":[{"href":"https:\/\/industriasoriol.com\/de\/wp-json\/wp\/v2\/types\/product"}],"wp:attachment":[{"href":"https:\/\/industriasoriol.com\/de\/wp-json\/wp\/v2\/media?parent=7196"}],"wp:term":[{"taxonomy":"product_brand","embeddable":true,"href":"https:\/\/industriasoriol.com\/de\/wp-json\/wp\/v2\/product_brand?post=7196"},{"taxonomy":"product_category","embeddable":true,"href":"https:\/\/industriasoriol.com\/de\/wp-json\/wp\/v2\/product_category?post=7196"}],"curies":[{"name":"wp","href":"https:\/\/api.w.org\/{rel}","templated":true}]}}