{"id":7821,"date":"2025-08-08T13:35:26","date_gmt":"2025-08-08T13:35:26","guid":{"rendered":"https:\/\/industriasoriol.com\/product\/activador-negro-con-pie-ceriotti\/"},"modified":"2026-04-09T02:24:50","modified_gmt":"2026-04-09T00:24:50","slug":"activador-negro-con-pie-ceriotti","status":"publish","type":"product","link":"https:\/\/industriasoriol.com\/de\/producto\/activador-negro-con-pie-ceriotti\/","title":{"rendered":"ACTIVADOR NEGRO CON PIE CERIOTTI"},"content":{"rendered":"<p><strong>MX3600 <\/strong>es un termoestimulador compacto con un dise\u00f1o innovador que ofrece el m\u00e1ximo confort para el cliente. Con temporizador, regulaci\u00f3n electr\u00f3nica de la radiaci\u00f3n de energ\u00eda y 5 interruptores individuales para el encendido y apagado de cada l\u00e1mpara. Est\u00e1 equipado con un pie pero con cinco ruedas giratorias.<\/p>\n<ul>\n<ul>\n<li>Potencia: 900W<\/li>\n<\/ul>\n<\/ul>\n<ul>\n<ul>\n<li>Voltaje: 220-240V~<\/li>\n<\/ul>\n<\/ul>\n<ul>\n<ul>\n<li>Frecuencia: 50\/60Hz<\/li>\n<\/ul>\n<\/ul>\n<p><\/p>\n","protected":false},"featured_media":0,"template":"","meta":{"_eb_attr":""},"product_brand":[642],"product_category":[341],"class_list":["post-7821","product","type-product","status-publish","hentry","product_brand-03marca_ceri","product_category-activadores"],"_links":{"self":[{"href":"https:\/\/industriasoriol.com\/de\/wp-json\/wp\/v2\/product\/7821","targetHints":{"allow":["GET"]}}],"collection":[{"href":"https:\/\/industriasoriol.com\/de\/wp-json\/wp\/v2\/product"}],"about":[{"href":"https:\/\/industriasoriol.com\/de\/wp-json\/wp\/v2\/types\/product"}],"wp:attachment":[{"href":"https:\/\/industriasoriol.com\/de\/wp-json\/wp\/v2\/media?parent=7821"}],"wp:term":[{"taxonomy":"product_brand","embeddable":true,"href":"https:\/\/industriasoriol.com\/de\/wp-json\/wp\/v2\/product_brand?post=7821"},{"taxonomy":"product_category","embeddable":true,"href":"https:\/\/industriasoriol.com\/de\/wp-json\/wp\/v2\/product_category?post=7821"}],"curies":[{"name":"wp","href":"https:\/\/api.w.org\/{rel}","templated":true}]}}