{"id":7826,"date":"2025-08-08T13:35:28","date_gmt":"2025-08-08T13:35:28","guid":{"rendered":"https:\/\/industriasoriol.com\/product\/activador-negro-pared-ceriotti\/"},"modified":"2026-04-09T02:24:34","modified_gmt":"2026-04-09T00:24:34","slug":"activador-negro-pared-ceriotti","status":"publish","type":"product","link":"https:\/\/industriasoriol.com\/de\/producto\/activador-negro-pared-ceriotti\/","title":{"rendered":"ACTIVADOR NEGRO PARED CERIOTTI"},"content":{"rendered":"<p>MX3600 es un termoestimulador compacto con un dise\u00f1o innovador que ofrece el m\u00e1ximo confort para el cliente. Con temporizador, regulaci\u00f3n electr\u00f3nica de la radiaci\u00f3n de energ\u00eda y 5 interruptores individuales para el encendido y apagado de cada l\u00e1mpara. Est\u00e1 equipado con un pie y con cinco ruedas giratorias. Soporte pared.<\/p>\n","protected":false},"featured_media":0,"template":"","meta":{"_eb_attr":""},"product_brand":[642],"product_category":[341],"class_list":["post-7826","product","type-product","status-publish","hentry","product_brand-03marca_ceri","product_category-activadores"],"_links":{"self":[{"href":"https:\/\/industriasoriol.com\/de\/wp-json\/wp\/v2\/product\/7826","targetHints":{"allow":["GET"]}}],"collection":[{"href":"https:\/\/industriasoriol.com\/de\/wp-json\/wp\/v2\/product"}],"about":[{"href":"https:\/\/industriasoriol.com\/de\/wp-json\/wp\/v2\/types\/product"}],"wp:attachment":[{"href":"https:\/\/industriasoriol.com\/de\/wp-json\/wp\/v2\/media?parent=7826"}],"wp:term":[{"taxonomy":"product_brand","embeddable":true,"href":"https:\/\/industriasoriol.com\/de\/wp-json\/wp\/v2\/product_brand?post=7826"},{"taxonomy":"product_category","embeddable":true,"href":"https:\/\/industriasoriol.com\/de\/wp-json\/wp\/v2\/product_category?post=7826"}],"curies":[{"name":"wp","href":"https:\/\/api.w.org\/{rel}","templated":true}]}}