{"id":7889,"date":"2025-08-09T11:42:56","date_gmt":"2025-08-09T11:42:56","guid":{"rendered":"https:\/\/industriasoriol.com\/product\/protector-termico-250-ml\/"},"modified":"2026-04-09T02:16:30","modified_gmt":"2026-04-09T00:16:30","slug":"protector-termico-250-ml","status":"publish","type":"product","link":"https:\/\/industriasoriol.com\/de\/producto\/protector-termico-250-ml\/","title":{"rendered":"PROTECTOR TERMICO 250 ML."},"content":{"rendered":"<p><strong>Protege y cuida el cabello<\/strong> frente al calor de secadores, planchas y tenacillas. Su f\u00f3rmula acondicionadora evita el encrespamiento, dejando el cabello m\u00e1s suave, manejable y brillante, reduciendo la electricidad est\u00e1tica.<\/p>\n<p><strong>Aplicaci\u00f3n:<\/strong><br \/>Agitar antes de usar. Aplicar sobre el cabello, insistiendo en las zonas m\u00e1s encrespadas antes de usar aparatos de calor. Puede aplicarse sobre el cabello h\u00famedo. Uso profesional.<\/p>\n<p><strong>Formato:<\/strong> 250 ml<\/p>\n","protected":false},"featured_media":0,"template":"","meta":{"_eb_attr":""},"product_brand":[631],"product_category":[1676],"class_list":["post-7889","product","type-product","status-publish","hentry","product_brand-tassel","product_category-aceites-y-serums"],"_links":{"self":[{"href":"https:\/\/industriasoriol.com\/de\/wp-json\/wp\/v2\/product\/7889","targetHints":{"allow":["GET"]}}],"collection":[{"href":"https:\/\/industriasoriol.com\/de\/wp-json\/wp\/v2\/product"}],"about":[{"href":"https:\/\/industriasoriol.com\/de\/wp-json\/wp\/v2\/types\/product"}],"wp:attachment":[{"href":"https:\/\/industriasoriol.com\/de\/wp-json\/wp\/v2\/media?parent=7889"}],"wp:term":[{"taxonomy":"product_brand","embeddable":true,"href":"https:\/\/industriasoriol.com\/de\/wp-json\/wp\/v2\/product_brand?post=7889"},{"taxonomy":"product_category","embeddable":true,"href":"https:\/\/industriasoriol.com\/de\/wp-json\/wp\/v2\/product_category?post=7889"}],"curies":[{"name":"wp","href":"https:\/\/api.w.org\/{rel}","templated":true}]}}