{"id":7850,"date":"2025-08-09T11:42:32","date_gmt":"2025-08-09T11:42:32","guid":{"rendered":"https:\/\/industriasoriol.com\/product\/naricero-waterproof\/"},"modified":"2026-04-09T02:25:02","modified_gmt":"2026-04-09T00:25:02","slug":"naricero-waterproof","status":"publish","type":"product","link":"https:\/\/industriasoriol.com\/en\/producto\/naricero-waterproof\/","title":{"rendered":"NARICERO WATERPROOF"},"content":{"rendered":"<p>El naricero de Ragnar de motor japon\u00e9s est\u00e1 fabricado con materiales de primera calidad para ofrecer un gran acabado y una gran durabilidad. De uso f\u00e1cil y c\u00f3modo y resistente al agua, de manera que se puede limpiar y mantener m\u00e1s f\u00e1cilmente. El dise\u00f1o del cabezal con bordes redondeados y la cuchilla de acero inoxidable hacen que este recortador sea seguro y c\u00f3modo de usar, evitando cortes o irritaciones.<\/p>\n","protected":false},"featured_media":0,"template":"","meta":{"_eb_attr":""},"product_brand":[627],"product_category":[500],"class_list":["post-7850","product","type-product","status-publish","hentry","product_brand-ragnar","product_category-nariceros"],"_links":{"self":[{"href":"https:\/\/industriasoriol.com\/en\/wp-json\/wp\/v2\/product\/7850","targetHints":{"allow":["GET"]}}],"collection":[{"href":"https:\/\/industriasoriol.com\/en\/wp-json\/wp\/v2\/product"}],"about":[{"href":"https:\/\/industriasoriol.com\/en\/wp-json\/wp\/v2\/types\/product"}],"wp:attachment":[{"href":"https:\/\/industriasoriol.com\/en\/wp-json\/wp\/v2\/media?parent=7850"}],"wp:term":[{"taxonomy":"product_brand","embeddable":true,"href":"https:\/\/industriasoriol.com\/en\/wp-json\/wp\/v2\/product_brand?post=7850"},{"taxonomy":"product_category","embeddable":true,"href":"https:\/\/industriasoriol.com\/en\/wp-json\/wp\/v2\/product_category?post=7850"}],"curies":[{"name":"wp","href":"https:\/\/api.w.org\/{rel}","templated":true}]}}