{"id":112135,"date":"2025-07-08T07:54:55","date_gmt":"2025-07-08T05:54:55","guid":{"rendered":"https:\/\/industriasoriol.com\/a-propos\/"},"modified":"2025-09-30T17:09:12","modified_gmt":"2025-09-30T15:09:12","slug":"a-propos","status":"publish","type":"page","link":"https:\/\/industriasoriol.com\/fr\/a-propos\/","title":{"rendered":"\u00c0 propos"},"content":{"rendered":"\n<div class=\"wp-block-cover alignfull\" style=\"min-height:95vh;aspect-ratio:unset;\"><img loading=\"lazy\" decoding=\"async\" width=\"1024\" height=\"684\" class=\"wp-block-cover__image-background wp-image-7994 size-large\" alt=\"\" src=\"https:\/\/industriasoriol.com\/wp-content\/uploads\/2025\/08\/13-05-2017_00781-1024x684.jpg\" data-object-fit=\"cover\" srcset=\"https:\/\/industriasoriol.com\/wp-content\/uploads\/2025\/08\/13-05-2017_00781-1024x684.jpg 1024w, https:\/\/industriasoriol.com\/wp-content\/uploads\/2025\/08\/13-05-2017_00781-300x200.jpg 300w, https:\/\/industriasoriol.com\/wp-content\/uploads\/2025\/08\/13-05-2017_00781-768x513.jpg 768w, https:\/\/industriasoriol.com\/wp-content\/uploads\/2025\/08\/13-05-2017_00781-1536x1026.jpg 1536w, https:\/\/industriasoriol.com\/wp-content\/uploads\/2025\/08\/13-05-2017_00781.jpg 1600w\" sizes=\"auto, (max-width: 1024px) 100vw, 1024px\" \/><span aria-hidden=\"true\" class=\"wp-block-cover__background has-custom-black-background-color has-background-dim-30 has-background-dim\"><\/span><div class=\"wp-block-cover__inner-container has-global-padding is-layout-constrained wp-block-cover-is-layout-constrained\">\n<h1 class=\"wp-block-heading has-text-align-left\">80 ans. 3 g\u00e9n\u00e9rations. Une vision qui perdure.  <\/h1>\n\n\n\n<p>Industrias Oriol a \u00e9t\u00e9 fond\u00e9e en 1942 par Narciso Oriol, un homme convaincu que la qualit\u00e9 \u00e9tait une question de principe. Trois g\u00e9n\u00e9rations plus tard, cette conviction continue de fa\u00e7onner tout ce que nous faisons. Nous sommes un groupe familial ind\u00e9pendant, engag\u00e9 envers le professionnalisme, la performance et la valeur \u00e0 long terme.  <\/p>\n<\/div><\/div>\n\n\n\n<div class=\"wp-block-group story has-custom-black-background-color has-background has-global-padding is-layout-constrained wp-container-core-group-is-layout-d76b19c6 wp-block-group-is-layout-constrained\" style=\"min-height:75vh;margin-top:0px;padding-top:0;padding-right:var(--wp--preset--spacing--50);padding-bottom:0;padding-left:var(--wp--preset--spacing--50)\">\n<div style=\"height:100px\" aria-hidden=\"true\" class=\"wp-block-spacer\"><\/div>\n\n\n\n<div class=\"wp-block-columns is-layout-flex wp-container-core-columns-is-layout-28f84493 wp-block-columns-is-layout-flex\">\n<div class=\"wp-block-column story-text is-layout-flow wp-block-column-is-layout-flow\">\n<p class=\"story-chunk has-white-color has-text-color has-link-color has-medium-font-size wp-elements-9de2000e4641750d6bfc4450e94a7297\" style=\"font-style:normal;font-weight:300\">Industrias Oriol a vu le jour dans l&rsquo;arri\u00e8re-cour d&rsquo;un petit atelier barcelonais. Don Narc\u00eds n&rsquo;a pas d\u00e9marr\u00e9 avec un business plan&nbsp;; il a d\u00e9marr\u00e9 de ses propres mains, avec quelques outils et une id\u00e9e claire&nbsp;: cr\u00e9er de meilleurs produits pour les professionnels de la beaut\u00e9. <\/p>\n\n\n\n<p class=\"story-chunk has-white-color has-text-color has-link-color has-medium-font-size wp-elements-6fa0f939f6ed50890ad361dbabd8af3d\" style=\"font-style:normal;font-weight:300\">Fort d&rsquo;une formation en aviation et d&rsquo;un esprit m\u00e9canique, Don Narc\u00eds a innov\u00e9 au quotidien. Il a r\u00e9invent\u00e9 le simple bigoudi pour finalement cr\u00e9er une gamme compl\u00e8te d&rsquo;outils professionnels qui ont \u00e9tabli de nouvelles normes en salon. <\/p>\n\n\n\n<p class=\"story-chunk has-white-color has-text-color has-link-color has-medium-font-size wp-elements-f1d3ed52138b428085591afac1cff909\" style=\"font-style:normal;font-weight:300\">Il n&rsquo;a pas b\u00e2ti l&rsquo;entreprise seul. Il \u00e9tait \u00e0 l&rsquo;\u00e9coute de ses clients, de ses fournisseurs et des coiffeurs. Il a toujours trait\u00e9 chaque relation avec honn\u00eatet\u00e9 et attention. Ces premiers \u00e9changes ont fa\u00e7onn\u00e9 les valeurs que nous portons encore aujourd&rsquo;hui.   <\/p>\n<\/div>\n\n\n\n<div class=\"wp-block-column story-img is-layout-flow wp-block-column-is-layout-flow\">\n<div class=\"wp-block-cover\" style=\"border-radius:20px;min-height:704px;aspect-ratio:unset;\"><img loading=\"lazy\" decoding=\"async\" width=\"836\" height=\"1024\" class=\"wp-block-cover__image-background wp-image-108936 size-large\" alt=\"\" src=\"https:\/\/industriasoriol.com\/wp-content\/uploads\/2025\/08\/Narcis-Oriol-836x1024.jpg\" data-object-fit=\"cover\"\/><span aria-hidden=\"true\" class=\"wp-block-cover__background has-background-dim-0 has-background-dim\"><\/span><div class=\"wp-block-cover__inner-container has-global-padding is-layout-constrained wp-block-cover-is-layout-constrained\">\n<p class=\"has-text-align-center\"><\/p>\n<\/div><\/div>\n<\/div>\n<\/div>\n\n\n\n<div style=\"height:100px\" aria-hidden=\"true\" class=\"wp-block-spacer\"><\/div>\n<\/div>\n\n\n\n<div class=\"wp-block-group has-custom-gris-clar-background-color has-background has-global-padding is-layout-constrained wp-container-core-group-is-layout-3b0f2f7d wp-block-group-is-layout-constrained\" style=\"padding-right:20px;padding-left:20px\">\n<div class=\"wp-block-group alignwide timeline is-layout-flow wp-block-group-is-layout-flow\" style=\"padding-top:var(--wp--preset--spacing--80)\">\n<div class=\"wp-block-columns is-layout-flex wp-container-core-columns-is-layout-491c8ff3 wp-block-columns-is-layout-flex\" style=\"margin-bottom:0;padding-top:0;padding-bottom:0\">\n<div class=\"wp-block-column tl-aside is-layout-flow wp-block-column-is-layout-flow\" style=\"flex-basis:33%\">\n<h2 class=\"wp-block-heading\">Histoire<\/h2>\n\n\n\n<p>Notre voyage est compos\u00e9 d&rsquo;\u00e9tapes et de jalons importants<\/p>\n<\/div>\n\n\n\n<div class=\"wp-block-column tl-list is-layout-flow wp-block-column-is-layout-flow\">\n<div class=\"wp-block-columns are-vertically-aligned-top is-layout-flex wp-container-core-columns-is-layout-783b4be3 wp-block-columns-is-layout-flex\" style=\"margin-bottom:var(--wp--preset--spacing--60)\">\n<div class=\"wp-block-column is-vertically-aligned-top is-layout-flow wp-block-column-is-layout-flow\" style=\"flex-basis:45%\">\n<h2 class=\"wp-block-heading tl-year\">1942<\/h2>\n<\/div>\n\n\n\n<div class=\"wp-block-column is-vertically-aligned-top is-layout-flow wp-block-column-is-layout-flow\" style=\"flex-basis:100%\">\n<p class=\"tl-desc\">Don Narc\u00eds Oriol Quintana a fond\u00e9 Industrias Oriol dans un petit atelier de Barcelone, guid\u00e9 par des mains artisanales et un esprit visionnaire.<\/p>\n<\/div>\n<\/div>\n\n\n\n<hr class=\"wp-block-separator has-text-color has-alpha-channel-opacity has-background\" style=\"margin-top:0;margin-bottom:0;background-color:#d7d7d7;color:#d7d7d7\"\/>\n\n\n\n<div class=\"wp-block-columns are-vertically-aligned-top is-layout-flex wp-container-core-columns-is-layout-783b4be3 wp-block-columns-is-layout-flex\" style=\"margin-bottom:var(--wp--preset--spacing--60)\">\n<div class=\"wp-block-column is-vertically-aligned-top is-layout-flow wp-block-column-is-layout-flow\" style=\"flex-basis:45%\">\n<h2 class=\"wp-block-heading tl-year\">ann\u00e9es 1950<br> \u2014<br> ann\u00e9es 1970<\/h2>\n<\/div>\n\n\n\n<div class=\"wp-block-column is-vertically-aligned-top is-layout-flow wp-block-column-is-layout-flow\" style=\"flex-basis:100%\">\n<p class=\"tl-desc\">Des bigoudis faits \u00e0 la main \u00e0 la production \u00e0 grande \u00e9chelle, Industrias Oriol est devenue une entreprise de fabrication s\u00e9rieuse, sans compromettre les normes de son fondateur.<\/p>\n<\/div>\n<\/div>\n\n\n\n<hr class=\"wp-block-separator has-text-color has-alpha-channel-opacity has-background\" style=\"margin-top:0;margin-bottom:0;background-color:#d7d7d7;color:#d7d7d7\"\/>\n\n\n\n<div class=\"wp-block-columns are-vertically-aligned-top is-layout-flex wp-container-core-columns-is-layout-783b4be3 wp-block-columns-is-layout-flex\" style=\"margin-bottom:var(--wp--preset--spacing--60)\">\n<div class=\"wp-block-column is-vertically-aligned-top is-layout-flow wp-block-column-is-layout-flow\" style=\"flex-basis:45%\">\n<h2 class=\"wp-block-heading tl-year\">ann\u00e9es 1990<\/h2>\n<\/div>\n\n\n\n<div class=\"wp-block-column is-vertically-aligned-top is-layout-flow wp-block-column-is-layout-flow\" style=\"flex-basis:100%\">\n<p class=\"tl-desc\">L&rsquo;entreprise a commenc\u00e9 \u00e0 exporter vers l&rsquo;Europe et l&rsquo;Am\u00e9rique latine, gagnant la confiance en tant que marque professionnelle et fiable.<\/p>\n<\/div>\n<\/div>\n\n\n\n<hr class=\"wp-block-separator has-text-color has-alpha-channel-opacity has-background\" style=\"margin-top:0;margin-bottom:0;background-color:#d7d7d7;color:#d7d7d7\"\/>\n\n\n\n<div class=\"wp-block-columns are-vertically-aligned-top is-layout-flex wp-container-core-columns-is-layout-783b4be3 wp-block-columns-is-layout-flex\" style=\"margin-bottom:var(--wp--preset--spacing--60)\">\n<div class=\"wp-block-column is-vertically-aligned-top is-layout-flow wp-block-column-is-layout-flow\" style=\"flex-basis:45%\">\n<h2 class=\"wp-block-heading tl-year\">ann\u00e9es 2000<br> \u2014<br> ann\u00e9es 2010<\/h2>\n<\/div>\n\n\n\n<div class=\"wp-block-column is-vertically-aligned-top is-layout-flow wp-block-column-is-layout-flow\" style=\"flex-basis:100%\">\n<p class=\"tl-desc\">Industrias Oriol se d\u00e9veloppe dans les cosm\u00e9tiques et l&rsquo;esth\u00e9tique, lance sa filiale en Argentine et entre dans une nouvelle phase dirig\u00e9e par la troisi\u00e8me g\u00e9n\u00e9ration.<\/p>\n<\/div>\n<\/div>\n\n\n\n<hr class=\"wp-block-separator has-text-color has-alpha-channel-opacity has-background\" style=\"margin-top:0;margin-bottom:0;background-color:#d7d7d7;color:#d7d7d7\"\/>\n\n\n\n<div class=\"wp-block-columns are-vertically-aligned-top is-layout-flex wp-container-core-columns-is-layout-783b4be3 wp-block-columns-is-layout-flex\" style=\"margin-bottom:var(--wp--preset--spacing--60)\">\n<div class=\"wp-block-column is-vertically-aligned-top is-layout-flow wp-block-column-is-layout-flow\" style=\"flex-basis:45%\">\n<h2 class=\"wp-block-heading tl-year\">2025<\/h2>\n<\/div>\n\n\n\n<div class=\"wp-block-column is-vertically-aligned-top is-layout-flow wp-block-column-is-layout-flow\" style=\"flex-basis:100%\">\n<p class=\"tl-desc\">Apr\u00e8s plus de 80 ans, l&rsquo;esprit du fondateur reste au c\u0153ur de l&rsquo;entreprise, toujours ind\u00e9pendante, toujours familiale et toujours construite pour les professionnels.<\/p>\n<\/div>\n<\/div>\n\n\n\n<hr class=\"wp-block-separator has-text-color has-alpha-channel-opacity has-background\" style=\"margin-top:0;margin-bottom:0;background-color:#d7d7d7;color:#d7d7d7\"\/>\n\n\n\n<div class=\"wp-block-group tl-item has-global-padding is-layout-constrained wp-block-group-is-layout-constrained\">\n<p><\/p>\n\n\n\n<p class=\"tl-desc\"><\/p>\n<\/div>\n<\/div>\n<\/div>\n<\/div>\n\n\n\n<div class=\"wp-block-group has-global-padding is-layout-constrained wp-block-group-is-layout-constrained\">\n<div style=\"height:100px\" aria-hidden=\"true\" class=\"wp-block-spacer\"><\/div>\n\n\n\n<p>Vision<\/p>\n\n\n\n<h2 class=\"wp-block-heading has-large-font-size\">L&rsquo;h\u00e9ritage n&rsquo;est pas ce que nous laissons derri\u00e8re nous, mais ce que nous int\u00e9grons \u00e0 tout. <\/h2>\n\n\n\n<p>Chez Industrias Oriol, l&rsquo;h\u00e9ritage n&rsquo;est pas un souvenir, c&rsquo;est une m\u00e9thode. Il perdure dans notre fa\u00e7on de concevoir, de fabriquer et de prendre des d\u00e9cisions. Car lorsqu&rsquo;une entreprise est b\u00e2tie avec soin, clart\u00e9 et conviction, l&rsquo;h\u00e9ritage cesse d&rsquo;\u00eatre le pass\u00e9 et devient la norme. Depuis plus de 80 ans, nous fa\u00e7onnons des outils, des marques et des relations. Non pas pour les tendances d&rsquo;aujourd&rsquo;hui, mais pour les professionnels de demain. Non pas pour une croissance rapide, mais pour une croissance r\u00e9ussie.     <\/p>\n\n\n\n<div class=\"wp-block-columns is-layout-flex wp-container-core-columns-is-layout-28f84493 wp-block-columns-is-layout-flex\">\n<div class=\"wp-block-column card has-border-color is-layout-flow wp-block-column-is-layout-flow\" style=\"border-color:#abb8c3;border-width:1px;border-radius:30px;padding-top:20px;padding-right:20px;padding-bottom:20px;padding-left:20px\">\n<p class=\"has-large-font-size\" style=\"font-style:normal;font-weight:300\">01<\/p>\n\n\n\n<p class=\"has-medium-font-size\"><strong>Penser \u00e0 long terme, toujours.<\/strong><\/p>\n\n\n\n<p>Notre vision n&rsquo;est pas dict\u00e9e par le rythme du march\u00e9. Elle est guid\u00e9e par la valeur \u00e0 long terme, des relations durables et des marques qui \u00e9voluent avec nos clients, et non pas les devancent. <\/p>\n<\/div>\n\n\n\n<div class=\"wp-block-column card has-border-color is-layout-flow wp-block-column-is-layout-flow\" style=\"border-color:#abb8c3;border-width:1px;border-radius:30px;padding-top:20px;padding-right:20px;padding-bottom:20px;padding-left:20px\">\n<p class=\"has-large-font-size\" style=\"font-style:normal;font-weight:300\">02<\/p>\n\n\n\n<p class=\"has-medium-font-size\"><strong>Des professionnels au centre<\/strong><\/p>\n\n\n\n<p>Des coiffeurs aux esth\u00e9ticiennes en passant par les barbiers, chaque innovation commence par l&rsquo;\u00e9coute. Notre objectif n&rsquo;est pas d&rsquo;impressionner, mais de responsabiliser. <\/p>\n<\/div>\n\n\n\n<div class=\"wp-block-column card has-border-color is-layout-flow wp-block-column-is-layout-flow\" style=\"border-color:#abb8c3;border-width:1px;border-radius:30px;padding-top:20px;padding-right:20px;padding-bottom:20px;padding-left:20px\">\n<p class=\"has-large-font-size\" style=\"font-style:normal;font-weight:300\">03<\/p>\n\n\n\n<p class=\"has-medium-font-size\"><strong>Une plateforme mondiale, avec un objectif<\/strong><\/p>\n\n\n\n<p>Notre vision n&rsquo;est pas de dominer, mais de servir. Pr\u00e9sents dans plus de 75 pays, nous grandissons en gagnant la confiance, et non en cherchant \u00e0 g\u00e9n\u00e9rer des volumes. <\/p>\n<\/div>\n<\/div>\n\n\n\n<div style=\"height:100px\" aria-hidden=\"true\" class=\"wp-block-spacer\"><\/div>\n<\/div>\n<\/div>\n\n\n\n<div class=\"wp-block-group has-global-padding is-layout-constrained wp-container-core-group-is-layout-3b0f2f7d wp-block-group-is-layout-constrained\" style=\"padding-right:20px;padding-left:20px\">\n<div style=\"height:100px\" aria-hidden=\"true\" class=\"wp-block-spacer\"><\/div>\n\n\n\n<div class=\"wp-block-columns is-layout-flex wp-container-core-columns-is-layout-28f84493 wp-block-columns-is-layout-flex\">\n<div class=\"wp-block-column is-vertically-aligned-center is-layout-flow wp-block-column-is-layout-flow\" style=\"padding-right:var(--wp--preset--spacing--60);padding-left:0\">\n<p class=\"has-text-align-left has-medium-font-size\" style=\"font-style:normal;font-weight:300\">Des d\u00e9cennies de croissance disciplin\u00e9e, de contr\u00f4le industriel et de vision \u00e0 long terme ont cr\u00e9\u00e9 un groupe qui non seulement perdure, mais qui dirige \u00e9galement.<\/p>\n<\/div>\n\n\n\n<div class=\"wp-block-column is-layout-flow wp-block-column-is-layout-flow\">\n<div class=\"wp-block-cover is-light\" style=\"border-radius:20px;min-height:375px;aspect-ratio:unset;\"><img loading=\"lazy\" decoding=\"async\" width=\"1024\" height=\"768\" class=\"wp-block-cover__image-background wp-image-108942 size-large\" alt=\"\" src=\"https:\/\/industriasoriol.com\/wp-content\/uploads\/2025\/08\/Industrias_Oriol_Dron_1-1024x768.jpg\" data-object-fit=\"cover\" srcset=\"https:\/\/industriasoriol.com\/wp-content\/uploads\/2025\/08\/Industrias_Oriol_Dron_1-1024x768.jpg 1024w, https:\/\/industriasoriol.com\/wp-content\/uploads\/2025\/08\/Industrias_Oriol_Dron_1-300x225.jpg 300w, https:\/\/industriasoriol.com\/wp-content\/uploads\/2025\/08\/Industrias_Oriol_Dron_1-768x576.jpg 768w, https:\/\/industriasoriol.com\/wp-content\/uploads\/2025\/08\/Industrias_Oriol_Dron_1.jpg 1200w\" sizes=\"auto, (max-width: 1024px) 100vw, 1024px\" \/><span aria-hidden=\"true\" class=\"wp-block-cover__background has-background-dim-0 has-background-dim\"><\/span><div class=\"wp-block-cover__inner-container has-global-padding is-layout-constrained wp-block-cover-is-layout-constrained\">\n<p class=\"has-text-align-center\"><\/p>\n<\/div><\/div>\n<\/div>\n<\/div>\n\n\n\n<div style=\"height:50px\" aria-hidden=\"true\" class=\"wp-block-spacer\"><\/div>\n\n\n\n<div class=\"wp-block-columns is-layout-flex wp-container-core-columns-is-layout-cbe57604 wp-block-columns-is-layout-flex\">\n<div class=\"wp-block-column is-layout-flow wp-block-column-is-layout-flow\" style=\"border-top-color:#dcdcdc;border-top-width:2px;padding-top:20px\">\n<p class=\"js-countup has-x-large-font-size\">80+<\/p>\n\n\n\n<p style=\"margin-top:0;margin-bottom:0;padding-top:0;padding-bottom:0;font-style:normal;font-weight:300;line-height:1.5\">Des ann\u00e9es d&rsquo;exp\u00e9rience<\/p>\n<\/div>\n\n\n\n<div class=\"wp-block-column is-layout-flow wp-block-column-is-layout-flow\" style=\"border-top-color:#dcdcdc;border-top-width:2px;padding-top:20px\">\n<p class=\"js-countup has-x-large-font-size\">75+<\/p>\n\n\n\n<p style=\"margin-top:0;margin-bottom:0;padding-top:0;padding-bottom:0;font-style:normal;font-weight:300;line-height:1.5\">Pays<\/p>\n<\/div>\n\n\n\n<div class=\"wp-block-column is-layout-flow wp-block-column-is-layout-flow\" style=\"border-top-color:#dcdcdc;border-top-width:2px;padding-top:20px\">\n<p class=\"js-countup has-x-large-font-size\">5.000+<\/p>\n\n\n\n<p style=\"margin-top:0;margin-bottom:0;padding-top:0;padding-bottom:0;font-style:normal;font-weight:300;line-height:1.5\">R\u00e9f\u00e9rences<\/p>\n<\/div>\n\n\n\n<div class=\"wp-block-column is-layout-flow wp-block-column-is-layout-flow\" style=\"border-top-color:#dcdcdc;border-top-width:2px;padding-top:20px\">\n<p class=\"js-countup has-x-large-font-size\">10+<\/p>\n\n\n\n<p style=\"margin-top:0;margin-bottom:0;padding-top:0;padding-bottom:0;font-style:normal;font-weight:300;line-height:1.5\">Marques<\/p>\n<\/div>\n<\/div>\n\n\n\n<div style=\"height:100px\" aria-hidden=\"true\" class=\"wp-block-spacer\"><\/div>\n<\/div>\n\n\n\n<div class=\"wp-block-group has-global-padding is-layout-constrained wp-block-group-is-layout-constrained\">\n<div class=\"wp-block-cover is-light\" style=\"min-height:495px;aspect-ratio:unset;\"><img loading=\"lazy\" decoding=\"async\" width=\"680\" height=\"471\" class=\"wp-block-cover__image-background wp-image-108948 size-full\" alt=\"\" src=\"https:\/\/industriasoriol.com\/wp-content\/uploads\/2025\/08\/instal-001.jpg\" data-object-fit=\"cover\" srcset=\"https:\/\/industriasoriol.com\/wp-content\/uploads\/2025\/08\/instal-001.jpg 680w, https:\/\/industriasoriol.com\/wp-content\/uploads\/2025\/08\/instal-001-300x208.jpg 300w\" sizes=\"auto, (max-width: 680px) 100vw, 680px\" \/><span aria-hidden=\"true\" class=\"wp-block-cover__background has-background-dim-0 has-background-dim\"><\/span><div class=\"wp-block-cover__inner-container has-global-padding is-layout-constrained wp-block-cover-is-layout-constrained\">\n<h3 class=\"wp-block-heading has-text-align-center has-white-color has-text-color has-link-color wp-elements-971469a3ca1a61066c0ed89f8b218658\">Nous ne nous contentons pas de fabriquer des produits. Nous nous appuyons sur ce que les professionnels construisent. <\/h3>\n\n\n\n<p class=\"has-text-align-center has-white-color has-text-color has-link-color wp-elements-c2b4bd2bdb6abb22757d413d9027a6c7\">Rejoignez le prochain chapitre<\/p>\n\n\n\n<div class=\"wp-block-buttons is-content-justification-center is-layout-flex wp-container-core-buttons-is-layout-a89b3969 wp-block-buttons-is-layout-flex\">\n<div class=\"wp-block-button\"><a class=\"wp-block-button__link wp-element-button\" href=\"https:\/\/industriasoriol.com\/fr\/contact\/\">Parlons-en<\/a><\/div>\n<\/div>\n<\/div><\/div>\n<\/div>\n\n\n\n<div style=\"height:100px\" aria-hidden=\"true\" class=\"wp-block-spacer\"><\/div>\n","protected":false},"excerpt":{"rendered":"<p>Industrias Oriol a vu le jour dans l&rsquo;arri\u00e8re-cour d&rsquo;un petit atelier barcelonais. Don Narc\u00eds n&rsquo;a pas d\u00e9marr\u00e9 avec un business plan&nbsp;; il a d\u00e9marr\u00e9 de ses propres mains, avec quelques outils et une id\u00e9e claire&nbsp;: cr\u00e9er de meilleurs produits pour les professionnels de la beaut\u00e9. Fort d&rsquo;une formation en aviation et d&rsquo;un esprit m\u00e9canique, Don [&hellip;]<\/p>\n","protected":false},"author":1,"featured_media":0,"parent":0,"menu_order":0,"comment_status":"closed","ping_status":"closed","template":"","meta":{"_eb_attr":"","footnotes":""},"class_list":["post-112135","page","type-page","status-publish","hentry"],"_links":{"self":[{"href":"https:\/\/industriasoriol.com\/fr\/wp-json\/wp\/v2\/pages\/112135","targetHints":{"allow":["GET"]}}],"collection":[{"href":"https:\/\/industriasoriol.com\/fr\/wp-json\/wp\/v2\/pages"}],"about":[{"href":"https:\/\/industriasoriol.com\/fr\/wp-json\/wp\/v2\/types\/page"}],"author":[{"embeddable":true,"href":"https:\/\/industriasoriol.com\/fr\/wp-json\/wp\/v2\/users\/1"}],"replies":[{"embeddable":true,"href":"https:\/\/industriasoriol.com\/fr\/wp-json\/wp\/v2\/comments?post=112135"}],"version-history":[{"count":3,"href":"https:\/\/industriasoriol.com\/fr\/wp-json\/wp\/v2\/pages\/112135\/revisions"}],"predecessor-version":[{"id":112155,"href":"https:\/\/industriasoriol.com\/fr\/wp-json\/wp\/v2\/pages\/112135\/revisions\/112155"}],"wp:attachment":[{"href":"https:\/\/industriasoriol.com\/fr\/wp-json\/wp\/v2\/media?parent=112135"}],"curies":[{"name":"wp","href":"https:\/\/api.w.org\/{rel}","templated":true}]}}