{"id":112218,"date":"2025-08-29T09:20:42","date_gmt":"2025-08-29T07:20:42","guid":{"rendered":"https:\/\/industriasoriol.com\/politique-relative-aux-cookies\/"},"modified":"2025-10-01T10:54:56","modified_gmt":"2025-10-01T08:54:56","slug":"politique-relative-aux-cookies","status":"publish","type":"page","link":"https:\/\/industriasoriol.com\/fr\/politique-relative-aux-cookies\/","title":{"rendered":"Politique relative aux cookies"},"content":{"rendered":"\n<div class=\"wp-block-group has-global-padding is-layout-constrained wp-block-group-is-layout-constrained\">\n<div class=\"wp-block-group alignwide has-global-padding is-layout-constrained wp-block-group-is-layout-constrained\">\n<div style=\"height:100px\" aria-hidden=\"true\" class=\"wp-block-spacer\"><\/div>\n\n\n\n<h2 class=\"wp-block-heading\">Politique relative aux cookies<\/h2>\n\n\n\n<p>Chez <strong>INDUSTRIAS ORIOL 1942, SL,<\/strong> nous utilisons des cookies pour vous offrir un meilleur service et une meilleure exp\u00e9rience de navigation. Nous souhaitons vous informer clairement et pr\u00e9cis\u00e9ment sur les cookies que nous utilisons. Nous d\u00e9taillons ci-dessous ce qu&rsquo;est un cookie, son utilit\u00e9, les types de cookies que nous utilisons, leur finalit\u00e9 et comment vous pouvez les configurer ou les d\u00e9sactiver si vous le souhaitez. <\/p>\n\n\n\n<h2 class=\"wp-block-heading\">QUE SONT LES COOKIES ?<\/h2>\n\n\n\n<p>Un cookie est un fichier t\u00e9l\u00e9charg\u00e9 sur votre ordinateur lorsque vous acc\u00e9dez \u00e0 certains sites web. Les cookies permettent notamment \u00e0 un site web de stocker et de r\u00e9cup\u00e9rer des informations sur les habitudes de navigation d&rsquo;un utilisateur ou sur son appareil. Selon les informations qu&rsquo;ils contiennent et la fa\u00e7on dont l&rsquo;utilisateur utilise son appareil, ils peuvent \u00eatre utilis\u00e9s pour le reconna\u00eetre. <\/p>\n\n\n\n<p>L&rsquo;ensemble des cookies de nos utilisateurs nous aide \u00e0 am\u00e9liorer la qualit\u00e9 de notre site web en identifiant les pages utiles, celles qui ne le sont pas et celles qui pourraient \u00eatre am\u00e9lior\u00e9es. Les cookies sont essentiels au fonctionnement d&rsquo;Internet, offrant de nombreux avantages pour la fourniture de services interactifs et facilitant la navigation et l&rsquo;utilisation de notre site web. En aucun cas, les cookies ne peuvent endommager votre ordinateur. Cependant, leur activation nous aide \u00e0 identifier et \u00e0 corriger les erreurs.   <\/p>\n\n\n\n<p>Les cookies ne vous identifient pas personnellement et ne pr\u00e9sentent aucun risque pour votre ordinateur ou appareil mobile. Ce ne sont ni des virus ni des logiciels espions. Ce sont simplement des outils utilis\u00e9s par les sites web que vous consultez pour am\u00e9liorer votre exp\u00e9rience de navigation, garantir la s\u00e9curit\u00e9 de vos donn\u00e9es en ligne, nous aider \u00e0 identifier les informations les plus utiles \u00e0 nos utilisateurs ou identifier les offres susceptibles de les int\u00e9resser. Tout cela est totalement anonyme\u00a0: nous ne conna\u00eetrons jamais votre nom, votre adresse ou votre num\u00e9ro de t\u00e9l\u00e9phone, sauf si vous nous les fournissez. Vous d\u00e9cidez d&rsquo;autoriser ou non les cookies, mais si vous choisissez de ne pas les accepter, vous devez les bloquer dans votre navigateur. Avant de les bloquer, nous souhaitons vous aider \u00e0 mieux comprendre comment les cookies sont utilis\u00e9s.     <\/p>\n\n\n\n<p>Veuillez \u00e9galement noter que si vous choisissez de ne pas autoriser l&rsquo;utilisation de cookies, certaines fonctionnalit\u00e9s du site Web peuvent ne pas fonctionner correctement et nous pourrions ne pas \u00eatre en mesure d&rsquo;adapter les informations que nous proposons \u00e0 vos int\u00e9r\u00eats.<\/p>\n\n\n\n<h2 class=\"wp-block-heading\">TYPES DE COOKIES :<\/h2>\n\n\n\n<p>Selon l&rsquo;entit\u00e9 qui les g\u00e8re, les cookies peuvent \u00eatre :<\/p>\n\n\n\n<ul class=\"wp-block-list\">\n<li><strong>Cookies propri\u00e9taires :<\/strong> il s&rsquo;agit de cookies envoy\u00e9s sur votre ordinateur depuis nos propres ordinateurs ou domaines, et \u00e0 partir desquels nous fournissons le service que vous demandez.<\/li>\n\n\n\n<li><strong>Cookies tiers :<\/strong> Il s&rsquo;agit de cookies envoy\u00e9s sur votre ordinateur depuis un ordinateur ou un domaine qui n&rsquo;est pas g\u00e9r\u00e9 par nous, mais par un autre partenaire.<\/li>\n<\/ul>\n\n\n\n<p>En fonction de la dur\u00e9e pendant laquelle ils restent actifs :<\/p>\n\n\n\n<ul class=\"wp-block-list\">\n<li><strong>Cookies de session\u00a0:<\/strong> Il s&rsquo;agit de cookies temporaires qui restent dans le fichier cookie de votre navigateur jusqu&rsquo;\u00e0 ce que vous quittiez le site web. Aucun n&rsquo;est donc enregistr\u00e9 sur le disque dur de votre ordinateur. Les informations obtenues gr\u00e2ce \u00e0 ces cookies servent \u00e0 analyser les tendances de navigation sur le site web. Cela nous permet ainsi d&rsquo;offrir une meilleure exp\u00e9rience, d&rsquo;am\u00e9liorer le contenu et de simplifier son utilisation.  <\/li>\n\n\n\n<li><strong>Cookies persistants\u00a0:<\/strong> Ils sont stock\u00e9s sur votre disque dur et lus par notre site web \u00e0 chaque nouvelle visite. Un cookie persistant a une date d&rsquo;expiration sp\u00e9cifique. Pass\u00e9 ce d\u00e9lai, il cesse de fonctionner. Nous utilisons g\u00e9n\u00e9ralement ces cookies pour faciliter les achats et les inscriptions.   <strong> <\/strong><\/li>\n<\/ul>\n\n\n\n<p>Selon son objectif :<\/p>\n\n\n\n<ul class=\"wp-block-list\">\n<li><strong>Cookies techniques<\/strong>\u00a0: Ils sont n\u00e9cessaires \u00e0 la navigation et au bon fonctionnement de notre site web. Ils permettent, par exemple, de surveiller le trafic et la communication de donn\u00e9es, d&rsquo;acc\u00e9der aux zones restreintes, d&rsquo;utiliser les fonctionnalit\u00e9s de s\u00e9curit\u00e9, de stocker du contenu pour diffuser des vid\u00e9os ou de partager du contenu sur les r\u00e9seaux sociaux. <\/li>\n\n\n\n<li><strong>Cookies analytiques<\/strong>\u00a0: Ils sont trait\u00e9s par nous ou par des tiers et nous permettent de quantifier le nombre d&rsquo;utilisateurs et ainsi d&rsquo;effectuer des mesures et analyses statistiques sur l&rsquo;utilisation du service propos\u00e9. Pour ce faire, nous analysons la navigation sur le site web afin de l&rsquo;am\u00e9liorer. <\/li>\n\n\n\n<li><strong>Cookies de session<\/strong>\u00a0: Il s&rsquo;agit de cookies temporaires qui restent dans le fichier cookie de votre navigateur jusqu&rsquo;\u00e0 ce que vous quittiez le site web. Aucun enregistrement n&rsquo;est donc effectu\u00e9 sur le disque dur de l&rsquo;utilisateur. Les informations obtenues gr\u00e2ce \u00e0 ces cookies servent \u00e0 analyser le trafic du site web. Cela nous permet ainsi d&rsquo;offrir une meilleure exp\u00e9rience, d&rsquo;am\u00e9liorer le contenu et de simplifier son utilisation.  <\/li>\n\n\n\n<li><strong>Cookies de personnalisation<\/strong> : Ces cookies permettent d&rsquo;acc\u00e9der au service avec des fonctionnalit\u00e9s pr\u00e9d\u00e9finies en fonction d&rsquo;une s\u00e9rie de crit\u00e8res, tels que la langue, le type de navigateur utilis\u00e9 pour acc\u00e9der au service, les param\u00e8tres r\u00e9gionaux \u00e0 partir desquels le service est accessible, etc.<\/li>\n\n\n\n<li><strong>Cookies publicitaires :<\/strong> Ces cookies nous permettent de g\u00e9rer le plus efficacement possible les espaces publicitaires inclus sur notre site Web.<\/li>\n\n\n\n<li><strong>Cookies de publicit\u00e9 comportementale\u00a0:<\/strong> Ces cookies stockent des informations sur le comportement des utilisateurs obtenues par observation continue. Ils nous permettent de comprendre vos habitudes de navigation sur Internet et de vous proposer des publicit\u00e9s adapt\u00e9es \u00e0 votre profil. <\/li>\n<\/ul>\n\n\n\n<p>Ci-dessous, nous d\u00e9taillons les cookies utilis\u00e9s sur notre site Web :<\/p>\n\n\n\n<p><strong>Supprimer ou bloquer les cookies :<\/strong><\/p>\n\n\n\n<p>Vous pouvez autoriser, bloquer ou supprimer les cookies install\u00e9s sur votre appareil en configurant les options de votre navigateur. Si vous n&rsquo;autorisez pas l&rsquo;installation de cookies dans votre navigateur, vous risquez de ne pas pouvoir acc\u00e9der \u00e0 certains services et votre exp\u00e9rience sur notre site web pourrait \u00eatre moins satisfaisante. <\/p>\n\n\n\n<p>Les liens suivants fournissent toutes les informations dont vous avez besoin pour configurer ou d\u00e9sactiver les cookies dans chaque navigateur :<\/p>\n\n\n\n<ul class=\"wp-block-list\">\n<li><strong>Mozilla Firefox<\/strong> : https:\/\/support.mozilla.org\/es\/kb\/habilitar-y-deshabilitar-cookies-sitios-web-rastrear-preferences?redirectlocale=es&amp;redirectslug=habilitar-y-deshabilitar-cookies-que-los-sitios-we<\/li>\n\n\n\n<li><strong>Chrome<\/strong> : https:\/\/support.google.com\/chrome\/answer\/95647?hl=es<\/li>\n\n\n\n<li><strong>Internet Explorer<\/strong> : https:\/\/support.microsoft.com\/es-es\/help\/17442\/windows-internet-explorer-delete-manage-cookies<\/li>\n\n\n\n<li><strong>Safari<\/strong> : http:\/\/support.apple.com\/kb\/ph5042<\/li>\n\n\n\n<li><strong>Op\u00e9ra<\/strong> : http:\/\/help.opera.com\/Windows\/11.50\/es-ES\/cookies.html<\/li>\n<\/ul>\n\n\n\n<p>Chez INDUSTRIAS ORIOL 1942, SL, nous ne conservons jamais les donn\u00e9es personnelles de nos utilisateurs, \u00e0 l&rsquo;exception de leur adresse IP, comme d\u00e9crit ci-dessus. Sauf inscription volontaire pour l&rsquo;achat des produits et services que nous proposons ou pour recevoir des informations sur les promotions et contenus susceptibles de vous int\u00e9resser, nous ne conservons jamais vos donn\u00e9es personnelles. En naviguant sur notre site web, vous consentez \u00e0 l&rsquo;utilisation des cookies susmentionn\u00e9s, dans les conditions d\u00e9finies dans la pr\u00e9sente Politique relative aux cookies. <\/p>\n\n\n\n<div style=\"height:100px\" aria-hidden=\"true\" class=\"wp-block-spacer\"><\/div>\n<\/div>\n<\/div>\n","protected":false},"excerpt":{"rendered":"<p>Politique relative aux cookies Chez INDUSTRIAS ORIOL 1942, SL, nous utilisons des cookies pour vous offrir un meilleur service et une meilleure exp\u00e9rience de navigation. Nous souhaitons vous informer clairement et pr\u00e9cis\u00e9ment sur les cookies que nous utilisons. Nous d\u00e9taillons ci-dessous ce qu&rsquo;est un cookie, son utilit\u00e9, les types de cookies que nous utilisons, leur [&hellip;]<\/p>\n","protected":false},"author":3,"featured_media":0,"parent":0,"menu_order":0,"comment_status":"closed","ping_status":"closed","template":"","meta":{"_eb_attr":"","footnotes":""},"class_list":["post-112218","page","type-page","status-publish","hentry"],"_links":{"self":[{"href":"https:\/\/industriasoriol.com\/fr\/wp-json\/wp\/v2\/pages\/112218","targetHints":{"allow":["GET"]}}],"collection":[{"href":"https:\/\/industriasoriol.com\/fr\/wp-json\/wp\/v2\/pages"}],"about":[{"href":"https:\/\/industriasoriol.com\/fr\/wp-json\/wp\/v2\/types\/page"}],"author":[{"embeddable":true,"href":"https:\/\/industriasoriol.com\/fr\/wp-json\/wp\/v2\/users\/3"}],"replies":[{"embeddable":true,"href":"https:\/\/industriasoriol.com\/fr\/wp-json\/wp\/v2\/comments?post=112218"}],"version-history":[{"count":1,"href":"https:\/\/industriasoriol.com\/fr\/wp-json\/wp\/v2\/pages\/112218\/revisions"}],"predecessor-version":[{"id":112219,"href":"https:\/\/industriasoriol.com\/fr\/wp-json\/wp\/v2\/pages\/112218\/revisions\/112219"}],"wp:attachment":[{"href":"https:\/\/industriasoriol.com\/fr\/wp-json\/wp\/v2\/media?parent=112218"}],"curies":[{"name":"wp","href":"https:\/\/api.w.org\/{rel}","templated":true}]}}