{"id":635255,"date":"2026-04-09T02:02:46","date_gmt":"2026-04-09T00:02:46","guid":{"rendered":"https:\/\/industriasoriol.com\/?p=635255"},"modified":"2026-04-09T02:02:46","modified_gmt":"2026-04-09T00:02:46","slug":"seche-cheveux-vision%c2%b7air","status":"publish","type":"product","link":"https:\/\/industriasoriol.com\/fr\/producto\/seche-cheveux-vision%c2%b7air\/","title":{"rendered":"S\u00c8CHE-CHEVEUX VISION\u00b7AIR"},"content":{"rendered":"<p>Ce s\u00e8che-cheveux combine un poids l\u00e9ger avec un design ergonomique qui garantit une exp\u00e9rience d&rsquo;utilisation confortable et efficace. Il inclut \u00e0 la fois une buse et un diffuseur, ce qui permet de personnaliser les techniques de coiffure selon les besoins de chaque client.<\/p>\n<p style=\"line-height: 1\" data-mce-style=\"line-height: 1;\">Puissance : 1500 W<\/p>\n<p style=\"line-height: 1\" data-mce-style=\"line-height: 1;\">Moteur : BLDC<\/p>\n<p style=\"line-height: 1\" data-mce-style=\"line-height: 1;\">Caract\u00e9ristiques : \u00c9cran circulaire. G\u00e9n\u00e9rateur d&rsquo;ions.<\/p>\n","protected":false},"featured_media":0,"template":"","meta":{"_eb_attr":""},"product_brand":[1579],"product_category":[332],"class_list":["post-635255","product","type-product","status-publish","hentry","product_brand-1579","product_category-secadores"],"_links":{"self":[{"href":"https:\/\/industriasoriol.com\/fr\/wp-json\/wp\/v2\/product\/635255","targetHints":{"allow":["GET"]}}],"collection":[{"href":"https:\/\/industriasoriol.com\/fr\/wp-json\/wp\/v2\/product"}],"about":[{"href":"https:\/\/industriasoriol.com\/fr\/wp-json\/wp\/v2\/types\/product"}],"wp:attachment":[{"href":"https:\/\/industriasoriol.com\/fr\/wp-json\/wp\/v2\/media?parent=635255"}],"wp:term":[{"taxonomy":"product_brand","embeddable":true,"href":"https:\/\/industriasoriol.com\/fr\/wp-json\/wp\/v2\/product_brand?post=635255"},{"taxonomy":"product_category","embeddable":true,"href":"https:\/\/industriasoriol.com\/fr\/wp-json\/wp\/v2\/product_category?post=635255"}],"curies":[{"name":"wp","href":"https:\/\/api.w.org\/{rel}","templated":true}]}}