{"id":636512,"date":"2026-04-09T02:15:31","date_gmt":"2026-04-09T00:15:31","guid":{"rendered":"https:\/\/industriasoriol.com\/?p=636512"},"modified":"2026-04-09T02:15:31","modified_gmt":"2026-04-09T00:15:31","slug":"brosse-pour-definir-les-boucles","status":"publish","type":"product","link":"https:\/\/industriasoriol.com\/fr\/producto\/brosse-pour-definir-les-boucles\/","title":{"rendered":"BROSSE POUR D\u00c9FINIR LES BOUCLES"},"content":{"rendered":"<p data-start=\"800\" data-end=\"1112\">D\u00e9finissez vos boucles facilement gr\u00e2ce \u00e0 son design ergonomique et sa structure a\u00e9r\u00e9e qui acc\u00e9l\u00e8re le s\u00e9chage tout en r\u00e9duisant les frisottis. Id\u00e9al pour les cheveux boucl\u00e9s ou ondul\u00e9s, il met en valeur la forme naturelle des boucles et am\u00e9liore la circulation de l\u2019air lors de l\u2019utilisation du s\u00e8che-cheveux.<\/p>\n<p data-start=\"1114\" data-end=\"1256\">Ses poils en nylon souple \u00e0 embouts arrondis d\u00e9m\u00ealent en douceur, prennent soin du cuir chevelu et offrent un grand confort d\u2019utilisation.<\/p>\n<p data-start=\"1258\" data-end=\"1280\"><strong data-start=\"1258\" data-end=\"1280\">Caract\u00e9ristiques :<\/strong><\/p>\n<ul data-start=\"1281\" data-end=\"1489\">\n<li data-start=\"1281\" data-end=\"1329\">\n<p data-start=\"1283\" data-end=\"1329\">Poils en nylon souple \u00e0 embouts arrondis<\/p>\n<\/li>\n<li data-start=\"1330\" data-end=\"1358\">\n<p data-start=\"1332\" data-end=\"1358\">Respecte le cuir chevelu<\/p>\n<\/li>\n<li data-start=\"1359\" data-end=\"1400\">\n<p data-start=\"1361\" data-end=\"1400\">Convient aux cheveux secs ou mouill\u00e9s<\/p>\n<\/li>\n<li data-start=\"1401\" data-end=\"1429\">\n<p data-start=\"1403\" data-end=\"1429\">D\u00e9m\u00ealage tout en douceur<\/p>\n<\/li>\n<li data-start=\"1430\" data-end=\"1489\">\n<p data-start=\"1432\" data-end=\"1489\">Id\u00e9al pour d\u00e9finir les boucles et r\u00e9duire les frisottis<\/p>\n<\/li>\n<\/ul>\n","protected":false},"featured_media":0,"template":"","meta":{"_eb_attr":""},"product_brand":[1579],"product_category":[1655],"class_list":["post-636512","product","type-product","status-publish","hentry","product_brand-1579","product_category-cepillos-rizadores"],"_links":{"self":[{"href":"https:\/\/industriasoriol.com\/fr\/wp-json\/wp\/v2\/product\/636512","targetHints":{"allow":["GET"]}}],"collection":[{"href":"https:\/\/industriasoriol.com\/fr\/wp-json\/wp\/v2\/product"}],"about":[{"href":"https:\/\/industriasoriol.com\/fr\/wp-json\/wp\/v2\/types\/product"}],"wp:attachment":[{"href":"https:\/\/industriasoriol.com\/fr\/wp-json\/wp\/v2\/media?parent=636512"}],"wp:term":[{"taxonomy":"product_brand","embeddable":true,"href":"https:\/\/industriasoriol.com\/fr\/wp-json\/wp\/v2\/product_brand?post=636512"},{"taxonomy":"product_category","embeddable":true,"href":"https:\/\/industriasoriol.com\/fr\/wp-json\/wp\/v2\/product_category?post=636512"}],"curies":[{"name":"wp","href":"https:\/\/api.w.org\/{rel}","templated":true}]}}