{"id":636622,"date":"2026-04-09T02:16:31","date_gmt":"2026-04-09T00:16:31","guid":{"rendered":"https:\/\/industriasoriol.com\/?p=636622"},"modified":"2026-04-09T02:16:31","modified_gmt":"2026-04-09T00:16:31","slug":"protecteur-thermique-250-ml","status":"publish","type":"product","link":"https:\/\/industriasoriol.com\/fr\/producto\/protecteur-thermique-250-ml\/","title":{"rendered":"PROTECTEUR THERMIQUE 250 ML."},"content":{"rendered":"<p data-start=\"659\" data-end=\"904\"><strong data-start=\"659\" data-end=\"692\">Prot\u00e8ge et soigne les cheveux<\/strong> contre la chaleur des s\u00e8che-cheveux, lisseurs et fers \u00e0 boucler. Sa formule conditionnante pr\u00e9vient les frisottis et laisse les cheveux plus doux, souples et brillants tout en r\u00e9duisant l\u2019\u00e9lectricit\u00e9 statique.<\/p>\n<p data-start=\"906\" data-end=\"1126\"><strong data-start=\"906\" data-end=\"923\">Application :<\/strong><br data-start=\"923\" data-end=\"926\">Agiter avant utilisation. Appliquer sur les cheveux, en insistant sur les zones les plus fris\u00e9es avant d\u2019utiliser des appareils chauffants. Peut s\u2019appliquer sur cheveux humides. Usage professionnel.<\/p>\n<p data-start=\"1128\" data-end=\"1149\"><strong data-start=\"1128\" data-end=\"1140\">Format :<\/strong> 250 ml<\/p>\n","protected":false},"featured_media":0,"template":"","meta":{"_eb_attr":""},"product_brand":[1594],"product_category":[1676],"class_list":["post-636622","product","type-product","status-publish","hentry","product_brand-1594","product_category-aceites-y-serums"],"_links":{"self":[{"href":"https:\/\/industriasoriol.com\/fr\/wp-json\/wp\/v2\/product\/636622","targetHints":{"allow":["GET"]}}],"collection":[{"href":"https:\/\/industriasoriol.com\/fr\/wp-json\/wp\/v2\/product"}],"about":[{"href":"https:\/\/industriasoriol.com\/fr\/wp-json\/wp\/v2\/types\/product"}],"wp:attachment":[{"href":"https:\/\/industriasoriol.com\/fr\/wp-json\/wp\/v2\/media?parent=636622"}],"wp:term":[{"taxonomy":"product_brand","embeddable":true,"href":"https:\/\/industriasoriol.com\/fr\/wp-json\/wp\/v2\/product_brand?post=636622"},{"taxonomy":"product_category","embeddable":true,"href":"https:\/\/industriasoriol.com\/fr\/wp-json\/wp\/v2\/product_category?post=636622"}],"curies":[{"name":"wp","href":"https:\/\/api.w.org\/{rel}","templated":true}]}}