{"id":637489,"date":"2026-04-09T02:24:35","date_gmt":"2026-04-09T00:24:35","guid":{"rendered":"https:\/\/industriasoriol.com\/?p=637489"},"modified":"2026-04-09T02:24:35","modified_gmt":"2026-04-09T00:24:35","slug":"casque-noir-thermo-activateur-mure-ceriotti","status":"publish","type":"product","link":"https:\/\/industriasoriol.com\/fr\/producto\/casque-noir-thermo-activateur-mure-ceriotti\/","title":{"rendered":"CASQUE NOIR THERMO ACTIVATEUR MURE CERIOTTI"},"content":{"rendered":"<p>MX3600 est un thermostimulateur compact au design innovant qui offre un maximum de confort au client. Avec minuterie, r\u00e9gulation \u00e9lectronique du rayonnement \u00e9nerg\u00e9tique et 5 interrupteurs individuels pour allumer et \u00e9teindre chaque lampe. Il est \u00e9quip\u00e9 d&rsquo;un pied et de cinq roulettes rotatives. Support mural.<\/p>\n","protected":false},"featured_media":0,"template":"","meta":{"_eb_attr":""},"product_brand":[1613],"product_category":[341],"class_list":["post-637489","product","type-product","status-publish","hentry","product_brand-1613","product_category-activadores"],"_links":{"self":[{"href":"https:\/\/industriasoriol.com\/fr\/wp-json\/wp\/v2\/product\/637489","targetHints":{"allow":["GET"]}}],"collection":[{"href":"https:\/\/industriasoriol.com\/fr\/wp-json\/wp\/v2\/product"}],"about":[{"href":"https:\/\/industriasoriol.com\/fr\/wp-json\/wp\/v2\/types\/product"}],"wp:attachment":[{"href":"https:\/\/industriasoriol.com\/fr\/wp-json\/wp\/v2\/media?parent=637489"}],"wp:term":[{"taxonomy":"product_brand","embeddable":true,"href":"https:\/\/industriasoriol.com\/fr\/wp-json\/wp\/v2\/product_brand?post=637489"},{"taxonomy":"product_category","embeddable":true,"href":"https:\/\/industriasoriol.com\/fr\/wp-json\/wp\/v2\/product_category?post=637489"}],"curies":[{"name":"wp","href":"https:\/\/api.w.org\/{rel}","templated":true}]}}