{"id":637983,"date":"2026-04-09T02:29:08","date_gmt":"2026-04-09T00:29:08","guid":{"rendered":"https:\/\/industriasoriol.com\/?p=637983"},"modified":"2026-04-09T02:29:08","modified_gmt":"2026-04-09T00:29:08","slug":"cartouche-cire-viseur-cote-thermostat","status":"publish","type":"product","link":"https:\/\/industriasoriol.com\/fr\/producto\/cartouche-cire-viseur-cote-thermostat\/","title":{"rendered":"CARTOUCHE CIRE VISEUR COTE THERMOSTAT"},"content":{"rendered":"<h3 data-start=\"874\" data-end=\"898\">Caract\u00e9ristiques :<\/h3>\n<ul data-start=\"899\" data-end=\"1299\">\n<li data-start=\"899\" data-end=\"963\">\n<p data-start=\"901\" data-end=\"963\">Fen\u00eatre lat\u00e9rale pour v\u00e9rifier facilement le niveau de cire.<\/p>\n<\/li>\n<li data-start=\"964\" data-end=\"1018\">\n<p data-start=\"966\" data-end=\"1018\">Design ergonomique, confortable et s\u00fbr \u00e0 utiliser.<\/p>\n<\/li>\n<li data-start=\"1019\" data-end=\"1087\">\n<p data-start=\"1021\" data-end=\"1087\">Chauffe rapidement : atteint rapidement la temp\u00e9rature optimale.<\/p>\n<\/li>\n<li data-start=\"1088\" data-end=\"1176\">\n<p data-start=\"1090\" data-end=\"1176\">Compatible avec tous les cartouches roll-on, gr\u00e2ce \u00e0 son design int\u00e9rieur adaptable.<\/p>\n<\/li>\n<li data-start=\"1177\" data-end=\"1260\">\n<p data-start=\"1179\" data-end=\"1260\">Thermostat interne non r\u00e9glable maintenant la temp\u00e9rature id\u00e9ale d\u2019application.<\/p>\n<\/li>\n<li data-start=\"1261\" data-end=\"1299\">\n<p data-start=\"1263\" data-end=\"1299\">T\u00e9moin lumineux LED de marche\/arr\u00eat.<\/p>\n<\/li>\n<\/ul>\n<h3 data-start=\"1301\" data-end=\"1334\">Sp\u00e9cifications Techniques :<\/h3>\n<ul data-start=\"1335\" data-end=\"1545\">\n<li data-start=\"1335\" data-end=\"1358\">\n<p data-start=\"1337\" data-end=\"1358\">Tension : 100\u2013240V~<\/p>\n<\/li>\n<li data-start=\"1359\" data-end=\"1383\">\n<p data-start=\"1361\" data-end=\"1383\">Fr\u00e9quence : 50\u201360 Hz<\/p>\n<\/li>\n<li data-start=\"1384\" data-end=\"1403\">\n<p data-start=\"1386\" data-end=\"1403\">Puissance : 15W<\/p>\n<\/li>\n<li data-start=\"1404\" data-end=\"1419\">\n<p data-start=\"1406\" data-end=\"1419\">Classe : II<\/p>\n<\/li>\n<li data-start=\"1420\" data-end=\"1471\">\n<p data-start=\"1422\" data-end=\"1471\">Plage de temp\u00e9rature (sans cire) : 80\u00b0C \u2013 105\u00b0C<\/p>\n<\/li>\n<li data-start=\"1472\" data-end=\"1545\">\n<p data-start=\"1474\" data-end=\"1545\">Temps de fusion de la cire : 23\u201325 minutes*<br data-start=\"1517\" data-end=\"1520\">* \u00c0 temp\u00e9rature ambiante<\/p>\n<\/li>\n<\/ul>\n","protected":false},"featured_media":0,"template":"","meta":{"_eb_attr":""},"product_brand":[1583],"product_category":[555],"class_list":["post-637983","product","type-product","status-publish","hentry","product_brand-1583","product_category-calentador-roll-on"],"_links":{"self":[{"href":"https:\/\/industriasoriol.com\/fr\/wp-json\/wp\/v2\/product\/637983","targetHints":{"allow":["GET"]}}],"collection":[{"href":"https:\/\/industriasoriol.com\/fr\/wp-json\/wp\/v2\/product"}],"about":[{"href":"https:\/\/industriasoriol.com\/fr\/wp-json\/wp\/v2\/types\/product"}],"wp:attachment":[{"href":"https:\/\/industriasoriol.com\/fr\/wp-json\/wp\/v2\/media?parent=637983"}],"wp:term":[{"taxonomy":"product_brand","embeddable":true,"href":"https:\/\/industriasoriol.com\/fr\/wp-json\/wp\/v2\/product_brand?post=637983"},{"taxonomy":"product_category","embeddable":true,"href":"https:\/\/industriasoriol.com\/fr\/wp-json\/wp\/v2\/product_category?post=637983"}],"curies":[{"name":"wp","href":"https:\/\/api.w.org\/{rel}","templated":true}]}}