{"id":639231,"date":"2026-04-09T02:41:00","date_gmt":"2026-04-09T00:41:00","guid":{"rendered":"https:\/\/industriasoriol.com\/?p=639231"},"modified":"2026-04-09T02:41:00","modified_gmt":"2026-04-09T00:41:00","slug":"serum-tassel-argan-50ml","status":"publish","type":"product","link":"https:\/\/industriasoriol.com\/fr\/producto\/serum-tassel-argan-50ml\/","title":{"rendered":"SERUM TASSEL &#8211; ARGAN 50ML"},"content":{"rendered":"<p data-start=\"652\" data-end=\"858\"><strong data-start=\"652\" data-end=\"691\">S\u00e9rum capillaire \u00e0 l\u2019huile d\u2019argan.<\/strong> R\u00e9pare et conditionne les cheveux, \u00e9liminant instantan\u00e9ment les frisottis. Sa formule fortifiante agit de l\u2019int\u00e9rieur pour restaurer les cheveux ab\u00eem\u00e9s et cassants.<\/p>\n<p data-start=\"860\" data-end=\"1162\"><strong data-start=\"860\" data-end=\"875\">APPLICATION<\/strong><br data-start=\"875\" data-end=\"878\">Sur cheveux humides, appliquer 1 \u00e0 2 fois par semaine apr\u00e8s le lavage. Masser du cuir chevelu jusqu\u2019aux pointes pendant 2 \u00e0 3 minutes, puis rincer soigneusement. Sur cheveux secs, d\u00e9poser 3 \u00e0 4 gouttes dans la paume de la main et appliquer uniform\u00e9ment des mi-longueurs aux pointes.<\/p>\n<p data-start=\"1164\" data-end=\"1176\"><strong data-start=\"1164\" data-end=\"1174\">FORMAT<\/strong><\/p>\n<ul data-start=\"1177\" data-end=\"1185\">\n<li data-start=\"1177\" data-end=\"1185\">\n<p data-start=\"1179\" data-end=\"1185\">50ml<\/p>\n<\/li>\n<\/ul>\n","protected":false},"featured_media":0,"template":"","meta":{"_eb_attr":""},"product_brand":[1594],"product_category":[1676],"class_list":["post-639231","product","type-product","status-publish","hentry","product_brand-1594","product_category-aceites-y-serums"],"_links":{"self":[{"href":"https:\/\/industriasoriol.com\/fr\/wp-json\/wp\/v2\/product\/639231","targetHints":{"allow":["GET"]}}],"collection":[{"href":"https:\/\/industriasoriol.com\/fr\/wp-json\/wp\/v2\/product"}],"about":[{"href":"https:\/\/industriasoriol.com\/fr\/wp-json\/wp\/v2\/types\/product"}],"wp:attachment":[{"href":"https:\/\/industriasoriol.com\/fr\/wp-json\/wp\/v2\/media?parent=639231"}],"wp:term":[{"taxonomy":"product_brand","embeddable":true,"href":"https:\/\/industriasoriol.com\/fr\/wp-json\/wp\/v2\/product_brand?post=639231"},{"taxonomy":"product_category","embeddable":true,"href":"https:\/\/industriasoriol.com\/fr\/wp-json\/wp\/v2\/product_category?post=639231"}],"curies":[{"name":"wp","href":"https:\/\/api.w.org\/{rel}","templated":true}]}}