{"id":639601,"date":"2026-04-09T02:44:30","date_gmt":"2026-04-09T00:44:30","guid":{"rendered":"https:\/\/industriasoriol.com\/?p=639601"},"modified":"2026-04-09T02:44:30","modified_gmt":"2026-04-09T00:44:30","slug":"lisseur-a-vapeur","status":"publish","type":"product","link":"https:\/\/industriasoriol.com\/fr\/producto\/lisseur-a-vapeur\/","title":{"rendered":"LISSEUR \u00c0 VAPEUR"},"content":{"rendered":"<p data-start=\"1099\" data-end=\"1464\">Le lisseur \u00e0 vapeur STEAM offre aux cheveux une finition douce et brillante gr\u00e2ce \u00e0 ses plaques en c\u00e9ramique-tourmaline, son g\u00e9n\u00e9rateur d\u2019ions et la technologie Nano Silver.<br data-start=\"1272\" data-end=\"1275\">Sa puissance \u00e9lev\u00e9e et son grand r\u00e9servoir g\u00e9n\u00e8rent 5 grammes de vapeur par minute, id\u00e9al pour un travail intensif, m\u00eame sur cheveux longs.<br data-start=\"1414\" data-end=\"1417\"><em data-start=\"1417\" data-end=\"1462\">Remplir uniquement avec de l\u2019eau distill\u00e9e.<\/em><\/p>\n<p data-start=\"1466\" data-end=\"1488\"><strong data-start=\"1466\" data-end=\"1486\">CARACT\u00c9RISTIQUES<\/strong><\/p>\n<ul data-start=\"1489\" data-end=\"1998\">\n<li data-start=\"1489\" data-end=\"1513\">\n<p data-start=\"1491\" data-end=\"1513\">Tension : 100\u2013240 V~<\/p>\n<\/li>\n<li data-start=\"1514\" data-end=\"1538\">\n<p data-start=\"1516\" data-end=\"1538\">Fr\u00e9quence : 50\/60 Hz<\/p>\n<\/li>\n<li data-start=\"1539\" data-end=\"1560\">\n<p data-start=\"1541\" data-end=\"1560\">Puissance : 250 W<\/p>\n<\/li>\n<li data-start=\"1561\" data-end=\"1607\">\n<p data-start=\"1563\" data-end=\"1607\">Plaques flottantes en c\u00e9ramique-tourmaline<\/p>\n<\/li>\n<li data-start=\"1608\" data-end=\"1629\">\n<p data-start=\"1610\" data-end=\"1629\">G\u00e9n\u00e9rateur d\u2019ions<\/p>\n<\/li>\n<li data-start=\"1630\" data-end=\"1657\">\n<p data-start=\"1632\" data-end=\"1657\">Technologie Nano Silver<\/p>\n<\/li>\n<li data-start=\"1658\" data-end=\"1693\">\n<p data-start=\"1660\" data-end=\"1693\">Chauffe des plaques en 1 minute<\/p>\n<\/li>\n<li data-start=\"1694\" data-end=\"1743\">\n<p data-start=\"1696\" data-end=\"1743\">Arr\u00eat automatique (apr\u00e8s 20 min d\u2019inactivit\u00e9)<\/p>\n<\/li>\n<li data-start=\"1744\" data-end=\"1786\">\n<p data-start=\"1746\" data-end=\"1786\">5 temp\u00e9ratures (150\u2013170\u2013190\u2013210\u2013230\u00b0C)<\/p>\n<\/li>\n<li data-start=\"1787\" data-end=\"1808\">\n<p data-start=\"1789\" data-end=\"1808\">R\u00e9servoir : 40 ml<\/p>\n<\/li>\n<li data-start=\"1809\" data-end=\"1845\">\n<p data-start=\"1811\" data-end=\"1845\">Bouteille de remplissage : 40 ml<\/p>\n<\/li>\n<li data-start=\"1846\" data-end=\"1880\">\n<p data-start=\"1848\" data-end=\"1880\">Production de vapeur : 5 g\/min<\/p>\n<\/li>\n<li data-start=\"1881\" data-end=\"1914\">\n<p data-start=\"1883\" data-end=\"1914\">Convient aux cheveux naturels<\/p>\n<\/li>\n<li data-start=\"1915\" data-end=\"1946\">\n<p data-start=\"1917\" data-end=\"1946\">C\u00e2ble rotatif 360\u00b0 de 2,5 m<\/p>\n<\/li>\n<li data-start=\"1947\" data-end=\"1980\">\n<p data-start=\"1949\" data-end=\"1980\">Dimensions : 318 x 55 x 54 mm<\/p>\n<\/li>\n<li data-start=\"1981\" data-end=\"1998\">\n<p data-start=\"1983\" data-end=\"1998\">Poids : 680 g<\/p>\n<\/li>\n<\/ul>\n","protected":false},"featured_media":0,"template":"","meta":{"_eb_attr":""},"product_brand":[1579],"product_category":[344],"class_list":["post-639601","product","type-product","status-publish","hentry","product_brand-1579","product_category-planchas"],"_links":{"self":[{"href":"https:\/\/industriasoriol.com\/fr\/wp-json\/wp\/v2\/product\/639601","targetHints":{"allow":["GET"]}}],"collection":[{"href":"https:\/\/industriasoriol.com\/fr\/wp-json\/wp\/v2\/product"}],"about":[{"href":"https:\/\/industriasoriol.com\/fr\/wp-json\/wp\/v2\/types\/product"}],"wp:attachment":[{"href":"https:\/\/industriasoriol.com\/fr\/wp-json\/wp\/v2\/media?parent=639601"}],"wp:term":[{"taxonomy":"product_brand","embeddable":true,"href":"https:\/\/industriasoriol.com\/fr\/wp-json\/wp\/v2\/product_brand?post=639601"},{"taxonomy":"product_category","embeddable":true,"href":"https:\/\/industriasoriol.com\/fr\/wp-json\/wp\/v2\/product_category?post=639601"}],"curies":[{"name":"wp","href":"https:\/\/api.w.org\/{rel}","templated":true}]}}