{"id":640447,"date":"2026-04-09T02:52:32","date_gmt":"2026-04-09T00:52:32","guid":{"rendered":"https:\/\/industriasoriol.com\/?p=640447"},"modified":"2026-04-09T02:52:32","modified_gmt":"2026-04-09T00:52:32","slug":"huile-fresh-500-ml","status":"publish","type":"product","link":"https:\/\/industriasoriol.com\/fr\/producto\/huile-fresh-500-ml\/","title":{"rendered":"HUILE FRESH 500 ML."},"content":{"rendered":"<p data-start=\"172\" data-end=\"232\">Huile en spray hautement efficace qui agit sur les lames :<\/p>\n<ul data-start=\"233\" data-end=\"321\">\n<li data-start=\"233\" data-end=\"248\">\n<p data-start=\"235\" data-end=\"248\">Rafra\u00eechit.<\/p>\n<\/li>\n<li data-start=\"249\" data-end=\"291\">\n<p data-start=\"251\" data-end=\"291\">Lubrifie. Prot\u00e8ge contre la corrosion.<\/p>\n<\/li>\n<li data-start=\"292\" data-end=\"321\">\n<p data-start=\"294\" data-end=\"321\">Nettoie la t\u00eate de coupe.<\/p>\n<\/li>\n<\/ul>\n<p data-start=\"323\" data-end=\"385\">\u00c0 USAGE EXCLUSIF pour coiffeurs et barbiers. Format : 500 ml<\/p>\n<p data-start=\"387\" data-end=\"582\"><strong data-start=\"387\" data-end=\"404\">MODE D\u2019EMPLOI<\/strong><br data-start=\"404\" data-end=\"407\">Tenir le flacon en position verticale et pulv\u00e9riser le produit \u00e0 une distance de 15 \u00e0 20 cm sur le dessus et les c\u00f4t\u00e9s de la t\u00eate de coupe, pendant ou apr\u00e8s son utilisation.<\/p>\n","protected":false},"featured_media":0,"template":"","meta":{"_eb_attr":""},"product_brand":[1587],"product_category":[1691],"class_list":["post-640447","product","type-product","status-publish","hentry","product_brand-1587","product_category-aceites-lubricantes-y-desinfectantes"],"_links":{"self":[{"href":"https:\/\/industriasoriol.com\/fr\/wp-json\/wp\/v2\/product\/640447","targetHints":{"allow":["GET"]}}],"collection":[{"href":"https:\/\/industriasoriol.com\/fr\/wp-json\/wp\/v2\/product"}],"about":[{"href":"https:\/\/industriasoriol.com\/fr\/wp-json\/wp\/v2\/types\/product"}],"wp:attachment":[{"href":"https:\/\/industriasoriol.com\/fr\/wp-json\/wp\/v2\/media?parent=640447"}],"wp:term":[{"taxonomy":"product_brand","embeddable":true,"href":"https:\/\/industriasoriol.com\/fr\/wp-json\/wp\/v2\/product_brand?post=640447"},{"taxonomy":"product_category","embeddable":true,"href":"https:\/\/industriasoriol.com\/fr\/wp-json\/wp\/v2\/product_category?post=640447"}],"curies":[{"name":"wp","href":"https:\/\/api.w.org\/{rel}","templated":true}]}}