{"id":640825,"date":"2026-04-09T02:56:15","date_gmt":"2026-04-09T00:56:15","guid":{"rendered":"https:\/\/industriasoriol.com\/?p=640825"},"modified":"2026-04-09T02:56:15","modified_gmt":"2026-04-09T00:56:15","slug":"hyaluronic-concentrated-serum-30ml","status":"publish","type":"product","link":"https:\/\/industriasoriol.com\/fr\/producto\/hyaluronic-concentrated-serum-30ml\/","title":{"rendered":"HYALURONIC CONCENTRATED SERUM 30ML"},"content":{"rendered":"<p data-start=\"688\" data-end=\"1022\"><strong data-start=\"688\" data-end=\"741\">S\u00e9rum \u00e0 haute concentration en acide hyaluronique<\/strong> qui aide \u00e0 r\u00e9hydrater la peau et \u00e0 pr\u00e9venir la perte d\u2019eau, tout en renfor\u00e7ant ses d\u00e9fenses et en am\u00e9liorant consid\u00e9rablement son volume, sa fermet\u00e9 et sa douceur. Gr\u00e2ce \u00e0 son effet anti-\u00e2ge, il combat les effets du temps, laissant la peau plus hydrat\u00e9e, \u00e9lastique et lumineuse.<\/p>\n<p data-start=\"1024\" data-end=\"1193\"><strong data-start=\"1024\" data-end=\"1039\">APPLICATION<\/strong><br data-start=\"1039\" data-end=\"1042\">Appliquer matin et soir avant la cr\u00e8me hydratante, sur la peau propre et s\u00e8che du visage, du cou et du d\u00e9collet\u00e9. Masser jusqu\u2019\u00e0 absorption compl\u00e8te.<\/p>\n<p data-start=\"1195\" data-end=\"1207\"><strong data-start=\"1195\" data-end=\"1205\">FORMAT<\/strong><\/p>\n<ul data-start=\"1208\" data-end=\"1216\">\n<li data-start=\"1208\" data-end=\"1216\">\n<p data-start=\"1210\" data-end=\"1216\">30ml<\/p>\n<\/li>\n<\/ul>\n","protected":false},"featured_media":0,"template":"","meta":{"_eb_attr":""},"product_brand":[1594],"product_category":[1676],"class_list":["post-640825","product","type-product","status-publish","hentry","product_brand-1594","product_category-aceites-y-serums"],"_links":{"self":[{"href":"https:\/\/industriasoriol.com\/fr\/wp-json\/wp\/v2\/product\/640825","targetHints":{"allow":["GET"]}}],"collection":[{"href":"https:\/\/industriasoriol.com\/fr\/wp-json\/wp\/v2\/product"}],"about":[{"href":"https:\/\/industriasoriol.com\/fr\/wp-json\/wp\/v2\/types\/product"}],"wp:attachment":[{"href":"https:\/\/industriasoriol.com\/fr\/wp-json\/wp\/v2\/media?parent=640825"}],"wp:term":[{"taxonomy":"product_brand","embeddable":true,"href":"https:\/\/industriasoriol.com\/fr\/wp-json\/wp\/v2\/product_brand?post=640825"},{"taxonomy":"product_category","embeddable":true,"href":"https:\/\/industriasoriol.com\/fr\/wp-json\/wp\/v2\/product_category?post=640825"}],"curies":[{"name":"wp","href":"https:\/\/api.w.org\/{rel}","templated":true}]}}