{"id":641145,"date":"2026-04-09T02:59:15","date_gmt":"2026-04-09T00:59:15","guid":{"rendered":"https:\/\/industriasoriol.com\/?p=641145"},"modified":"2026-04-09T02:59:15","modified_gmt":"2026-04-09T00:59:15","slug":"tondeuse-a-cheveux-avec-accessoires","status":"publish","type":"product","link":"https:\/\/industriasoriol.com\/fr\/producto\/tondeuse-a-cheveux-avec-accessoires\/","title":{"rendered":"TONDEUSE \u00c0 CHEVEUX AVEC ACCESSOIRES"},"content":{"rendered":"<p><strong>Puissance <\/strong>5 W<br \/><strong>Tours <\/strong>6 300 tr\/min<br \/><strong>Sortie <\/strong>DC SV 1A<br \/><strong>Lame <\/strong>Lame de 38 mm<br \/><strong>Brosses <\/strong>3\/6\/9\/12 mm + T<br \/><strong>Poids <\/strong>133 g<br \/><strong>Batterie <\/strong>Lithium-ion 600 mAh.<br \/><strong>Temps de charge<\/strong> 120 min<br \/><strong>Autonomie <\/strong>90 min<\/p>\n<p><strong>Accessoires <\/strong><\/p>\n<p>C\u00e2ble USB<br \/>Huile lubrifiante<br \/>Brosse de nettoyage<br \/>Peigne<br \/>Tondeuse nez<br \/>Micro rasoir<br \/>Lame de 30 mm<br \/>Lame de 8 mm<br \/>Base<\/p>\n<p><strong>Caract\u00e9ristiques <\/strong><\/p>\n<p>Voyant indicateur de charge<br \/>Bouton marche\/arr\u00eat<br \/>Conditions environnementales adapt\u00e9es \u00e0 son utilisation: en int\u00e9rieur, temp\u00e9rature 4 \u00baC \u00e0 35 \u00baC<br \/>Convient \u00e0 tous les types de cheveux naturels<\/p>\n","protected":false},"featured_media":0,"template":"","meta":{"_eb_attr":""},"product_brand":[1587],"product_category":[496],"class_list":["post-641145","product","type-product","status-publish","hentry","product_brand-1587","product_category-maquinas-de-retoque"],"_links":{"self":[{"href":"https:\/\/industriasoriol.com\/fr\/wp-json\/wp\/v2\/product\/641145","targetHints":{"allow":["GET"]}}],"collection":[{"href":"https:\/\/industriasoriol.com\/fr\/wp-json\/wp\/v2\/product"}],"about":[{"href":"https:\/\/industriasoriol.com\/fr\/wp-json\/wp\/v2\/types\/product"}],"wp:attachment":[{"href":"https:\/\/industriasoriol.com\/fr\/wp-json\/wp\/v2\/media?parent=641145"}],"wp:term":[{"taxonomy":"product_brand","embeddable":true,"href":"https:\/\/industriasoriol.com\/fr\/wp-json\/wp\/v2\/product_brand?post=641145"},{"taxonomy":"product_category","embeddable":true,"href":"https:\/\/industriasoriol.com\/fr\/wp-json\/wp\/v2\/product_category?post=641145"}],"curies":[{"name":"wp","href":"https:\/\/api.w.org\/{rel}","templated":true}]}}