{"id":642942,"date":"2026-04-09T03:18:10","date_gmt":"2026-04-09T01:18:10","guid":{"rendered":"https:\/\/industriasoriol.com\/?p=642942"},"modified":"2026-04-09T03:18:10","modified_gmt":"2026-04-09T01:18:10","slug":"maquillage-fluide-long-lasting-03","status":"publish","type":"product","link":"https:\/\/industriasoriol.com\/fr\/producto\/maquillage-fluide-long-lasting-03\/","title":{"rendered":"MAQUILLAGE FLUIDE LONG LASTING 03"},"content":{"rendered":"<p data-start=\"622\" data-end=\"931\">Fond de teint fluide au toucher doux et soyeux. Couvre les signes de l\u2019\u00e2ge, la fatigue, les imperfections, la peau fatigu\u00e9e, les cernes et les brillances. R\u00e9siste des heures sur la peau et au contact de l\u2019eau. Am\u00e9liore l\u2019apparence de la peau tout en aidant \u00e0 la maintenir hydrat\u00e9e. Appliquer au pinceau.<\/p>\n<p data-start=\"933\" data-end=\"955\"><strong data-start=\"933\" data-end=\"953\">CARACT\u00c9RISTIQUES<\/strong><\/p>\n<ul data-start=\"956\" data-end=\"1151\">\n<li data-start=\"956\" data-end=\"975\">\n<p data-start=\"958\" data-end=\"975\">Haute couvrance<\/p>\n<\/li>\n<li data-start=\"976\" data-end=\"988\">\n<p data-start=\"978\" data-end=\"988\">Fini mat<\/p>\n<\/li>\n<li data-start=\"989\" data-end=\"1007\">\n<p data-start=\"991\" data-end=\"1007\">Formule v\u00e9gane<\/p>\n<\/li>\n<li data-start=\"1008\" data-end=\"1042\">\n<p data-start=\"1010\" data-end=\"1042\">Contient des pigments min\u00e9raux<\/p>\n<\/li>\n<li data-start=\"1043\" data-end=\"1132\">\n<p data-start=\"1045\" data-end=\"1132\">Actifs : acide hyaluronique, beurre de karit\u00e9, huile d\u2019argan et huile de rose musqu\u00e9e<\/p>\n<\/li>\n<li data-start=\"1133\" data-end=\"1151\">\n<p data-start=\"1135\" data-end=\"1151\">Format : 30 ml<\/p>\n<\/li>\n<\/ul>\n","protected":false},"featured_media":0,"template":"","meta":{"_eb_attr":""},"product_brand":[1609],"product_category":[606],"class_list":["post-642942","product","type-product","status-publish","hentry","product_brand-1609","product_category-rostro"],"_links":{"self":[{"href":"https:\/\/industriasoriol.com\/fr\/wp-json\/wp\/v2\/product\/642942","targetHints":{"allow":["GET"]}}],"collection":[{"href":"https:\/\/industriasoriol.com\/fr\/wp-json\/wp\/v2\/product"}],"about":[{"href":"https:\/\/industriasoriol.com\/fr\/wp-json\/wp\/v2\/types\/product"}],"wp:attachment":[{"href":"https:\/\/industriasoriol.com\/fr\/wp-json\/wp\/v2\/media?parent=642942"}],"wp:term":[{"taxonomy":"product_brand","embeddable":true,"href":"https:\/\/industriasoriol.com\/fr\/wp-json\/wp\/v2\/product_brand?post=642942"},{"taxonomy":"product_category","embeddable":true,"href":"https:\/\/industriasoriol.com\/fr\/wp-json\/wp\/v2\/product_category?post=642942"}],"curies":[{"name":"wp","href":"https:\/\/api.w.org\/{rel}","templated":true}]}}