{"id":643419,"date":"2026-04-10T01:03:06","date_gmt":"2026-04-09T23:03:06","guid":{"rendered":"https:\/\/industriasoriol.com\/?p=643419"},"modified":"2026-04-10T01:03:06","modified_gmt":"2026-04-09T23:03:06","slug":"shampoing-neutre-sans-parfum-tassel-1l","status":"publish","type":"product","link":"https:\/\/industriasoriol.com\/fr\/producto\/shampoing-neutre-sans-parfum-tassel-1l\/","title":{"rendered":"SHAMPOING NEUTRE SANS PARFUM TASSEL 1L"},"content":{"rendered":"<p data-start=\"774\" data-end=\"1041\"><strong data-start=\"774\" data-end=\"881\">Shampooing pour tous types de cheveux, particuli\u00e8rement recommand\u00e9 pour un usage quotidien ou fr\u00e9quent.<\/strong><br data-start=\"881\" data-end=\"884\">Il lave les cheveux en douceur tout en maintenant le pH naturel de la cuticule capillaire. Prot\u00e8ge le cuir chevelu, apportant \u00e9quilibre et sant\u00e9 aux cheveux.<\/p>\n<p data-start=\"1043\" data-end=\"1308\"><strong data-start=\"1043\" data-end=\"1058\">APPLICATION<\/strong><br data-start=\"1058\" data-end=\"1061\">Appliquer une petite quantit\u00e9 sur cheveux mouill\u00e9s et \u00e9mulsionner jusqu\u2019\u00e0 obtention de mousse. Rincer et r\u00e9p\u00e9ter l\u2019op\u00e9ration en laissant agir quelques minutes. Rincer abondamment. En cas de contact avec les yeux, rincer imm\u00e9diatement \u00e0 grande eau.<\/p>\n<p data-start=\"1310\" data-end=\"1322\"><strong data-start=\"1310\" data-end=\"1320\">FORMAT<\/strong><\/p>\n<ul data-start=\"1323\" data-end=\"1365\">\n<li data-start=\"1323\" data-end=\"1329\">\n<p data-start=\"1325\" data-end=\"1329\">1L<\/p>\n<\/li>\n<li data-start=\"1330\" data-end=\"1345\">\n<p data-start=\"1332\" data-end=\"1345\">Sans parfum<\/p>\n<\/li>\n<li data-start=\"1346\" data-end=\"1365\">\n<p data-start=\"1348\" data-end=\"1365\">Sans allerg\u00e8nes<\/p>\n<\/li>\n<\/ul>\n","protected":false},"featured_media":0,"template":"","meta":{"_eb_attr":""},"product_brand":[1594],"product_category":[1686],"class_list":["post-643419","product","type-product","status-publish","hentry","product_brand-1594","product_category-champus"],"_links":{"self":[{"href":"https:\/\/industriasoriol.com\/fr\/wp-json\/wp\/v2\/product\/643419","targetHints":{"allow":["GET"]}}],"collection":[{"href":"https:\/\/industriasoriol.com\/fr\/wp-json\/wp\/v2\/product"}],"about":[{"href":"https:\/\/industriasoriol.com\/fr\/wp-json\/wp\/v2\/types\/product"}],"wp:attachment":[{"href":"https:\/\/industriasoriol.com\/fr\/wp-json\/wp\/v2\/media?parent=643419"}],"wp:term":[{"taxonomy":"product_brand","embeddable":true,"href":"https:\/\/industriasoriol.com\/fr\/wp-json\/wp\/v2\/product_brand?post=643419"},{"taxonomy":"product_category","embeddable":true,"href":"https:\/\/industriasoriol.com\/fr\/wp-json\/wp\/v2\/product_category?post=643419"}],"curies":[{"name":"wp","href":"https:\/\/api.w.org\/{rel}","templated":true}]}}