{"id":644279,"date":"2026-04-10T01:11:02","date_gmt":"2026-04-09T23:11:02","guid":{"rendered":"https:\/\/industriasoriol.com\/?p=644279"},"modified":"2026-04-10T01:11:02","modified_gmt":"2026-04-09T23:11:02","slug":"pole-barber-chrome","status":"publish","type":"product","link":"https:\/\/industriasoriol.com\/fr\/producto\/pole-barber-chrome\/","title":{"rendered":"POLE BARBER CHROM\u00c9"},"content":{"rendered":"<p data-start=\"471\" data-end=\"545\"><strong data-start=\"471\" data-end=\"487\">Dimensions :<\/strong><br data-start=\"487\" data-end=\"490\">72 x 31 x 23 cm (longueur x saillie du mur x largeur)<\/p>\n<p data-start=\"547\" data-end=\"571\"><strong data-start=\"547\" data-end=\"562\">Puissance :<\/strong><br data-start=\"562\" data-end=\"565\">13 W<\/p>\n<p data-start=\"573\" data-end=\"598\"><strong data-start=\"573\" data-end=\"588\">Fr\u00e9quence :<\/strong><br data-start=\"588\" data-end=\"591\">50 Hz<\/p>\n<p data-start=\"600\" data-end=\"627\"><strong data-start=\"600\" data-end=\"613\">Tension :<\/strong><br data-start=\"613\" data-end=\"616\">220\u2013240 V<\/p>\n<p data-start=\"629\" data-end=\"668\"><strong data-start=\"629\" data-end=\"654\">Vitesse de rotation :<\/strong><br data-start=\"654\" data-end=\"657\">30 tr\/min<\/p>\n<p data-start=\"670\" data-end=\"786\"><strong data-start=\"670\" data-end=\"685\">Fonctions :<\/strong><br data-start=\"685\" data-end=\"688\">Allumage et extinction simultan\u00e9s de la lumi\u00e8re et de la rotation (pas de commandes ind\u00e9pendantes)<\/p>\n","protected":false},"featured_media":0,"template":"","meta":{"_eb_attr":""},"product_brand":[1587],"product_category":[519],"class_list":["post-644279","product","type-product","status-publish","hentry","product_brand-1587","product_category-polo-barbero"],"_links":{"self":[{"href":"https:\/\/industriasoriol.com\/fr\/wp-json\/wp\/v2\/product\/644279","targetHints":{"allow":["GET"]}}],"collection":[{"href":"https:\/\/industriasoriol.com\/fr\/wp-json\/wp\/v2\/product"}],"about":[{"href":"https:\/\/industriasoriol.com\/fr\/wp-json\/wp\/v2\/types\/product"}],"wp:attachment":[{"href":"https:\/\/industriasoriol.com\/fr\/wp-json\/wp\/v2\/media?parent=644279"}],"wp:term":[{"taxonomy":"product_brand","embeddable":true,"href":"https:\/\/industriasoriol.com\/fr\/wp-json\/wp\/v2\/product_brand?post=644279"},{"taxonomy":"product_category","embeddable":true,"href":"https:\/\/industriasoriol.com\/fr\/wp-json\/wp\/v2\/product_category?post=644279"}],"curies":[{"name":"wp","href":"https:\/\/api.w.org\/{rel}","templated":true}]}}