{"id":644684,"date":"2026-04-10T01:15:25","date_gmt":"2026-04-09T23:15:25","guid":{"rendered":"https:\/\/industriasoriol.com\/?p=644684"},"modified":"2026-04-10T01:15:25","modified_gmt":"2026-04-09T23:15:25","slug":"cire-en-spray-spray-wax-200-ml","status":"publish","type":"product","link":"https:\/\/industriasoriol.com\/fr\/producto\/cire-en-spray-spray-wax-200-ml\/","title":{"rendered":"CIRE EN SPRAY \u00ab\u00a0SPRAY WAX\u00a0\u00bb 200 ML"},"content":{"rendered":"<p>Spray Wax est une cire qui donne aux cheveux un aspect libre et flexible et permet de les contr\u00f4ler avec une finition naturelle, en acqu\u00e9rant la forme et la structure souhait\u00e9es. <\/p>\n<p>Parfait en compl\u00e9ment de la laque pour cr\u00e9er ou apporter une tenue flexible.<\/p>\n","protected":false},"featured_media":0,"template":"","meta":{"_eb_attr":""},"product_brand":[1594],"product_category":[381],"class_list":["post-644684","product","type-product","status-publish","hentry","product_brand-1594","product_category-productos-de-acabado"],"_links":{"self":[{"href":"https:\/\/industriasoriol.com\/fr\/wp-json\/wp\/v2\/product\/644684","targetHints":{"allow":["GET"]}}],"collection":[{"href":"https:\/\/industriasoriol.com\/fr\/wp-json\/wp\/v2\/product"}],"about":[{"href":"https:\/\/industriasoriol.com\/fr\/wp-json\/wp\/v2\/types\/product"}],"wp:attachment":[{"href":"https:\/\/industriasoriol.com\/fr\/wp-json\/wp\/v2\/media?parent=644684"}],"wp:term":[{"taxonomy":"product_brand","embeddable":true,"href":"https:\/\/industriasoriol.com\/fr\/wp-json\/wp\/v2\/product_brand?post=644684"},{"taxonomy":"product_category","embeddable":true,"href":"https:\/\/industriasoriol.com\/fr\/wp-json\/wp\/v2\/product_category?post=644684"}],"curies":[{"name":"wp","href":"https:\/\/api.w.org\/{rel}","templated":true}]}}