{"id":644858,"date":"2026-04-10T01:17:25","date_gmt":"2026-04-09T23:17:25","guid":{"rendered":"https:\/\/industriasoriol.com\/?p=644858"},"modified":"2026-04-10T01:17:25","modified_gmt":"2026-04-09T23:17:25","slug":"tassel-metal-detox-huile-100ml","status":"publish","type":"product","link":"https:\/\/industriasoriol.com\/fr\/producto\/tassel-metal-detox-huile-100ml\/","title":{"rendered":"TASSEL METAL DETOX HUILE 100ML"},"content":{"rendered":"<p>La ligne de traitement professionnel METAL DETOX est formul\u00e9e pour \u00e9liminer efficacement les r\u00e9sidus de m\u00e9taux lourds accumul\u00e9s dans les cheveux apr\u00e8s une coloration, une d\u00e9coloration ou d&rsquo;autres processus chimiques. Sa technologie innovante purifie la fibre capillaire, en r\u00e9parant la cuticule et en garantissant des cheveux plus doux, plus brillants et plus volumineux.<\/p>\n","protected":false},"featured_media":0,"template":"","meta":{"_eb_attr":""},"product_brand":[1594],"product_category":[1676],"class_list":["post-644858","product","type-product","status-publish","hentry","product_brand-1594","product_category-aceites-y-serums"],"_links":{"self":[{"href":"https:\/\/industriasoriol.com\/fr\/wp-json\/wp\/v2\/product\/644858","targetHints":{"allow":["GET"]}}],"collection":[{"href":"https:\/\/industriasoriol.com\/fr\/wp-json\/wp\/v2\/product"}],"about":[{"href":"https:\/\/industriasoriol.com\/fr\/wp-json\/wp\/v2\/types\/product"}],"wp:attachment":[{"href":"https:\/\/industriasoriol.com\/fr\/wp-json\/wp\/v2\/media?parent=644858"}],"wp:term":[{"taxonomy":"product_brand","embeddable":true,"href":"https:\/\/industriasoriol.com\/fr\/wp-json\/wp\/v2\/product_brand?post=644858"},{"taxonomy":"product_category","embeddable":true,"href":"https:\/\/industriasoriol.com\/fr\/wp-json\/wp\/v2\/product_category?post=644858"}],"curies":[{"name":"wp","href":"https:\/\/api.w.org\/{rel}","templated":true}]}}