{"id":645181,"date":"2026-04-10T01:20:35","date_gmt":"2026-04-09T23:20:35","guid":{"rendered":"https:\/\/industriasoriol.com\/?p=645181"},"modified":"2026-04-10T01:20:35","modified_gmt":"2026-04-09T23:20:35","slug":"rouge-a-levres-06-rose","status":"publish","type":"product","link":"https:\/\/industriasoriol.com\/fr\/producto\/rouge-a-levres-06-rose\/","title":{"rendered":"ROUGE \u00c0 L\u00c8VRES 06 ROSE"},"content":{"rendered":"<p data-start=\"41\" data-end=\"156\">Rouge \u00e0 l\u00e8vres hydratant longue tenue. Apporte du volume et prot\u00e8ge du soleil. Contient de la vitamine E.&nbsp;<\/p>\n<p data-start=\"158\" data-end=\"180\"><strong data-start=\"158\" data-end=\"178\">CARACT\u00c9RISTIQUES<\/strong><\/p>\n<ul data-start=\"181\" data-end=\"230\" data-is-last-node=\"\" data-is-only-node=\"\" style=\"list-style-type: circle\" data-mce-style=\"list-style-type: circle;\">\n<li data-start=\"181\" data-end=\"200\">\n<p data-start=\"183\" data-end=\"200\">Avec vitamine E<\/p>\n<\/li>\n<li data-start=\"201\" data-end=\"217\">\n<p data-start=\"203\" data-end=\"217\">Hydra volume<\/p>\n<\/li>\n<li data-start=\"218\" data-end=\"230\" data-is-last-node=\"\">\n<p data-start=\"220\" data-end=\"230\" data-is-last-node=\"\">Fini mat<\/p>\n<\/li>\n<\/ul>\n","protected":false},"featured_media":0,"template":"","meta":{"_eb_attr":""},"product_brand":[1609],"product_category":[608],"class_list":["post-645181","product","type-product","status-publish","hentry","product_brand-1609","product_category-labios"],"_links":{"self":[{"href":"https:\/\/industriasoriol.com\/fr\/wp-json\/wp\/v2\/product\/645181","targetHints":{"allow":["GET"]}}],"collection":[{"href":"https:\/\/industriasoriol.com\/fr\/wp-json\/wp\/v2\/product"}],"about":[{"href":"https:\/\/industriasoriol.com\/fr\/wp-json\/wp\/v2\/types\/product"}],"wp:attachment":[{"href":"https:\/\/industriasoriol.com\/fr\/wp-json\/wp\/v2\/media?parent=645181"}],"wp:term":[{"taxonomy":"product_brand","embeddable":true,"href":"https:\/\/industriasoriol.com\/fr\/wp-json\/wp\/v2\/product_brand?post=645181"},{"taxonomy":"product_category","embeddable":true,"href":"https:\/\/industriasoriol.com\/fr\/wp-json\/wp\/v2\/product_category?post=645181"}],"curies":[{"name":"wp","href":"https:\/\/api.w.org\/{rel}","templated":true}]}}