{"id":645936,"date":"2026-04-10T01:27:31","date_gmt":"2026-04-09T23:27:31","guid":{"rendered":"https:\/\/industriasoriol.com\/?p=645936"},"modified":"2026-04-10T01:27:31","modified_gmt":"2026-04-09T23:27:31","slug":"shampooing-sec-tassel-300ml","status":"publish","type":"product","link":"https:\/\/industriasoriol.com\/fr\/producto\/shampooing-sec-tassel-300ml\/","title":{"rendered":"SHAMPOOING SEC TASSEL 300ML"},"content":{"rendered":"<p>Pas besoin d&rsquo;eau.<\/p>\n<p>Dry Shampoo est un shampoing en poudre qui s\u2019applique en spray. Donne un volume plus prononc\u00e9. Aide \u00e0 maintenir les cheveux propres plus lontemps. Id\u00e9al pour les cheveux gras, il absorbe l&rsquo;exc\u00e8s de s\u00e9bum, matifie la tige du cheveu et lui donne un aspect plus propre et plus sain. Il est \u00e9galement recommand\u00e9 sur cheveux propres, pour texturiser, donner du volume et faciliter le coiffage. Pour tout type de cheveux.<\/p>\n","protected":false},"featured_media":0,"template":"","meta":{"_eb_attr":""},"product_brand":[1594],"product_category":[1686],"class_list":["post-645936","product","type-product","status-publish","hentry","product_brand-1594","product_category-champus"],"_links":{"self":[{"href":"https:\/\/industriasoriol.com\/fr\/wp-json\/wp\/v2\/product\/645936","targetHints":{"allow":["GET"]}}],"collection":[{"href":"https:\/\/industriasoriol.com\/fr\/wp-json\/wp\/v2\/product"}],"about":[{"href":"https:\/\/industriasoriol.com\/fr\/wp-json\/wp\/v2\/types\/product"}],"wp:attachment":[{"href":"https:\/\/industriasoriol.com\/fr\/wp-json\/wp\/v2\/media?parent=645936"}],"wp:term":[{"taxonomy":"product_brand","embeddable":true,"href":"https:\/\/industriasoriol.com\/fr\/wp-json\/wp\/v2\/product_brand?post=645936"},{"taxonomy":"product_category","embeddable":true,"href":"https:\/\/industriasoriol.com\/fr\/wp-json\/wp\/v2\/product_category?post=645936"}],"curies":[{"name":"wp","href":"https:\/\/api.w.org\/{rel}","templated":true}]}}