{"id":646930,"date":"2026-04-10T01:39:53","date_gmt":"2026-04-09T23:39:53","guid":{"rendered":"https:\/\/industriasoriol.com\/?p=646930"},"modified":"2026-04-10T01:39:53","modified_gmt":"2026-04-09T23:39:53","slug":"dispensateur-de-100-feuilles-elios-avec-double-bord","status":"publish","type":"product","link":"https:\/\/industriasoriol.com\/fr\/producto\/dispensateur-de-100-feuilles-elios-avec-double-bord\/","title":{"rendered":"DISPENSATEUR DE 100 FEUILLES ELIOS AVEC DOUBLE BORD"},"content":{"rendered":"<p data-start=\"487\" data-end=\"553\">Qualit\u00e9, pr\u00e9cision et douceur maximales \u00e0 chaque utilisation<\/p>\n<ul data-start=\"555\" data-end=\"812\">\n<li data-start=\"555\" data-end=\"620\">\n<p data-start=\"557\" data-end=\"620\"><strong data-start=\"557\" data-end=\"578\">Lames inoxydables<\/strong> : con\u00e7ues pour une performance durable.<\/p>\n<\/li>\n<li data-start=\"621\" data-end=\"722\">\n<p data-start=\"623\" data-end=\"722\"><strong data-start=\"623\" data-end=\"657\">Acier su\u00e9dois de haute qualit\u00e9<\/strong> : tradition et r\u00e9sistance garantissant une fiabilit\u00e9 maximale.<\/p>\n<\/li>\n<li data-start=\"723\" data-end=\"812\">\n<p data-start=\"725\" data-end=\"812\"><strong data-start=\"725\" data-end=\"750\">Rev\u00eatement en platine<\/strong> : assure un rasage parfait, s\u00fbr et exceptionnellement doux.<\/p>\n<\/li>\n<\/ul>\n","protected":false},"featured_media":0,"template":"","meta":{"_eb_attr":""},"product_brand":[1579],"product_category":[513],"class_list":["post-646930","product","type-product","status-publish","hentry","product_brand-1579","product_category-cuchillas"],"_links":{"self":[{"href":"https:\/\/industriasoriol.com\/fr\/wp-json\/wp\/v2\/product\/646930","targetHints":{"allow":["GET"]}}],"collection":[{"href":"https:\/\/industriasoriol.com\/fr\/wp-json\/wp\/v2\/product"}],"about":[{"href":"https:\/\/industriasoriol.com\/fr\/wp-json\/wp\/v2\/types\/product"}],"wp:attachment":[{"href":"https:\/\/industriasoriol.com\/fr\/wp-json\/wp\/v2\/media?parent=646930"}],"wp:term":[{"taxonomy":"product_brand","embeddable":true,"href":"https:\/\/industriasoriol.com\/fr\/wp-json\/wp\/v2\/product_brand?post=646930"},{"taxonomy":"product_category","embeddable":true,"href":"https:\/\/industriasoriol.com\/fr\/wp-json\/wp\/v2\/product_category?post=646930"}],"curies":[{"name":"wp","href":"https:\/\/api.w.org\/{rel}","templated":true}]}}