{"id":645938,"date":"2026-04-10T01:27:32","date_gmt":"2026-04-09T23:27:32","guid":{"rendered":"https:\/\/industriasoriol.com\/?p=645938"},"modified":"2026-04-10T01:27:32","modified_gmt":"2026-04-09T23:27:32","slug":"shampoo-secco-300ml","status":"publish","type":"product","link":"https:\/\/industriasoriol.com\/it\/producto\/shampoo-secco-300ml\/","title":{"rendered":"SHAMPOO SECCO 300ML."},"content":{"rendered":"<p>Non serve sciaquare.<\/p>\n<p>Dry Shampoo \u00e8 uno shampoo in polvere da applicare in spray. Dona un volume pi\u00f9 pronunciato e aiuta a mantenere i capelli puliti pi\u00f9 a lungo. Ideale per capelli grassi, assorbe l\u2019eccesso di sebo, opacizzando il fusto del capello e conferendo un aspetto pi\u00f9 pulito e sano.<br \/>Si consiglia anche per capelli appena lavati, per texturizzare, dare volume e facilitare la pettinatura. Adatto a tutti i tipi di capelli.<\/p>\n","protected":false},"featured_media":0,"template":"","meta":{"_eb_attr":""},"product_brand":[1595],"product_category":[1686],"class_list":["post-645938","product","type-product","status-publish","hentry","product_brand-1595","product_category-champus"],"_links":{"self":[{"href":"https:\/\/industriasoriol.com\/it\/wp-json\/wp\/v2\/product\/645938","targetHints":{"allow":["GET"]}}],"collection":[{"href":"https:\/\/industriasoriol.com\/it\/wp-json\/wp\/v2\/product"}],"about":[{"href":"https:\/\/industriasoriol.com\/it\/wp-json\/wp\/v2\/types\/product"}],"wp:attachment":[{"href":"https:\/\/industriasoriol.com\/it\/wp-json\/wp\/v2\/media?parent=645938"}],"wp:term":[{"taxonomy":"product_brand","embeddable":true,"href":"https:\/\/industriasoriol.com\/it\/wp-json\/wp\/v2\/product_brand?post=645938"},{"taxonomy":"product_category","embeddable":true,"href":"https:\/\/industriasoriol.com\/it\/wp-json\/wp\/v2\/product_category?post=645938"}],"curies":[{"name":"wp","href":"https:\/\/api.w.org\/{rel}","templated":true}]}}