{"id":112570,"date":"2025-07-08T07:54:55","date_gmt":"2025-07-08T05:54:55","guid":{"rendered":"https:\/\/industriasoriol.com\/sobre\/"},"modified":"2025-10-07T17:31:04","modified_gmt":"2025-10-07T15:31:04","slug":"sobre","status":"publish","type":"page","link":"https:\/\/industriasoriol.com\/pt-pt\/sobre\/","title":{"rendered":"Sobre"},"content":{"rendered":"\n<div class=\"wp-block-cover\" style=\"min-height:95vh;aspect-ratio:unset;\"><img loading=\"lazy\" decoding=\"async\" width=\"1024\" height=\"684\" class=\"wp-block-cover__image-background wp-image-7994 size-large\" alt=\"\" src=\"https:\/\/industriasoriol.com\/wp-content\/uploads\/2025\/08\/13-05-2017_00781-1024x684.jpg\" data-object-fit=\"cover\" srcset=\"https:\/\/industriasoriol.com\/wp-content\/uploads\/2025\/08\/13-05-2017_00781-1024x684.jpg 1024w, https:\/\/industriasoriol.com\/wp-content\/uploads\/2025\/08\/13-05-2017_00781-300x200.jpg 300w, https:\/\/industriasoriol.com\/wp-content\/uploads\/2025\/08\/13-05-2017_00781-768x513.jpg 768w, https:\/\/industriasoriol.com\/wp-content\/uploads\/2025\/08\/13-05-2017_00781-1536x1026.jpg 1536w, https:\/\/industriasoriol.com\/wp-content\/uploads\/2025\/08\/13-05-2017_00781.jpg 1600w\" sizes=\"auto, (max-width: 1024px) 100vw, 1024px\" \/><span aria-hidden=\"true\" class=\"wp-block-cover__background has-custom-black-background-color has-background-dim-30 has-background-dim\"><\/span><div class=\"wp-block-cover__inner-container has-global-padding is-layout-constrained wp-block-cover-is-layout-constrained\">\n<h1 class=\"wp-block-heading has-text-align-left\">80 anos de idade. 3 gera\u00e7\u00f5es. Uma vis\u00e3o que continua.  <\/h1>\n\n\n\n<p>As Ind\u00fastrias Oriol foram fundadas em 1942 por Narciso Oriol, um homem que acreditava que a qualidade era uma quest\u00e3o de princ\u00edpio. Tr\u00eas gera\u00e7\u00f5es depois, essa cren\u00e7a continua a moldar tudo o que fazemos. Somos um grupo familiar independente, comprometido com profissionais, desempenho e valor a longo prazo.  <\/p>\n<\/div><\/div>\n\n<div class=\"wp-block-group story has-custom-black-background-color has-background has-global-padding is-layout-constrained wp-container-core-group-is-layout-d76b19c6 wp-block-group-is-layout-constrained\" style=\"min-height:75vh;margin-top:0px;padding-top:0;padding-right:var(--wp--preset--spacing--50);padding-bottom:0;padding-left:var(--wp--preset--spacing--50)\">\n<div style=\"height:100px\" aria-hidden=\"true\" class=\"wp-block-spacer\"><\/div>\n\n\n\n<div class=\"wp-block-columns is-layout-flex wp-container-core-columns-is-layout-28f84493 wp-block-columns-is-layout-flex\">\n<div class=\"wp-block-column story-text is-layout-flow wp-block-column-is-layout-flow\">\n<p class=\"story-chunk has-white-color has-text-color has-link-color has-medium-font-size wp-elements-dd56a042c6cb2f0e37bbfab4458510e4\" style=\"font-style:normal;font-weight:300\">Industrias Oriol come\u00e7ou nas traseiras de uma pequena oficina em Barcelona. Don Narc\u00eds n\u00e3o come\u00e7ou com um plano de neg\u00f3cios, come\u00e7ou com as suas pr\u00f3prias m\u00e3os, algumas ferramentas e uma ideia clara: criar melhores produtos para os profissionais de beleza. <\/p>\n\n\n\n<p class=\"story-chunk has-white-color has-text-color has-link-color has-medium-font-size wp-elements-02c3af652aaaa95d2eb2b1ef78256cbe\" style=\"font-style:normal;font-weight:300\">Com forma\u00e7\u00e3o em avia\u00e7\u00e3o e uma mente mec\u00e2nica, Don Narc\u00eds introduziu a inova\u00e7\u00e3o na vida quotidiana. Repensou o humilde rolo de cabelo e acabou por criar uma linha completa de ferramentas profissionais que estabeleceram novos padr\u00f5es nos sal\u00f5es de beleza. <\/p>\n\n\n\n<p class=\"story-chunk has-white-color has-text-color has-link-color has-medium-font-size wp-elements-d9f34752075ffbbba73cbd7a39e212f9\" style=\"font-style:normal;font-weight:300\">N\u00e3o construiu a empresa sozinho. Ouve os clientes, os fornecedores e os cabeleireiros. Trata sempre todas as rela\u00e7\u00f5es com honestidade e cuidado. Essas conversas iniciais moldaram os valores que ainda hoje mantemos.   <\/p>\n<\/div>\n\n\n\n<div class=\"wp-block-column story-img is-layout-flow wp-block-column-is-layout-flow\">\n<div class=\"wp-block-cover\" style=\"border-radius:20px;min-height:704px;aspect-ratio:unset;\"><img loading=\"lazy\" decoding=\"async\" width=\"836\" height=\"1024\" class=\"wp-block-cover__image-background wp-image-108936 size-large\" alt=\"\" src=\"https:\/\/industriasoriol.com\/wp-content\/uploads\/2025\/08\/Narcis-Oriol-836x1024.jpg\" data-object-fit=\"cover\" \/><span aria-hidden=\"true\" class=\"wp-block-cover__background has-background-dim-0 has-background-dim\"><\/span><div class=\"wp-block-cover__inner-container has-global-padding is-layout-constrained wp-block-cover-is-layout-constrained\">\n<p class=\"has-text-align-center\"><\/p>\n<\/div><\/div>\n<\/div>\n<\/div>\n\n\n\n<div style=\"height:100px\" aria-hidden=\"true\" class=\"wp-block-spacer\"><\/div>\n<\/div>\n\n<div class=\"wp-block-group has-custom-gris-clar-background-color has-background has-global-padding is-layout-constrained wp-container-core-group-is-layout-3b0f2f7d wp-block-group-is-layout-constrained\" style=\"padding-right:20px;padding-left:20px\">\n<div class=\"wp-block-group alignwide timeline is-layout-flow wp-block-group-is-layout-flow\" style=\"padding-top:var(--wp--preset--spacing--80)\">\n<div class=\"wp-block-columns is-layout-flex wp-container-core-columns-is-layout-491c8ff3 wp-block-columns-is-layout-flex\" style=\"margin-bottom:0;padding-top:0;padding-bottom:0\">\n<div class=\"wp-block-column tl-aside is-layout-flow wp-block-column-is-layout-flow\" style=\"flex-basis:33%\">\n<h2 class=\"wp-block-heading\">Hist\u00f3ria<\/h2>\n\n\n\n<p>A nossa trajet\u00f3ria \u00e9 composta por marcos e etapas importantes<\/p>\n<\/div>\n\n\n\n<div class=\"wp-block-column tl-list is-layout-flow wp-block-column-is-layout-flow\">\n<div class=\"wp-block-columns are-vertically-aligned-top is-layout-flex wp-container-core-columns-is-layout-783b4be3 wp-block-columns-is-layout-flex\" style=\"margin-bottom:var(--wp--preset--spacing--60)\">\n<div class=\"wp-block-column is-vertically-aligned-top is-layout-flow wp-block-column-is-layout-flow\" style=\"flex-basis:45%\">\n<h2 class=\"wp-block-heading tl-year\">1942<\/h2>\n<\/div>\n\n\n\n<div class=\"wp-block-column is-vertically-aligned-top is-layout-flow wp-block-column-is-layout-flow\" style=\"flex-basis:100%\">\n<p class=\"tl-desc\">Narc\u00eds Oriol Quintana fundou as Industrias Oriol numa pequena oficina em Barcelona, guiado por m\u00e3os artesanais e uma mente vision\u00e1ria.<\/p>\n<\/div>\n<\/div>\n\n\n\n<hr class=\"wp-block-separator has-text-color has-alpha-channel-opacity has-background\" style=\"margin-top:0;margin-bottom:0;background-color:#d7d7d7;color:#d7d7d7\" \/>\n\n\n\n<div class=\"wp-block-columns are-vertically-aligned-top is-layout-flex wp-container-core-columns-is-layout-783b4be3 wp-block-columns-is-layout-flex\" style=\"margin-bottom:var(--wp--preset--spacing--60)\">\n<div class=\"wp-block-column is-vertically-aligned-top is-layout-flow wp-block-column-is-layout-flow\" style=\"flex-basis:45%\">\n<h2 class=\"wp-block-heading tl-year\">D\u00e9cada de 1950<br \/>&#8211;<br \/>D\u00e9cada de 1970<\/h2>\n<\/div>\n\n\n\n<div class=\"wp-block-column is-vertically-aligned-top is-layout-flow wp-block-column-is-layout-flow\" style=\"flex-basis:100%\">\n<p class=\"tl-desc\">Dos carac\u00f3is artesanais \u00e0 produ\u00e7\u00e3o em grande escala, as Ind\u00fastrias Oriol evoluem para um fabrico s\u00e9rio, sem comprometer os padr\u00f5es do seu fundador.<\/p>\n<\/div>\n<\/div>\n\n\n\n<hr class=\"wp-block-separator has-text-color has-alpha-channel-opacity has-background\" style=\"margin-top:0;margin-bottom:0;background-color:#d7d7d7;color:#d7d7d7\" \/>\n\n\n\n<div class=\"wp-block-columns are-vertically-aligned-top is-layout-flex wp-container-core-columns-is-layout-783b4be3 wp-block-columns-is-layout-flex\" style=\"margin-bottom:var(--wp--preset--spacing--60)\">\n<div class=\"wp-block-column is-vertically-aligned-top is-layout-flow wp-block-column-is-layout-flow\" style=\"flex-basis:45%\">\n<h2 class=\"wp-block-heading tl-year\">1990s<\/h2>\n<\/div>\n\n\n\n<div class=\"wp-block-column is-vertically-aligned-top is-layout-flow wp-block-column-is-layout-flow\" style=\"flex-basis:100%\">\n<p class=\"tl-desc\">A empresa come\u00e7a a exportar para a Europa e Am\u00e9rica Latina, ganhando confian\u00e7a como uma marca profissional e fi\u00e1vel.<\/p>\n<\/div>\n<\/div>\n\n\n\n<hr class=\"wp-block-separator has-text-color has-alpha-channel-opacity has-background\" style=\"margin-top:0;margin-bottom:0;background-color:#d7d7d7;color:#d7d7d7\" \/>\n\n\n\n<div class=\"wp-block-columns are-vertically-aligned-top is-layout-flex wp-container-core-columns-is-layout-783b4be3 wp-block-columns-is-layout-flex\" style=\"margin-bottom:var(--wp--preset--spacing--60)\">\n<div class=\"wp-block-column is-vertically-aligned-top is-layout-flow wp-block-column-is-layout-flow\" style=\"flex-basis:45%\">\n<h2 class=\"wp-block-heading tl-year\">D\u00e9cada de 2000<br \/>&#8211;<br \/>D\u00e9cada de 2010<\/h2>\n<\/div>\n\n\n\n<div class=\"wp-block-column is-vertically-aligned-top is-layout-flow wp-block-column-is-layout-flow\" style=\"flex-basis:100%\">\n<p class=\"tl-desc\">A Industrias Oriol expande-se para a cosm\u00e9tica e a est\u00e9tica, lan\u00e7a a sua filial na Argentina e entra numa nova fase liderada pela terceira gera\u00e7\u00e3o.<\/p>\n<\/div>\n<\/div>\n\n\n\n<hr class=\"wp-block-separator has-text-color has-alpha-channel-opacity has-background\" style=\"margin-top:0;margin-bottom:0;background-color:#d7d7d7;color:#d7d7d7\" \/>\n\n\n\n<div class=\"wp-block-columns are-vertically-aligned-top is-layout-flex wp-container-core-columns-is-layout-783b4be3 wp-block-columns-is-layout-flex\" style=\"margin-bottom:var(--wp--preset--spacing--60)\">\n<div class=\"wp-block-column is-vertically-aligned-top is-layout-flow wp-block-column-is-layout-flow\" style=\"flex-basis:45%\">\n<h2 class=\"wp-block-heading tl-year\">2025<\/h2>\n<\/div>\n\n\n\n<div class=\"wp-block-column is-vertically-aligned-top is-layout-flow wp-block-column-is-layout-flow\" style=\"flex-basis:100%\">\n<p class=\"tl-desc\">Ap\u00f3s mais de 80 anos, o esp\u00edrito do fundador continua a estar no cora\u00e7\u00e3o da empresa, que continua a ser independente, familiar e profissional.<\/p>\n<\/div>\n<\/div>\n\n\n\n<hr class=\"wp-block-separator has-text-color has-alpha-channel-opacity has-background\" style=\"margin-top:0;margin-bottom:0;background-color:#d7d7d7;color:#d7d7d7\" \/>\n\n\n\n<div class=\"wp-block-group tl-item has-global-padding is-layout-constrained wp-block-group-is-layout-constrained\">\n<p><\/p>\n\n\n\n<p class=\"tl-desc\"><\/p>\n<\/div>\n<\/div>\n<\/div>\n<\/div>\n\n\n\n<div class=\"wp-block-group has-global-padding is-layout-constrained wp-block-group-is-layout-constrained\">\n<div style=\"height:100px\" aria-hidden=\"true\" class=\"wp-block-spacer\"><\/div>\n\n\n\n<p>Vis\u00e3o<\/p>\n\n\n\n<h2 class=\"wp-block-heading has-large-font-size\">O legado n\u00e3o \u00e9 o que deixamos para tr\u00e1s. \u00c9 o que incorporamos em tudo. <\/h2>\n\n\n\n<p>Nas Industrias Oriol, o legado n\u00e3o \u00e9 uma mem\u00f3ria, \u00e9 um m\u00e9todo. Vive na forma como concebemos, como fabricamos, como tomamos decis\u00f5es. Porque quando uma empresa \u00e9 constru\u00edda com cuidado, clareza e convic\u00e7\u00e3o, o legado deixa de ser o passado e passa a ser o padr\u00e3o. H\u00e1 mais de 80 anos que damos forma a ferramentas, marcas e rela\u00e7\u00f5es. N\u00e3o para as tend\u00eancias de hoje, mas para os profissionais de amanh\u00e3. N\u00e3o para cresceres depressa, mas para cresceres bem.     <\/p>\n\n\n\n<div class=\"wp-block-columns is-layout-flex wp-container-core-columns-is-layout-28f84493 wp-block-columns-is-layout-flex\">\n<div class=\"wp-block-column card has-border-color is-layout-flow wp-block-column-is-layout-flow\" style=\"border-color:#abb8c3;border-width:1px;border-radius:30px;padding-top:20px;padding-right:20px;padding-bottom:20px;padding-left:20px\">\n<p class=\"has-large-font-size\" style=\"font-style:normal;font-weight:300\">01<\/p>\n\n\n\n<p class=\"has-medium-font-size\"><strong>Pensa sempre a longo prazo.<\/strong><\/p>\n\n\n\n<p>A nossa vis\u00e3o n\u00e3o \u00e9 orientada pelo ritmo do mercado. \u00c9 orientada por um valor a longo prazo, rela\u00e7\u00f5es sustent\u00e1veis e marcas que crescem com os nossos clientes e n\u00e3o \u00e0 frente deles. <\/p>\n<\/div>\n\n\n\n<div class=\"wp-block-column card has-border-color is-layout-flow wp-block-column-is-layout-flow\" style=\"border-color:#abb8c3;border-width:1px;border-radius:30px;padding-top:20px;padding-right:20px;padding-bottom:20px;padding-left:20px\">\n<p class=\"has-large-font-size\" style=\"font-style:normal;font-weight:300\">02<\/p>\n\n\n\n<p class=\"has-medium-font-size\"><strong>Profissionais no centro<\/strong><\/p>\n\n\n\n<p>De cabeleireiros a esteticistas e barbeiros, toda a inova\u00e7\u00e3o come\u00e7a com a escuta. O nosso objetivo n\u00e3o \u00e9 impressionar, \u00e9 capacitar. <\/p>\n<\/div>\n\n\n\n<div class=\"wp-block-column card has-border-color is-layout-flow wp-block-column-is-layout-flow\" style=\"border-color:#abb8c3;border-width:1px;border-radius:30px;padding-top:20px;padding-right:20px;padding-bottom:20px;padding-left:20px\">\n<p class=\"has-large-font-size\" style=\"font-style:normal;font-weight:300\">03<\/p>\n\n\n\n<p class=\"has-medium-font-size\"><strong>Uma plataforma global e com objectivos<\/strong><\/p>\n\n\n\n<p>A nossa vis\u00e3o n\u00e3o \u00e9 dominar, \u00e9 servir. Com uma presen\u00e7a em mais de 75 pa\u00edses, crescemos ganhando confian\u00e7a, n\u00e3o perseguindo o volume. <\/p>\n<\/div>\n<\/div>\n\n\n\n<div style=\"height:100px\" aria-hidden=\"true\" class=\"wp-block-spacer\"><\/div>\n<\/div>\n<\/div>\n\n<div class=\"wp-block-group has-global-padding is-layout-constrained wp-container-core-group-is-layout-3b0f2f7d wp-block-group-is-layout-constrained\" style=\"padding-right:20px;padding-left:20px\">\n<div style=\"height:100px\" aria-hidden=\"true\" class=\"wp-block-spacer\"><\/div>\n\n\n\n<div class=\"wp-block-columns is-layout-flex wp-container-core-columns-is-layout-28f84493 wp-block-columns-is-layout-flex\">\n<div class=\"wp-block-column is-vertically-aligned-center is-layout-flow wp-block-column-is-layout-flow\" style=\"padding-right:var(--wp--preset--spacing--60);padding-left:0\">\n<p class=\"has-text-align-left has-medium-font-size\" style=\"font-style:normal;font-weight:300\">D\u00e9cadas de crescimento disciplinado, controlo industrial e vis\u00e3o a longo prazo formaram um grupo que n\u00e3o s\u00f3 resiste, como tamb\u00e9m lidera.<\/p>\n<\/div>\n\n\n\n<div class=\"wp-block-column is-layout-flow wp-block-column-is-layout-flow\">\n<div class=\"wp-block-cover is-light\" style=\"border-radius:20px;min-height:375px;aspect-ratio:unset;\"><img loading=\"lazy\" decoding=\"async\" width=\"1024\" height=\"768\" class=\"wp-block-cover__image-background wp-image-108942 size-large\" alt=\"\" src=\"https:\/\/industriasoriol.com\/wp-content\/uploads\/2025\/08\/Industrias_Oriol_Dron_1-1024x768.jpg\" data-object-fit=\"cover\" srcset=\"https:\/\/industriasoriol.com\/wp-content\/uploads\/2025\/08\/Industrias_Oriol_Dron_1-1024x768.jpg 1024w, https:\/\/industriasoriol.com\/wp-content\/uploads\/2025\/08\/Industrias_Oriol_Dron_1-300x225.jpg 300w, https:\/\/industriasoriol.com\/wp-content\/uploads\/2025\/08\/Industrias_Oriol_Dron_1-768x576.jpg 768w, https:\/\/industriasoriol.com\/wp-content\/uploads\/2025\/08\/Industrias_Oriol_Dron_1.jpg 1200w\" sizes=\"auto, (max-width: 1024px) 100vw, 1024px\" \/><span aria-hidden=\"true\" class=\"wp-block-cover__background has-background-dim-0 has-background-dim\"><\/span><div class=\"wp-block-cover__inner-container has-global-padding is-layout-constrained wp-block-cover-is-layout-constrained\">\n<p class=\"has-text-align-center\"><\/p>\n<\/div><\/div>\n<\/div>\n<\/div>\n\n\n\n<div style=\"height:50px\" aria-hidden=\"true\" class=\"wp-block-spacer\"><\/div>\n\n\n\n<div class=\"wp-block-columns is-layout-flex wp-container-core-columns-is-layout-cbe57604 wp-block-columns-is-layout-flex\">\n<div class=\"wp-block-column is-layout-flow wp-block-column-is-layout-flow\" style=\"border-top-color:#dcdcdc;border-top-width:2px;padding-top:20px\">\n<p class=\"js-countup has-x-large-font-size\">80+<\/p>\n\n\n\n<p style=\"margin-top:0;margin-bottom:0;padding-top:0;padding-bottom:0;font-style:normal;font-weight:300;line-height:1.5\">Anos de experi\u00eancia<\/p>\n<\/div>\n\n\n\n<div class=\"wp-block-column is-layout-flow wp-block-column-is-layout-flow\" style=\"border-top-color:#dcdcdc;border-top-width:2px;padding-top:20px\">\n<p class=\"js-countup has-x-large-font-size\">75+<\/p>\n\n\n\n<p style=\"margin-top:0;margin-bottom:0;padding-top:0;padding-bottom:0;font-style:normal;font-weight:300;line-height:1.5\">Pa\u00edses<\/p>\n<\/div>\n\n\n\n<div class=\"wp-block-column is-layout-flow wp-block-column-is-layout-flow\" style=\"border-top-color:#dcdcdc;border-top-width:2px;padding-top:20px\">\n<p class=\"js-countup has-x-large-font-size\">5.000+<\/p>\n\n\n\n<p style=\"margin-top:0;margin-bottom:0;padding-top:0;padding-bottom:0;font-style:normal;font-weight:300;line-height:1.5\">Refer\u00eancias<\/p>\n<\/div>\n\n\n\n<div class=\"wp-block-column is-layout-flow wp-block-column-is-layout-flow\" style=\"border-top-color:#dcdcdc;border-top-width:2px;padding-top:20px\">\n<p class=\"js-countup has-x-large-font-size\">10+<\/p>\n\n\n\n<p style=\"margin-top:0;margin-bottom:0;padding-top:0;padding-bottom:0;font-style:normal;font-weight:300;line-height:1.5\">Marcas<\/p>\n<\/div>\n<\/div>\n\n\n\n<div style=\"height:100px\" aria-hidden=\"true\" class=\"wp-block-spacer\"><\/div>\n<\/div>\n\n<div class=\"wp-block-group has-global-padding is-layout-constrained wp-block-group-is-layout-constrained\">\n<div class=\"wp-block-cover is-light\" style=\"min-height:495px;aspect-ratio:unset;\"><img loading=\"lazy\" decoding=\"async\" width=\"680\" height=\"471\" class=\"wp-block-cover__image-background wp-image-108948 size-full\" alt=\"\" src=\"https:\/\/industriasoriol.com\/wp-content\/uploads\/2025\/08\/instal-001.jpg\" data-object-fit=\"cover\" srcset=\"https:\/\/industriasoriol.com\/wp-content\/uploads\/2025\/08\/instal-001.jpg 680w, https:\/\/industriasoriol.com\/wp-content\/uploads\/2025\/08\/instal-001-300x208.jpg 300w\" sizes=\"auto, (max-width: 680px) 100vw, 680px\" \/><span aria-hidden=\"true\" class=\"wp-block-cover__background has-background-dim-0 has-background-dim\"><\/span><div class=\"wp-block-cover__inner-container has-global-padding is-layout-constrained wp-block-cover-is-layout-constrained\">\n<h3 class=\"wp-block-heading has-text-align-center has-white-color has-text-color has-link-color wp-elements-ffbe3a407fc11a3d069cfc9c167aafdc\">N\u00e3o nos limitamos a fabricar produtos. N\u00f3s constru\u00edmos sobre o que os profissionais constroem. <\/h3>\n\n\n\n<p class=\"has-text-align-center has-white-color has-text-color has-link-color wp-elements-4770e3b353fad8b27f2f8a9f4df19fef\">Junta-te ao pr\u00f3ximo cap\u00edtulo<\/p>\n\n\n\n<div class=\"wp-block-buttons is-content-justification-center is-layout-flex wp-container-core-buttons-is-layout-a89b3969 wp-block-buttons-is-layout-flex\">\n<div class=\"wp-block-button\"><a class=\"wp-block-button__link wp-element-button\" href=\"https:\/\/industriasoriol.com\/pt-pt\/contacto\/\">Fala connosco<\/a><\/div>\n<\/div>\n<\/div><\/div>\n<\/div>\n\n<div style=\"height:100px\" aria-hidden=\"true\" class=\"wp-block-spacer\"><\/div>\n","protected":false},"excerpt":{"rendered":"<p>Industrias Oriol come\u00e7ou nas traseiras de uma pequena oficina em Barcelona. Don Narc\u00eds n\u00e3o come\u00e7ou com um plano de neg\u00f3cios, come\u00e7ou com as suas pr\u00f3prias m\u00e3os, algumas ferramentas e uma ideia clara: criar melhores produtos para os profissionais de beleza. Com forma\u00e7\u00e3o em avia\u00e7\u00e3o e uma mente mec\u00e2nica, Don Narc\u00eds introduziu a inova\u00e7\u00e3o na vida [&hellip;]<\/p>\n","protected":false},"author":1,"featured_media":0,"parent":0,"menu_order":0,"comment_status":"closed","ping_status":"closed","template":"","meta":{"_eb_attr":"","footnotes":""},"class_list":["post-112570","page","type-page","status-publish","hentry"],"_links":{"self":[{"href":"https:\/\/industriasoriol.com\/pt-pt\/wp-json\/wp\/v2\/pages\/112570","targetHints":{"allow":["GET"]}}],"collection":[{"href":"https:\/\/industriasoriol.com\/pt-pt\/wp-json\/wp\/v2\/pages"}],"about":[{"href":"https:\/\/industriasoriol.com\/pt-pt\/wp-json\/wp\/v2\/types\/page"}],"author":[{"embeddable":true,"href":"https:\/\/industriasoriol.com\/pt-pt\/wp-json\/wp\/v2\/users\/1"}],"replies":[{"embeddable":true,"href":"https:\/\/industriasoriol.com\/pt-pt\/wp-json\/wp\/v2\/comments?post=112570"}],"version-history":[{"count":2,"href":"https:\/\/industriasoriol.com\/pt-pt\/wp-json\/wp\/v2\/pages\/112570\/revisions"}],"predecessor-version":[{"id":112581,"href":"https:\/\/industriasoriol.com\/pt-pt\/wp-json\/wp\/v2\/pages\/112570\/revisions\/112581"}],"wp:attachment":[{"href":"https:\/\/industriasoriol.com\/pt-pt\/wp-json\/wp\/v2\/media?parent=112570"}],"curies":[{"name":"wp","href":"https:\/\/api.w.org\/{rel}","templated":true}]}}