{"id":109760,"date":"2025-08-14T13:56:14","date_gmt":"2025-08-14T13:56:14","guid":{"rendered":"https:\/\/industriasoriol.com\/product\/acrylic-gel-clear-60grms\/"},"modified":"2026-04-09T03:02:45","modified_gmt":"2026-04-09T01:02:45","slug":"acrylic-gel-clear-60grms","status":"publish","type":"product","link":"https:\/\/industriasoriol.com\/pt-pt\/producto\/acrylic-gel-clear-60grms\/","title":{"rendered":"ACRYLIC-GEL CLEAR 60GRMS."},"content":{"rendered":"<p>Acrylic Gel es la combinaci\u00f3n perfecta entre la t\u00e9cnica de acr\u00edlico y la de gel y es muy f\u00e1cil de aplicar:<\/p>\n<ul>\n<li>Lo mejor del acr\u00edlico: fuerza, duraci\u00f3n y m\u00e1xima dureza con esculpido m\u00e1s fino<\/li>\n<li>Lo mejor del gel: flexibilidad, sin olor, sin mon\u00f3meros, limpio y f\u00e1cil de rellenar. Disponible en 5 colores<\/li>\n<\/ul>\n<p><iframe loading=\"lazy\" title=\"Tutorial paso a paso: Acrylic Gel P-Lack de Polli\u00e9\" width=\"500\" height=\"281\" src=\"https:\/\/www.youtube.com\/embed\/S1o0_EmLBJY?feature=oembed\" frameborder=\"0\" allow=\"accelerometer; autoplay; clipboard-write; encrypted-media; gyroscope; picture-in-picture; web-share\" referrerpolicy=\"strict-origin-when-cross-origin\" allowfullscreen><\/iframe><\/p>\n","protected":false},"featured_media":0,"template":"","meta":{"_eb_attr":""},"product_brand":[626],"product_category":[574],"class_list":["post-109760","product","type-product","status-publish","hentry","product_brand-pollie","product_category-acrylic-gel"],"_links":{"self":[{"href":"https:\/\/industriasoriol.com\/pt-pt\/wp-json\/wp\/v2\/product\/109760","targetHints":{"allow":["GET"]}}],"collection":[{"href":"https:\/\/industriasoriol.com\/pt-pt\/wp-json\/wp\/v2\/product"}],"about":[{"href":"https:\/\/industriasoriol.com\/pt-pt\/wp-json\/wp\/v2\/types\/product"}],"wp:attachment":[{"href":"https:\/\/industriasoriol.com\/pt-pt\/wp-json\/wp\/v2\/media?parent=109760"}],"wp:term":[{"taxonomy":"product_brand","embeddable":true,"href":"https:\/\/industriasoriol.com\/pt-pt\/wp-json\/wp\/v2\/product_brand?post=109760"},{"taxonomy":"product_category","embeddable":true,"href":"https:\/\/industriasoriol.com\/pt-pt\/wp-json\/wp\/v2\/product_category?post=109760"}],"curies":[{"name":"wp","href":"https:\/\/api.w.org\/{rel}","templated":true}]}}