{"id":119808,"date":"2025-10-15T10:50:13","date_gmt":"2025-10-15T08:50:13","guid":{"rendered":"https:\/\/industriasoriol.com\/producto\/long-lasting-fluid-make-up-tono-03\/"},"modified":"2026-04-09T03:18:09","modified_gmt":"2026-04-09T01:18:09","slug":"long-lasting-fluid-make-up-tono-03","status":"publish","type":"product","link":"https:\/\/industriasoriol.com\/pt-pt\/producto\/long-lasting-fluid-make-up-tono-03\/","title":{"rendered":"LONG LASTING FLUID MAKE-UP TONO 03"},"content":{"rendered":"<p data-start=\"52\" data-end=\"339\">Maquillaje fluido de tacto suave y sedoso. Cubre los signos de la edad, la fatiga, imperfecciones, piel cansada, ojeras y brillos. Resiste horas sobre la piel y en contacto con el agua. Mejora el aspecto de la piel ayudando a mantenerla hidratada. Aplicar sobre la piel con brocha.<\/p>\n<p data-start=\"341\" data-end=\"362\"><strong data-start=\"341\" data-end=\"360\">CARACTER\u00cdSTICAS<\/strong><\/p>\n<ul data-start=\"363\" data-end=\"562\">\n<li data-start=\"363\" data-end=\"381\">\n<p data-start=\"365\" data-end=\"381\">Alta cobertura<\/p>\n<\/li>\n<li data-start=\"382\" data-end=\"398\">\n<p data-start=\"384\" data-end=\"398\">Acabado mate<\/p>\n<\/li>\n<li data-start=\"399\" data-end=\"417\">\n<p data-start=\"401\" data-end=\"417\">F\u00f3rmula vegana<\/p>\n<\/li>\n<li data-start=\"418\" data-end=\"450\">\n<p data-start=\"420\" data-end=\"450\">Contiene pigmentos minerales<\/p>\n<\/li>\n<li data-start=\"451\" data-end=\"543\">\n<p data-start=\"453\" data-end=\"543\">Activos: \u00e1cido hialur\u00f3nico, manteca de karit\u00e9, aceite de arg\u00e1n y aceite de rosa mosqueta<\/p>\n<\/li>\n<li data-start=\"544\" data-end=\"562\">\n<p data-start=\"546\" data-end=\"562\">Formato: 30 ml<\/p>\n<\/li>\n<\/ul>\n","protected":false},"featured_media":0,"template":"","meta":{"_eb_attr":""},"product_brand":[641],"product_category":[606],"class_list":["post-119808","product","type-product","status-publish","hentry","product_brand-stageline","product_category-rostro"],"_links":{"self":[{"href":"https:\/\/industriasoriol.com\/pt-pt\/wp-json\/wp\/v2\/product\/119808","targetHints":{"allow":["GET"]}}],"collection":[{"href":"https:\/\/industriasoriol.com\/pt-pt\/wp-json\/wp\/v2\/product"}],"about":[{"href":"https:\/\/industriasoriol.com\/pt-pt\/wp-json\/wp\/v2\/types\/product"}],"wp:attachment":[{"href":"https:\/\/industriasoriol.com\/pt-pt\/wp-json\/wp\/v2\/media?parent=119808"}],"wp:term":[{"taxonomy":"product_brand","embeddable":true,"href":"https:\/\/industriasoriol.com\/pt-pt\/wp-json\/wp\/v2\/product_brand?post=119808"},{"taxonomy":"product_category","embeddable":true,"href":"https:\/\/industriasoriol.com\/pt-pt\/wp-json\/wp\/v2\/product_category?post=119808"}],"curies":[{"name":"wp","href":"https:\/\/api.w.org\/{rel}","templated":true}]}}