{"id":635254,"date":"2026-04-09T02:02:46","date_gmt":"2026-04-09T00:02:46","guid":{"rendered":"https:\/\/industriasoriol.com\/?p=635254"},"modified":"2026-04-09T02:02:46","modified_gmt":"2026-04-09T00:02:46","slug":"secador-de-cabelo-vision%c2%b7air","status":"publish","type":"product","link":"https:\/\/industriasoriol.com\/pt-pt\/producto\/secador-de-cabelo-vision%c2%b7air\/","title":{"rendered":"SECADOR DE CABELO VISION\u00b7AIR"},"content":{"rendered":"<p>Este secador combina um peso leve com um design ergon\u00f3mico que garante uma experi\u00eancia de utiliza\u00e7\u00e3o confort\u00e1vel e eficiente. Inclui um bocal e um difusor, o que permite personalizar as t\u00e9cnicas de pentear de acordo com as necessidades de cada cliente.<\/p>\n<p>Pot\u00eancia: 1500 W<\/p>\n<p>Motor: BLDC<\/p>\n<p>Caracter\u00edsticas: Ecr\u00e3 circular. Gerador de i\u00f5es.<\/p>\n","protected":false},"featured_media":0,"template":"","meta":{"_eb_attr":""},"product_brand":[1581],"product_category":[332],"class_list":["post-635254","product","type-product","status-publish","hentry","product_brand-1581","product_category-secadores"],"_links":{"self":[{"href":"https:\/\/industriasoriol.com\/pt-pt\/wp-json\/wp\/v2\/product\/635254","targetHints":{"allow":["GET"]}}],"collection":[{"href":"https:\/\/industriasoriol.com\/pt-pt\/wp-json\/wp\/v2\/product"}],"about":[{"href":"https:\/\/industriasoriol.com\/pt-pt\/wp-json\/wp\/v2\/types\/product"}],"wp:attachment":[{"href":"https:\/\/industriasoriol.com\/pt-pt\/wp-json\/wp\/v2\/media?parent=635254"}],"wp:term":[{"taxonomy":"product_brand","embeddable":true,"href":"https:\/\/industriasoriol.com\/pt-pt\/wp-json\/wp\/v2\/product_brand?post=635254"},{"taxonomy":"product_category","embeddable":true,"href":"https:\/\/industriasoriol.com\/pt-pt\/wp-json\/wp\/v2\/product_category?post=635254"}],"curies":[{"name":"wp","href":"https:\/\/api.w.org\/{rel}","templated":true}]}}