{"id":635839,"date":"2026-04-09T02:08:56","date_gmt":"2026-04-09T00:08:56","guid":{"rendered":"https:\/\/industriasoriol.com\/?p=635839"},"modified":"2026-04-09T02:08:56","modified_gmt":"2026-04-09T00:08:56","slug":"bolsa-50-capas-utilizacao-unica-preto","status":"publish","type":"product","link":"https:\/\/industriasoriol.com\/pt-pt\/producto\/bolsa-50-capas-utilizacao-unica-preto\/","title":{"rendered":"BOLSA 50 CAPAS UTILIZA\u00c7\u00c3O \u00daNICA PRETO"},"content":{"rendered":"","protected":false},"featured_media":0,"template":"","meta":{"_eb_attr":""},"product_brand":[1581],"product_category":[407],"class_list":["post-635839","product","type-product","status-publish","hentry","product_brand-1581","product_category-capas"],"_links":{"self":[{"href":"https:\/\/industriasoriol.com\/pt-pt\/wp-json\/wp\/v2\/product\/635839","targetHints":{"allow":["GET"]}}],"collection":[{"href":"https:\/\/industriasoriol.com\/pt-pt\/wp-json\/wp\/v2\/product"}],"about":[{"href":"https:\/\/industriasoriol.com\/pt-pt\/wp-json\/wp\/v2\/types\/product"}],"wp:attachment":[{"href":"https:\/\/industriasoriol.com\/pt-pt\/wp-json\/wp\/v2\/media?parent=635839"}],"wp:term":[{"taxonomy":"product_brand","embeddable":true,"href":"https:\/\/industriasoriol.com\/pt-pt\/wp-json\/wp\/v2\/product_brand?post=635839"},{"taxonomy":"product_category","embeddable":true,"href":"https:\/\/industriasoriol.com\/pt-pt\/wp-json\/wp\/v2\/product_category?post=635839"}],"curies":[{"name":"wp","href":"https:\/\/api.w.org\/{rel}","templated":true}]}}