{"id":636399,"date":"2026-04-09T02:14:27","date_gmt":"2026-04-09T00:14:27","guid":{"rendered":"https:\/\/industriasoriol.com\/?p=636399"},"modified":"2026-04-09T02:14:27","modified_gmt":"2026-04-09T00:14:27","slug":"lata-cera","status":"publish","type":"product","link":"https:\/\/industriasoriol.com\/pt-pt\/producto\/lata-cera\/","title":{"rendered":"LATA CERA"},"content":{"rendered":"<p data-start=\"1857\" data-end=\"2337\">Cera profissional desenvolvida com <strong data-start=\"1922\" data-end=\"1956\">ingredientes e ativos naturais<\/strong> que garantem uma depila\u00e7\u00e3o eficaz, suave e respeitosa com a pele. A sua <strong data-start=\"2029\" data-end=\"2061\">textura equilibrada e fluida<\/strong> proporciona excelente ader\u00eancia ao pelo e f\u00e1cil aplica\u00e7\u00e3o, reduzindo a irrita\u00e7\u00e3o cut\u00e2nea.<br data-start=\"2151\" data-end=\"2154\">Adequada para <strong data-start=\"2168\" data-end=\"2194\">todos os tipos de pele<\/strong>, incluindo as mais sens\u00edveis. Ideal para <strong data-start=\"2236\" data-end=\"2282\">centros de est\u00e9tica e sal\u00f5es profissionais<\/strong> que procuram um produto fi\u00e1vel e de alto desempenho.<\/p>\n<p data-start=\"2339\" data-end=\"2658\"><strong data-start=\"2339\" data-end=\"2353\">Aplica\u00e7\u00e3o:<\/strong><br data-start=\"2353\" data-end=\"2356\">Derreter a cera colocando a lata diretamente numa fonte de calor. Quando estiver l\u00edquida, deixar arrefecer at\u00e9 atingir a temperatura ideal (aprox. 37\u201339 \u00b0C). Aplicar com esp\u00e1tula no sentido do crescimento do pelo, colocar uma tira de papel, pressionar e remover com um pux\u00e3o firme no sentido contr\u00e1rio.<\/p>\n","protected":false},"featured_media":0,"template":"","meta":{"_eb_attr":""},"product_brand":[1585],"product_category":[551],"class_list":["post-636399","product","type-product","status-publish","hentry","product_brand-1585","product_category-cera-formato-lata"],"_links":{"self":[{"href":"https:\/\/industriasoriol.com\/pt-pt\/wp-json\/wp\/v2\/product\/636399","targetHints":{"allow":["GET"]}}],"collection":[{"href":"https:\/\/industriasoriol.com\/pt-pt\/wp-json\/wp\/v2\/product"}],"about":[{"href":"https:\/\/industriasoriol.com\/pt-pt\/wp-json\/wp\/v2\/types\/product"}],"wp:attachment":[{"href":"https:\/\/industriasoriol.com\/pt-pt\/wp-json\/wp\/v2\/media?parent=636399"}],"wp:term":[{"taxonomy":"product_brand","embeddable":true,"href":"https:\/\/industriasoriol.com\/pt-pt\/wp-json\/wp\/v2\/product_brand?post=636399"},{"taxonomy":"product_category","embeddable":true,"href":"https:\/\/industriasoriol.com\/pt-pt\/wp-json\/wp\/v2\/product_category?post=636399"}],"curies":[{"name":"wp","href":"https:\/\/api.w.org\/{rel}","templated":true}]}}