{"id":636511,"date":"2026-04-09T02:15:31","date_gmt":"2026-04-09T00:15:31","guid":{"rendered":"https:\/\/industriasoriol.com\/?p=636511"},"modified":"2026-04-09T02:15:31","modified_gmt":"2026-04-09T00:15:31","slug":"escova-para-definir-caracois","status":"publish","type":"product","link":"https:\/\/industriasoriol.com\/pt-pt\/producto\/escova-para-definir-caracois\/","title":{"rendered":"ESCOVA PARA DEFINIR CARAC\u00d3IS"},"content":{"rendered":"<p data-start=\"1519\" data-end=\"1770\">Defina os carac\u00f3is com facilidade gra\u00e7as ao seu design ergon\u00f3mico e estrutura ventilada que acelera a secagem e reduz o frizz. Ideal para cabelos encaracolados ou ondulados, real\u00e7a a forma natural do cabelo e melhora o fluxo de ar ao usar o secador.<\/p>\n<p data-start=\"1772\" data-end=\"1926\">As suas cerdas de nylon flex\u00edvel com pontas arredondadas desembara\u00e7am suavemente, cuidam do couro cabeludo e proporcionam conforto durante o penteado.<\/p>\n<p data-start=\"1928\" data-end=\"1948\"><strong data-start=\"1928\" data-end=\"1948\">Caracter\u00edsticas:<\/strong><\/p>\n<ul data-start=\"1949\" data-end=\"2154\">\n<li data-start=\"1949\" data-end=\"2005\">\n<p data-start=\"1951\" data-end=\"2005\">Cerdas de nylon flex\u00edvel com pontas arredondadas<\/p>\n<\/li>\n<li data-start=\"2006\" data-end=\"2033\">\n<p data-start=\"2008\" data-end=\"2033\">Cuida do couro cabeludo<\/p>\n<\/li>\n<li data-start=\"2034\" data-end=\"2074\">\n<p data-start=\"2036\" data-end=\"2074\">Adequado para cabelo seco ou molhado<\/p>\n<\/li>\n<li data-start=\"2075\" data-end=\"2104\">\n<p data-start=\"2077\" data-end=\"2104\">Desembara\u00e7a com suavidade<\/p>\n<\/li>\n<li data-start=\"2105\" data-end=\"2154\">\n<p data-start=\"2107\" data-end=\"2154\">Ideal para definir carac\u00f3is e reduzir o frizz<\/p>\n<\/li>\n<\/ul>\n","protected":false},"featured_media":0,"template":"","meta":{"_eb_attr":""},"product_brand":[1581],"product_category":[1655],"class_list":["post-636511","product","type-product","status-publish","hentry","product_brand-1581","product_category-cepillos-rizadores"],"_links":{"self":[{"href":"https:\/\/industriasoriol.com\/pt-pt\/wp-json\/wp\/v2\/product\/636511","targetHints":{"allow":["GET"]}}],"collection":[{"href":"https:\/\/industriasoriol.com\/pt-pt\/wp-json\/wp\/v2\/product"}],"about":[{"href":"https:\/\/industriasoriol.com\/pt-pt\/wp-json\/wp\/v2\/types\/product"}],"wp:attachment":[{"href":"https:\/\/industriasoriol.com\/pt-pt\/wp-json\/wp\/v2\/media?parent=636511"}],"wp:term":[{"taxonomy":"product_brand","embeddable":true,"href":"https:\/\/industriasoriol.com\/pt-pt\/wp-json\/wp\/v2\/product_brand?post=636511"},{"taxonomy":"product_category","embeddable":true,"href":"https:\/\/industriasoriol.com\/pt-pt\/wp-json\/wp\/v2\/product_category?post=636511"}],"curies":[{"name":"wp","href":"https:\/\/api.w.org\/{rel}","templated":true}]}}