{"id":636623,"date":"2026-04-09T02:16:32","date_gmt":"2026-04-09T00:16:32","guid":{"rendered":"https:\/\/industriasoriol.com\/?p=636623"},"modified":"2026-04-09T02:16:32","modified_gmt":"2026-04-09T00:16:32","slug":"protetor-termico","status":"publish","type":"product","link":"https:\/\/industriasoriol.com\/pt-pt\/producto\/protetor-termico\/","title":{"rendered":"PROTETOR T\u00c9RMICO"},"content":{"rendered":"<p data-start=\"1179\" data-end=\"1395\"><strong data-start=\"1179\" data-end=\"1208\">Protege e cuida do cabelo<\/strong> contra o calor dos secadores, pranchas e modeladores. A sua f\u00f3rmula condicionadora evita o frizz, deixando o cabelo mais macio, male\u00e1vel e brilhante, reduzindo a eletricidade est\u00e1tica.<\/p>\n<p data-start=\"1397\" data-end=\"1588\"><strong data-start=\"1397\" data-end=\"1411\">Aplica\u00e7\u00e3o:<\/strong><br data-start=\"1411\" data-end=\"1414\">Agitar antes de usar. Aplicar no cabelo, concentrando-se nas zonas mais frisadas antes de utilizar aparelhos de calor. Pode ser aplicado no cabelo h\u00famido. Uso profissional.<\/p>\n<p data-start=\"1590\" data-end=\"1611\"><strong data-start=\"1590\" data-end=\"1602\">Formato:<\/strong> 250 ml<\/p>\n","protected":false},"featured_media":0,"template":"","meta":{"_eb_attr":""},"product_brand":[1596],"product_category":[1676],"class_list":["post-636623","product","type-product","status-publish","hentry","product_brand-1596","product_category-aceites-y-serums"],"_links":{"self":[{"href":"https:\/\/industriasoriol.com\/pt-pt\/wp-json\/wp\/v2\/product\/636623","targetHints":{"allow":["GET"]}}],"collection":[{"href":"https:\/\/industriasoriol.com\/pt-pt\/wp-json\/wp\/v2\/product"}],"about":[{"href":"https:\/\/industriasoriol.com\/pt-pt\/wp-json\/wp\/v2\/types\/product"}],"wp:attachment":[{"href":"https:\/\/industriasoriol.com\/pt-pt\/wp-json\/wp\/v2\/media?parent=636623"}],"wp:term":[{"taxonomy":"product_brand","embeddable":true,"href":"https:\/\/industriasoriol.com\/pt-pt\/wp-json\/wp\/v2\/product_brand?post=636623"},{"taxonomy":"product_category","embeddable":true,"href":"https:\/\/industriasoriol.com\/pt-pt\/wp-json\/wp\/v2\/product_category?post=636623"}],"curies":[{"name":"wp","href":"https:\/\/api.w.org\/{rel}","templated":true}]}}