{"id":636714,"date":"2026-04-09T02:17:21","date_gmt":"2026-04-09T00:17:21","guid":{"rendered":"https:\/\/industriasoriol.com\/?p=636714"},"modified":"2026-04-09T02:17:21","modified_gmt":"2026-04-09T00:17:21","slug":"bolsa-30-capas-utilizacao-unica-preto-118x90cm","status":"publish","type":"product","link":"https:\/\/industriasoriol.com\/pt-pt\/producto\/bolsa-30-capas-utilizacao-unica-preto-118x90cm\/","title":{"rendered":"BOLSA 30 CAPAS UTILIZA\u00c7\u00c3O \u00daNICA PRETO 118X90CM"},"content":{"rendered":"","protected":false},"featured_media":0,"template":"","meta":{"_eb_attr":""},"product_brand":[1581],"product_category":[407],"class_list":["post-636714","product","type-product","status-publish","hentry","product_brand-1581","product_category-capas"],"_links":{"self":[{"href":"https:\/\/industriasoriol.com\/pt-pt\/wp-json\/wp\/v2\/product\/636714","targetHints":{"allow":["GET"]}}],"collection":[{"href":"https:\/\/industriasoriol.com\/pt-pt\/wp-json\/wp\/v2\/product"}],"about":[{"href":"https:\/\/industriasoriol.com\/pt-pt\/wp-json\/wp\/v2\/types\/product"}],"wp:attachment":[{"href":"https:\/\/industriasoriol.com\/pt-pt\/wp-json\/wp\/v2\/media?parent=636714"}],"wp:term":[{"taxonomy":"product_brand","embeddable":true,"href":"https:\/\/industriasoriol.com\/pt-pt\/wp-json\/wp\/v2\/product_brand?post=636714"},{"taxonomy":"product_category","embeddable":true,"href":"https:\/\/industriasoriol.com\/pt-pt\/wp-json\/wp\/v2\/product_category?post=636714"}],"curies":[{"name":"wp","href":"https:\/\/api.w.org\/{rel}","templated":true}]}}