{"id":637548,"date":"2026-04-09T02:25:10","date_gmt":"2026-04-09T00:25:10","guid":{"rendered":"https:\/\/industriasoriol.com\/?p=637548"},"modified":"2026-04-09T02:25:10","modified_gmt":"2026-04-09T00:25:10","slug":"set-de-3-pentes-para-mechas","status":"publish","type":"product","link":"https:\/\/industriasoriol.com\/pt-pt\/producto\/set-de-3-pentes-para-mechas\/","title":{"rendered":"SET DE 3 PENTES PARA MECHAS"},"content":{"rendered":"<p>Estes tr\u00eas pentes EUROSTIL, concebidos para os profissionais, poupam tempo e esfor\u00e7o ao seccionar o cabelo numa \u00fanica passagem r\u00e1pida, separando-o instantaneamente entre os dentes superiores e inferiores. Cada pente tem dentes de tamanho diferente para proporcionar acabamentos diferentes; O pente verde \u00e9 indicado para babylights, o azul para highlights e o rosa para chunky lights.<\/p>\n<p>Comprimento dente met\u00e1lico: 10 cm<\/p>\n<p><\/p>\n","protected":false},"featured_media":0,"template":"","meta":{"_eb_attr":""},"product_brand":[1581],"product_category":[1638],"class_list":["post-637548","product","type-product","status-publish","hentry","product_brand-1581","product_category-peines-de-mechas"],"_links":{"self":[{"href":"https:\/\/industriasoriol.com\/pt-pt\/wp-json\/wp\/v2\/product\/637548","targetHints":{"allow":["GET"]}}],"collection":[{"href":"https:\/\/industriasoriol.com\/pt-pt\/wp-json\/wp\/v2\/product"}],"about":[{"href":"https:\/\/industriasoriol.com\/pt-pt\/wp-json\/wp\/v2\/types\/product"}],"wp:attachment":[{"href":"https:\/\/industriasoriol.com\/pt-pt\/wp-json\/wp\/v2\/media?parent=637548"}],"wp:term":[{"taxonomy":"product_brand","embeddable":true,"href":"https:\/\/industriasoriol.com\/pt-pt\/wp-json\/wp\/v2\/product_brand?post=637548"},{"taxonomy":"product_category","embeddable":true,"href":"https:\/\/industriasoriol.com\/pt-pt\/wp-json\/wp\/v2\/product_category?post=637548"}],"curies":[{"name":"wp","href":"https:\/\/api.w.org\/{rel}","templated":true}]}}